{"id":10915,"date":"2025-05-05T14:59:40","date_gmt":"2025-05-05T12:59:40","guid":{"rendered":"https:\/\/www.chatel.com\/kesako\/"},"modified":"2026-04-23T14:38:57","modified_gmt":"2026-04-23T12:38:57","slug":"what-is-the-multi-pass","status":"publish","type":"page","link":"https:\/\/www.chatel.com\/en\/the-multi-pass\/what-is-the-multi-pass\/","title":{"rendered":"What&#8217;s the Multi Pass"},"content":{"rendered":"<div class=\"GutText  GutContainer\">\n        <div class=\"GutText-inner\">\n                                                    <div class=\"GutText-wysiwyg Content\">\n                    <p>The Multi Pass is a card that gives you<strong> access to 70 activities during your stay in Ch\u00e2tel and the Portes du Soleil.<\/strong><br \/>\nIt also entitles you to <strong>numerous discounts, with a minimum of 10% off other activities.<\/strong><\/p>\n<p>&nbsp;<\/p>\n<p><strong>The Multi Pass is valid from 22nd of May to 13th of September 2026<\/strong>, depending on the opening dates, times, availability and conditions of the participating service providers.<\/p>\n\n                <\/div>\n                    <\/div>\n    <\/div>\n\n\n<div class=\"GutVideo \">\n        <div class=\" GutContainer \">\n            \n            <div class=\"GutVideo-inner __video_parent\">\n                                    <picture class=\"GutVideo-pic __video_open\">\n                        <source srcset=\"https:\/\/www.chatel.com\/content\/uploads\/2025\/05\/Preview-video-MP-1920x1080-1-768x433.jpg\" media=\"(max-width: 768px)\">\n                        <source srcset=\"https:\/\/www.chatel.com\/content\/uploads\/2025\/05\/Preview-video-MP-1920x1080-1-992x559.jpg\" media=\"(max-width: 992px)\">\n                        <source srcset=\"https:\/\/www.chatel.com\/content\/uploads\/2025\/05\/Preview-video-MP-1920x1080-1-1196x673.jpg\" media=\"(min-width: 993px)\">\n                        <img decoding=\"async\" class=\"GutVideo-img\" src=\"https:\/\/www.chatel.com\/content\/uploads\/2025\/05\/Preview-video-MP-1920x1080-1-1196x673.jpg\" alt=\"Preview-vid\u00e9o-MP-1920x1080\" \/>\n                    <\/picture>\n                                                    <div class=\"GutVideo-out __video_out\">\n                        <iframe class='Video' width='1920' height='1080' src='https:\/\/youtube.com\/embed\/2e6HRyHYKgA?&#038;rel=0' frameborder='0' controls='0' allow='accelerometer; encrypted-media; gyroscope; picture-in-picture' allowfullscreen><\/iframe>\n                    <\/div>\n                            <\/div>\n\n                    <\/div>\n    <\/div>\n\n\n<div class=\"GutText BgColor GutContainer\">\n        <div class=\"GutText-inner\">\n            <div class=\"GutTitle Center\">\n                            <h2 class=\"GutTitle-title\">What activities are covered?<\/h2>\n                    <\/div>\n                                        <div class=\"GutText-wysiwyg Content\">\n                    <p>With the Multi Pass, you have access to most of the Portes du Soleil ski lifts (you will receive discounts for the others) as a pedestrian, as well as swimming pools and lakes, tennis courts, tourist trains, mini golf, cultural sites, and more.<\/p>\n<p>Activities with unlimited access are indicated by the blue &#8220;Activit\u00e9 incluse&#8221; logo, while those offering a discount are indicated by the pink &#8220;Activit\u00e9 \u00e0 r\u00e9duction&#8221; logo.<\/p>\n<p style=\"text-align: center;\"><img loading=\"lazy\" decoding=\"async\" class=\"alignnone wp-image-6474\" src=\"https:\/\/www.chatel.com\/content\/uploads\/2025\/05\/Logo_Multi_Pass_Activites_incluses-300x300.png\" alt=\"\" width=\"100\" height=\"100\" srcset=\"https:\/\/www.chatel.com\/content\/uploads\/2025\/05\/Logo_Multi_Pass_Activites_incluses-300x300.png 300w, https:\/\/www.chatel.com\/content\/uploads\/2025\/05\/Logo_Multi_Pass_Activites_incluses-1024x1024.png 1024w, https:\/\/www.chatel.com\/content\/uploads\/2025\/05\/Logo_Multi_Pass_Activites_incluses-150x150.png 150w, https:\/\/www.chatel.com\/content\/uploads\/2025\/05\/Logo_Multi_Pass_Activites_incluses-768x768.png 768w, https:\/\/www.chatel.com\/content\/uploads\/2025\/05\/Logo_Multi_Pass_Activites_incluses-230x230.png 230w, https:\/\/www.chatel.com\/content\/uploads\/2025\/05\/Logo_Multi_Pass_Activites_incluses-588x588.png 588w, https:\/\/www.chatel.com\/content\/uploads\/2025\/05\/Logo_Multi_Pass_Activites_incluses-436x436.png 436w, https:\/\/www.chatel.com\/content\/uploads\/2025\/05\/Logo_Multi_Pass_Activites_incluses-322x322.png 322w, https:\/\/www.chatel.com\/content\/uploads\/2025\/05\/Logo_Multi_Pass_Activites_incluses-250x250.png 250w, https:\/\/www.chatel.com\/content\/uploads\/2025\/05\/Logo_Multi_Pass_Activites_incluses.png 1182w\" sizes=\"auto, (max-width: 100px) 100vw, 100px\" \/> \u00a0\u00a0\u00a0\u00a0\u00a0\u00a0\u00a0\u00a0\u00a0\u00a0\u00a0\u00a0\u00a0\u00a0\u00a0\u00a0\u00a0\u00a0\u00a0\u00a0\u00a0\u00a0\u00a0\u00a0\u00a0\u00a0\u00a0\u00a0\u00a0\u00a0\u00a0\u00a0 \u00a0 \u00a0 \u00a0 \u00a0 \u00a0 \u00a0 \u00a0 \u00a0 \u00a0 \u00a0 \u00a0 \u00a0 \u00a0 \u00a0 \u00a0 \u00a0 \u00a0\u00a0\u00a0\u00a0\u00a0\u00a0\u00a0\u00a0\u00a0\u00a0\u00a0\u00a0\u00a0\u00a0\u00a0\u00a0\u00a0\u00a0\u00a0\u00a0\u00a0\u00a0\u00a0\u00a0\u00a0\u00a0\u00a0\u00a0\u00a0 <img loading=\"lazy\" decoding=\"async\" class=\"alignnone wp-image-6477\" src=\"https:\/\/www.chatel.com\/content\/uploads\/2025\/05\/Logo_Multi_Pass_Activites_Reduction-300x300.png\" alt=\"\" width=\"100\" height=\"100\" srcset=\"https:\/\/www.chatel.com\/content\/uploads\/2025\/05\/Logo_Multi_Pass_Activites_Reduction-300x300.png 300w, https:\/\/www.chatel.com\/content\/uploads\/2025\/05\/Logo_Multi_Pass_Activites_Reduction-1024x1024.png 1024w, https:\/\/www.chatel.com\/content\/uploads\/2025\/05\/Logo_Multi_Pass_Activites_Reduction-150x150.png 150w, https:\/\/www.chatel.com\/content\/uploads\/2025\/05\/Logo_Multi_Pass_Activites_Reduction-768x768.png 768w, https:\/\/www.chatel.com\/content\/uploads\/2025\/05\/Logo_Multi_Pass_Activites_Reduction-230x230.png 230w, https:\/\/www.chatel.com\/content\/uploads\/2025\/05\/Logo_Multi_Pass_Activites_Reduction-588x588.png 588w, https:\/\/www.chatel.com\/content\/uploads\/2025\/05\/Logo_Multi_Pass_Activites_Reduction-436x436.png 436w, https:\/\/www.chatel.com\/content\/uploads\/2025\/05\/Logo_Multi_Pass_Activites_Reduction-322x322.png 322w, https:\/\/www.chatel.com\/content\/uploads\/2025\/05\/Logo_Multi_Pass_Activites_Reduction-250x250.png 250w, https:\/\/www.chatel.com\/content\/uploads\/2025\/05\/Logo_Multi_Pass_Activites_Reduction.png 1182w\" sizes=\"auto, (max-width: 100px) 100vw, 100px\" \/><\/p>\n<p>&nbsp;<\/p>\n<p style=\"text-align: center;\">\u00a0\u00a0 <a class=\"Button-primary\" href=\"https:\/\/www.chatel.com\/en\/what-is-the-multi-pass\/activities-included-in-the-multi-pass-in-chatel\/\" target=\"_blank\" rel=\"noopener\">Activities included in Ch\u00e2tel<\/a>\u00a0 \u00a0 \u00a0 \u00a0 \u00a0 \u00a0 \u00a0 \u00a0 \u00a0 \u00a0 \u00a0 \u00a0 \u00a0 \u00a0 \u00a0 \u00a0 \u00a0 \u00a0 \u00a0 \u00a0 \u00a0 \u00a0 \u00a0 \u00a0 \u00a0 \u00a0 \u00a0 \u00a0 \u00a0 \u00a0 \u00a0<a class=\"Button-secondary\" href=\"https:\/\/www.chatel.com\/en\/what-is-the-multi-pass\/activities-with-discount-in-chatel\/\" target=\"_blank\" rel=\"noopener\">Activities with discount in Ch\u00e2tel<\/a><\/p>\n<p>&nbsp;<\/p>\n\n                <\/div>\n                    <\/div>\n    <\/div>\n\n\n<div class=\"GutDownload  GutContainer\">\n\n        <div class=\"GutDownload-inner\">\n            <div class=\"GutTitle Center\">\n                                    <span class=\"GutTitle-subtitle\">Download the Multi Pass activities guide for summer 2025<\/span>\n            <\/div>\n                            <div class=\"GutDownload-list\">\n                                            <div class=\"GutDownload-item\">\n                            <div class=\"GutDownload-item--illustration\">\n                                                                    <picture class=\"GutDownload-item--pic\">\n                                        <img decoding=\"async\" class=\"GutDownload-item--img\" src=\"https:\/\/www.chatel.com\/content\/uploads\/2025\/05\/Guide-Multi-Pass-ete-2025-GB.jpg\" alt=\"Guide Multi Pass \u00e9t\u00e9 2025 GB\">\n                                    <\/picture>\n                                                            <\/div>\n\n                            <div class=\"GutDownload-item--content\">\n                                <div class=\"GutDownload-item--text\">\n                                                                            <div class=\"GutDownload-item--surtitle\">Multi Pass<\/div>\n                                                                                                                <div class=\"GutDownload-item--title\">2025 Multi Pass guide<\/div>\n                                                                    <\/div>\n                                <a class=\"Link GutDownload-item--link\" href=\"https:\/\/www.chatel.com\/content\/uploads\/2025\/05\/Multi-Pass-activities-guide-summer-2025.pdf\" download>Download<\/a>\n                            <\/div>\n                        <\/div>\n                                    <\/div>\n                                <\/div>\n    <\/div>\n\n\n<div class=\"GutCol2  GutContainer\">\n        <div class=\"GutCol2-container\">\n\n            <div class=\"GutTitle Center\">\n                            <h2 class=\"GutTitle-title\">How much does it cost?<\/h2>\n                    <\/div>\n\n                                                                                                        <div class=\"GutCol2-wrap GutCol2-blocTexte Left\">\n                                <div class=\"GutCol2-blocTexte--inner\">\n                                                                                                                <div class=\"GutCol2-intro\">If you are staying with a Multi Pass partner accommodation provider, there are two options:<\/div>\n                                                                                                                <div class=\"GutCol2-text Content\">\n                                            <p><strong>\u2192 Or the Multi Pass is offered to you by your accommodation provider.<\/strong><\/p>\n<p>It will be given to you on your arrival in the accommodation (it must be returned at the end of your stay). The accommodation providers concerned are indicated by the green &#8220;H\u00e9bergeur Multi Pass offert&#8221; logo.<\/p>\n<p><img loading=\"lazy\" decoding=\"async\" class=\"aligncenter wp-image-6484\" src=\"https:\/\/www.chatel.com\/content\/uploads\/2025\/05\/Logo_Multi_Pass_Hebergeur_Gratuit-300x300.png\" alt=\"\" width=\"80\" height=\"80\" srcset=\"https:\/\/www.chatel.com\/content\/uploads\/2025\/05\/Logo_Multi_Pass_Hebergeur_Gratuit-300x300.png 300w, https:\/\/www.chatel.com\/content\/uploads\/2025\/05\/Logo_Multi_Pass_Hebergeur_Gratuit-1024x1024.png 1024w, https:\/\/www.chatel.com\/content\/uploads\/2025\/05\/Logo_Multi_Pass_Hebergeur_Gratuit-150x150.png 150w, https:\/\/www.chatel.com\/content\/uploads\/2025\/05\/Logo_Multi_Pass_Hebergeur_Gratuit-768x768.png 768w, https:\/\/www.chatel.com\/content\/uploads\/2025\/05\/Logo_Multi_Pass_Hebergeur_Gratuit-230x230.png 230w, https:\/\/www.chatel.com\/content\/uploads\/2025\/05\/Logo_Multi_Pass_Hebergeur_Gratuit-588x588.png 588w, https:\/\/www.chatel.com\/content\/uploads\/2025\/05\/Logo_Multi_Pass_Hebergeur_Gratuit-436x436.png 436w, https:\/\/www.chatel.com\/content\/uploads\/2025\/05\/Logo_Multi_Pass_Hebergeur_Gratuit-322x322.png 322w, https:\/\/www.chatel.com\/content\/uploads\/2025\/05\/Logo_Multi_Pass_Hebergeur_Gratuit-250x250.png 250w, https:\/\/www.chatel.com\/content\/uploads\/2025\/05\/Logo_Multi_Pass_Hebergeur_Gratuit.png 1182w\" sizes=\"auto, (max-width: 80px) 100vw, 80px\" \/><\/p>\n<p><strong>\u2192 Or you receive an e-mail via the multipass.portesdusoleil.com platform after booking your stay.<br \/>\n<\/strong>It will then cost you <strong>\u20ac4\/day per person for your entire stay<\/strong>. The Multi Pass<strong> is free for children under the age of 5<\/strong> (proof of age will be required at the lift ticket office.The child must be accompanied by an adult who already holds a Multi Pass with the same validity period). The accommodation providers concerned are indicated by the green logo &#8220;H\u00e9bergeur Partenaire Multi Pass&#8221;.\u00a0 \u00a0 \u00a0 \u00a0 \u00a0 \u00a0 \u00a0 \u00a0 \u00a0 \u00a0 \u00a0 \u00a0 \u00a0 \u00a0 \u00a0 \u00a0 \u00a0 \u00a0 \u00a0 \u00a0 \u00a0 \u00a0 \u00a0 \u00a0 \u00a0 <img loading=\"lazy\" decoding=\"async\" class=\"aligncenter wp-image-6480\" src=\"https:\/\/www.chatel.com\/content\/uploads\/2025\/05\/Logo_Multi_Pass_Hebergeur-300x300.png\" alt=\"\" width=\"80\" height=\"80\" srcset=\"https:\/\/www.chatel.com\/content\/uploads\/2025\/05\/Logo_Multi_Pass_Hebergeur-300x300.png 300w, https:\/\/www.chatel.com\/content\/uploads\/2025\/05\/Logo_Multi_Pass_Hebergeur-1024x1024.png 1024w, https:\/\/www.chatel.com\/content\/uploads\/2025\/05\/Logo_Multi_Pass_Hebergeur-150x150.png 150w, https:\/\/www.chatel.com\/content\/uploads\/2025\/05\/Logo_Multi_Pass_Hebergeur-768x768.png 768w, https:\/\/www.chatel.com\/content\/uploads\/2025\/05\/Logo_Multi_Pass_Hebergeur-230x230.png 230w, https:\/\/www.chatel.com\/content\/uploads\/2025\/05\/Logo_Multi_Pass_Hebergeur-588x588.png 588w, https:\/\/www.chatel.com\/content\/uploads\/2025\/05\/Logo_Multi_Pass_Hebergeur-436x436.png 436w, https:\/\/www.chatel.com\/content\/uploads\/2025\/05\/Logo_Multi_Pass_Hebergeur-322x322.png 322w, https:\/\/www.chatel.com\/content\/uploads\/2025\/05\/Logo_Multi_Pass_Hebergeur-250x250.png 250w, https:\/\/www.chatel.com\/content\/uploads\/2025\/05\/Logo_Multi_Pass_Hebergeur-1536x1536.png 1536w, https:\/\/www.chatel.com\/content\/uploads\/2025\/05\/Logo_Multi_Pass_Hebergeur.png 1772w\" sizes=\"auto, (max-width: 80px) 100vw, 80px\" \/><\/p>\n<p><strong>In this case, there are two possible methods of withdrawal:<\/strong><\/p>\n<p>\u2666 you already have a magnetic card: you buy your Multi Pass directly online and it will be loaded onto your card.<\/p>\n<p>\u2666 you do not have a magnetic card: you buy your Multi Pass at the lift ticket offices or at the ticket machines with your holiday code or QR code that you have received by e-mail. In Ch\u00e2tel, you have to go to either the Super-Ch\u00e2tel gondola ticket office in the centre of the village or the Pierre Longue chairlift ticket office in Pr\u00e9 la Joux. The ticket machines are located at the tourist office, at Vonnes, at Super-Ch\u00e2tel and at Pr\u00e9 la Joux.<\/p>\n<p><strong>The hands-free, reusable magnetic card costs \u20ac3.<\/strong><\/p>\n<p>&nbsp;<\/p>\n<p style=\"text-align: center;\"><a class=\"Button-primary\" href=\"https:\/\/www.chatel.com\/en\/what-is-the-multi-pass\/multi-pass-partner-hosts-in-chatel\/\" target=\"_blank\" rel=\"noopener\">Multi Pass partner hosts in Ch\u00e2tel<\/a><\/p>\n<p>&nbsp;<\/p>\n\n                                        <\/div>\n                                                                    <\/div>\n                            <\/div>\n                                                                                                                        <div class=\"GutCol2-wrap GutCol2-blocTexte Right\">\n                                <div class=\"GutCol2-blocTexte--inner\">\n                                                                                                                <div class=\"GutCol2-intro\">Is your accommodation provider not a partner, or are you just passing through?<\/div>\n                                                                                                                <div class=\"GutCol2-text Content\">\n                                            <p>You can still take advantage of this card by buying it directly from the lift ticket offices, the ticket machines or online.<\/p>\n<p>It will costs:<\/p>\n<p>\u2666 \u20ac15\u00a0 per day per person<\/p>\n<p>\u2666 \u20ac120 per adult (aged 26 and over) for a season card<\/p>\n<p>\u2666 \u20ac90 for youth (aged 5 to 25 yrs old) for a season card<\/p>\n<p><strong>Multi Passes must be issued on a reusable &#8220;hands-free&#8221; card sold for \u20ac3. Season Multi Passes are personal and therefore require a photo.<\/strong><\/p>\n<p>&nbsp;<\/p>\n<p style=\"text-align: center;\"><a class=\"Button-primary\" href=\"https:\/\/www.skipass-chatel.com\/en\/multipass\" target=\"_blank\" rel=\"noopener\">Buy a Multi Pass<\/a><\/p>\n<p>&nbsp;<\/p>\n\n                                        <\/div>\n                                                                    <\/div>\n                            <\/div>\n                                                                <\/div>\n    <\/div>\n","protected":false},"excerpt":{"rendered":"","protected":false},"author":3,"featured_media":0,"parent":10962,"menu_order":0,"comment_status":"closed","ping_status":"closed","template":"","meta":{"_acf_changed":false,"footnotes":""},"class_list":["post-10915","page","type-page","status-publish","hentry"],"acf":[],"_links":{"self":[{"href":"https:\/\/www.chatel.com\/en\/wp-json\/wp\/v2\/pages\/10915","targetHints":{"allow":["GET"]}}],"collection":[{"href":"https:\/\/www.chatel.com\/en\/wp-json\/wp\/v2\/pages"}],"about":[{"href":"https:\/\/www.chatel.com\/en\/wp-json\/wp\/v2\/types\/page"}],"author":[{"embeddable":true,"href":"https:\/\/www.chatel.com\/en\/wp-json\/wp\/v2\/users\/3"}],"replies":[{"embeddable":true,"href":"https:\/\/www.chatel.com\/en\/wp-json\/wp\/v2\/comments?post=10915"}],"version-history":[{"count":17,"href":"https:\/\/www.chatel.com\/en\/wp-json\/wp\/v2\/pages\/10915\/revisions"}],"predecessor-version":[{"id":99650,"href":"https:\/\/www.chatel.com\/en\/wp-json\/wp\/v2\/pages\/10915\/revisions\/99650"}],"up":[{"embeddable":true,"href":"https:\/\/www.chatel.com\/en\/wp-json\/wp\/v2\/pages\/10962"}],"wp:attachment":[{"href":"https:\/\/www.chatel.com\/en\/wp-json\/wp\/v2\/media?parent=10915"}],"curies":[{"name":"wp","href":"https:\/\/api.w.org\/{rel}","templated":true}]}}