{"id":38539,"date":"2025-04-30T16:43:15","date_gmt":"2025-04-30T14:43:15","guid":{"rendered":"https:\/\/www.chatel.com\/discover-chatel-in-winter\/blog-and-advice\/preparer-mon-sejour\/"},"modified":"2026-03-30T15:25:16","modified_gmt":"2026-03-30T13:25:16","slug":"prepare-my-holiday","status":"publish","type":"page","link":"https:\/\/www.chatel.com\/en\/discover-chatel-in-winter\/blog-and-advice\/prepare-my-holiday\/","title":{"rendered":"Prepare my holiday"},"content":{"rendered":"<div class=\"GutText  GutContainer\">\n        <div class=\"GutText-inner\">\n            <div class=\"GutTitle Center\">\n                            <h2 class=\"GutTitle-title\">Your holiday in Ch\u00e2tel is approaching<\/h2>\n                            <span class=\"GutTitle-subtitle\">Discover our tips for a peaceful stay<\/span>\n            <\/div>\n                            <div class=\"GutText-intro Left\">The holidays are fast approaching! We have gathered all the essential information to help you prepare for your stay in Ch\u00e2tel.\r\n\r\n\r\n\r\nHere are 7 tips to make your skiing holiday easier.<\/div>\n                                <\/div>\n    <\/div>\n\n\n<div class=\"GutImage  GutContainer\">\n        <div class=\"GutImage-container\">\n            <div class=\"GutTitle Left\">\n                            <h2 class=\"GutTitle-title\">Tip n\u00b01: Are you travelling by car?<\/h2>\n                    <\/div>\n            \n                            <picture class=\"GutImage-pic\">\n                    <source srcset=\"https:\/\/www.chatel.com\/content\/uploads\/2025\/06\/CHATEL_L.-MEYER_village_20201225_16-768x433.jpg\" media=\"(max-width: 768px)\">\n                    <source srcset=\"https:\/\/www.chatel.com\/content\/uploads\/2025\/06\/CHATEL_L.-MEYER_village_20201225_16-992x559.jpg\" media=\"(max-width: 992px)\">\n                    <source srcset=\"https:\/\/www.chatel.com\/content\/uploads\/2025\/06\/CHATEL_L.-MEYER_village_20201225_16-1348x760.jpg\" media=\"(min-width: 993px)\">\n                    <img decoding=\"async\" class=\"GutImage-img\" src=\"https:\/\/www.chatel.com\/content\/uploads\/2025\/06\/CHATEL_L.-MEYER_village_20201225_16-1348x760.jpg\" alt=\"CHATEL_L. MEYER_village_20201225_16\" \/>\n                <\/picture>\n                                <\/div>\n    <\/div>\n\n\n<div class=\"GutText  GutContainer\">\n        <div class=\"GutText-inner\">\n                                                    <div class=\"GutText-wysiwyg Content\">\n                    <p><strong>Winter equipment is mandatory in Haute-Savoie from 1 November to 31 March:<\/strong><\/p>\n<ul>\n<li>For light vehicles, commercial vehicles and motorhomes: you must have snow chains or snow socks for at least 2 drive wheels or 4 winter tyres in your vehicle.<\/li>\n<li>For coaches, buses and heavy goods vehicles without trailers or semi-trailers: you must have removable anti-skid devices for at least 2 drive wheels or at least 2 winter tyres on the steering wheels + at least 2 tyres on the drive wheels.<\/li>\n<\/ul>\n<p>If you are not used to putting chains or socks on your vehicle, do not hesitate to practise at home before setting off.<\/p>\n<p>For full details on road conditions in Haute Savoie, visit the website :<\/p>\n<p style=\"text-align: center;\"><a class=\"Button-primary\" href=\"https:\/\/www.inforoute74.fr\/\" target=\"_blank\" rel=\"noopener\">Info routes 74\u00a0<\/a><\/p>\n<p>Once you arrive in Ch\u00e2tel, you can leave your car behind for the day and use the free shuttle service to get to the slopes or travel around the resort.<\/p>\n\n                <\/div>\n                    <\/div>\n    <\/div>\n\n\n<div class=\"GutImage  GutContainer\">\n        <div class=\"GutImage-container\">\n            <div class=\"GutTitle Left\">\n                            <h2 class=\"GutTitle-title\">Tip N\u00b02 : Purchase or reload your ski passes online <\/h2>\n                    <\/div>\n            \n                            <picture class=\"GutImage-pic\">\n                    <source srcset=\"https:\/\/www.chatel.com\/content\/uploads\/2025\/06\/forfait-768x433.jpg\" media=\"(max-width: 768px)\">\n                    <source srcset=\"https:\/\/www.chatel.com\/content\/uploads\/2025\/06\/forfait-992x559.jpg\" media=\"(max-width: 992px)\">\n                    <source srcset=\"https:\/\/www.chatel.com\/content\/uploads\/2025\/06\/forfait-1348x760.jpg\" media=\"(min-width: 993px)\">\n                    <img decoding=\"async\" class=\"GutImage-img\" src=\"https:\/\/www.chatel.com\/content\/uploads\/2025\/06\/forfait-1348x760.jpg\" alt=\"forfait\" \/>\n                <\/picture>\n                                <\/div>\n    <\/div>\n\n\n<div class=\"GutText  GutContainer\">\n        <div class=\"GutText-inner\">\n                                                    <div class=\"GutText-wysiwyg Content\">\n                    <p>With online sales, you will benefit from better rates and save time by avoiding the checkout. All you have to do is pick it up at the terminal closest to your accommodation or the one located on your route when you arrive. To collect your pass, simply scan the QR code you received by email.<\/p>\n<p style=\"text-align: center;\"><a class=\"Button-primary\" href=\"https:\/\/www.skipass-chatel.com\/en\/\" target=\"_blank\" rel=\"noopener\">Buy a ski pass<\/a><\/p>\n<p>The automatic terminals are located at the foot of the Super-Ch\u00e2tel gondola lift, at the foot of the Linga chairlift, at the entrance to Ch\u00e2tel Tourisme, in Barbossine, in Vonnes and in Pr\u00e9 la Joux.<\/p>\n<p>Already have a magnetic card? Remember to top it up using the WTP number printed on the card!<\/p>\n<p>See the map of withdrawal terminals here:<\/p>\n<p>&nbsp;<\/p>\n<p style=\"text-align: center;\"><a class=\"Button-primary\" href=\"https:\/\/www.skipass-chatel.com\/en\/pickupsites\" target=\"_blank\" rel=\"noopener\">See the map<\/a><\/p>\n\n                <\/div>\n                    <\/div>\n    <\/div>\n\n\n<div class=\"GutImage  GutContainer\">\n        <div class=\"GutImage-container\">\n            <div class=\"GutTitle Left\">\n                            <h2 class=\"GutTitle-title\">Tip n\u00b03 : For the price of a hot chocolate, ski with peace of mind<\/h2>\n                    <\/div>\n            \n                            <picture class=\"GutImage-pic\">\n                    <source srcset=\"https:\/\/www.chatel.com\/content\/uploads\/2025\/06\/CHATEL_L.-MEYER_ski_20241212_04-768x433.jpg\" media=\"(max-width: 768px)\">\n                    <source srcset=\"https:\/\/www.chatel.com\/content\/uploads\/2025\/06\/CHATEL_L.-MEYER_ski_20241212_04-992x559.jpg\" media=\"(max-width: 992px)\">\n                    <source srcset=\"https:\/\/www.chatel.com\/content\/uploads\/2025\/06\/CHATEL_L.-MEYER_ski_20241212_04-1348x760.jpg\" media=\"(min-width: 993px)\">\n                    <img decoding=\"async\" class=\"GutImage-img\" src=\"https:\/\/www.chatel.com\/content\/uploads\/2025\/06\/CHATEL_L.-MEYER_ski_20241212_04-1348x760.jpg\" alt=\"CHATEL_L. MEYER_ski_20241212_04\" \/>\n                <\/picture>\n                                <\/div>\n    <\/div>\n\n\n<div class=\"GutText  GutContainer\">\n        <div class=\"GutText-inner\">\n                                                    <div class=\"GutText-wysiwyg Content\">\n                    <p>For a peaceful holiday, don&#8217;t forget to take out insurance!<\/p>\n<p>Assistance, repatriation, interrupted stay, cancellation&#8230; Whether for your holiday or the season, be sure to take out insurance because an accident can be costly! It is important to note that mountain rescue services are not free and are payable by the injured person. Taking out insurance is therefore an essential step before hitting the slopes.<\/p>\n<p>Three insurance options are available:<\/p>\n<p>&nbsp;<\/p>\n<p style=\"text-align: center;\"><a class=\"Button-primary\" href=\"https:\/\/www.skipass-chatel.com\/en\/assurances\" target=\"_blank\" rel=\"noopener\">More information<\/a><\/p>\n\n                <\/div>\n                    <\/div>\n    <\/div>\n\n\n<div class=\"GutImage  GutContainer\">\n        <div class=\"GutImage-container\">\n            <div class=\"GutTitle Left\">\n                            <h2 class=\"GutTitle-title\">Tip n\u00b04 : Remember to book your ski lessons<\/h2>\n                    <\/div>\n            \n                            <picture class=\"GutImage-pic\">\n                    <source srcset=\"https:\/\/www.chatel.com\/content\/uploads\/2025\/11\/Cours-de-ski-preparez-votre-sejour-1920-x-900-768x433.jpg\" media=\"(max-width: 768px)\">\n                    <source srcset=\"https:\/\/www.chatel.com\/content\/uploads\/2025\/11\/Cours-de-ski-preparez-votre-sejour-1920-x-900-992x559.jpg\" media=\"(max-width: 992px)\">\n                    <source srcset=\"https:\/\/www.chatel.com\/content\/uploads\/2025\/11\/Cours-de-ski-preparez-votre-sejour-1920-x-900-1348x760.jpg\" media=\"(min-width: 993px)\">\n                    <img decoding=\"async\" class=\"GutImage-img\" src=\"https:\/\/www.chatel.com\/content\/uploads\/2025\/11\/Cours-de-ski-preparez-votre-sejour-1920-x-900-1348x760.jpg\" alt=\"Cours de ski - pr\u00e9parez votre s\u00e9jour 1920 x 900\" \/>\n                <\/picture>\n                                <\/div>\n    <\/div>\n\n\n<div class=\"GutText  GutContainer\">\n        <div class=\"GutText-inner\">\n                                                    <div class=\"GutText-wysiwyg Content\">\n                    <p>Whether you are looking for group or private ski lessons, for adults or children, we strongly advise you to book in advance as demand is very high, especially during school holidays.<\/p>\n<p>&nbsp;<\/p>\n<p style=\"text-align: center;\"><a class=\"Button-primary\" href=\"https:\/\/www.chatel.com\/en\/skiing\/ski-lessons-2\/\">Ski lessons<\/a><\/p>\n\n                <\/div>\n                    <\/div>\n    <\/div>\n\n\n<div class=\"GutImage  GutContainer\">\n        <div class=\"GutImage-container\">\n            <div class=\"GutTitle Left\">\n                            <h2 class=\"GutTitle-title\">Tip n\u00b05 : Ski equipment<\/h2>\n                    <\/div>\n            \n                            <picture class=\"GutImage-pic\">\n                    <source srcset=\"https:\/\/www.chatel.com\/content\/uploads\/2025\/11\/Sans-titre-1-768x433.jpg\" media=\"(max-width: 768px)\">\n                    <source srcset=\"https:\/\/www.chatel.com\/content\/uploads\/2025\/11\/Sans-titre-1-992x559.jpg\" media=\"(max-width: 992px)\">\n                    <source srcset=\"https:\/\/www.chatel.com\/content\/uploads\/2025\/11\/Sans-titre-1-1348x760.jpg\" media=\"(min-width: 993px)\">\n                    <img decoding=\"async\" class=\"GutImage-img\" src=\"https:\/\/www.chatel.com\/content\/uploads\/2025\/11\/Sans-titre-1-1348x760.jpg\" alt=\"Sans titre-1\" \/>\n                <\/picture>\n                                <\/div>\n    <\/div>\n\n\n<div class=\"GutText  GutContainer\">\n        <div class=\"GutText-inner\">\n                                                    <div class=\"GutText-wysiwyg Content\">\n                    <p>&nbsp;<\/p>\n<p>If you have your own ski equipment, remember to check its condition before you come. Please note that the resort&#8217;s sports shops also offer an equipment maintenance service.<\/p>\n<p>Book your ski equipment in advance at one of Ch\u00e2tel&#8217;s sports shops to save time when you arrive.<\/p>\n<p style=\"text-align: center;\"><a class=\"Button-primary\" href=\"https:\/\/www.chatel.com\/en\/stay\/shops-and-services\/equipment-rental-sales-shops\/\">Sport shops<\/a><\/p>\n\n                <\/div>\n                    <\/div>\n    <\/div>\n\n\n<div class=\"GutImage  GutContainer\">\n        <div class=\"GutImage-container\">\n            <div class=\"GutTitle Left\">\n                            <h2 class=\"GutTitle-title\">Tip n\u00b06 : Use our ski lockers<\/h2>\n                    <\/div>\n            \n                            <picture class=\"GutImage-pic\">\n                    <source srcset=\"https:\/\/www.chatel.com\/content\/uploads\/2025\/06\/CHATEL_L.-MEYER_skicase_20230329_03-768x433.jpg\" media=\"(max-width: 768px)\">\n                    <source srcset=\"https:\/\/www.chatel.com\/content\/uploads\/2025\/06\/CHATEL_L.-MEYER_skicase_20230329_03-992x559.jpg\" media=\"(max-width: 992px)\">\n                    <source srcset=\"https:\/\/www.chatel.com\/content\/uploads\/2025\/06\/CHATEL_L.-MEYER_skicase_20230329_03-1348x760.jpg\" media=\"(min-width: 993px)\">\n                    <img decoding=\"async\" class=\"GutImage-img\" src=\"https:\/\/www.chatel.com\/content\/uploads\/2025\/06\/CHATEL_L.-MEYER_skicase_20230329_03-1348x760.jpg\" alt=\"CHATEL_L. MEYER_skicase_20230329_03\" \/>\n                <\/picture>\n                                <\/div>\n    <\/div>\n\n\n<div class=\"GutText  GutContainer\">\n        <div class=\"GutText-inner\">\n                                                    <div class=\"GutText-wysiwyg Content\">\n                    <p>In Ch\u00e2tel, you no longer need to carry your ski equipment and that of your family every day, as heated ski lockers are available for you at Pr\u00e9 La Joux, Super Ch\u00e2tel, Linga and Vonnes. Remember to book them!<\/p>\n<p>&nbsp;<\/p>\n<p style=\"text-align: center;\"><a class=\"Button-primary\" href=\"https:\/\/www.chatel.com\/en\/stay\/shops-and-services\/ski-lockers\/\">Book my locker<\/a><\/p>\n\n                <\/div>\n                    <\/div>\n    <\/div>\n\n\n<div class=\"GutImage  GutContainer\">\n        <div class=\"GutImage-container\">\n            <div class=\"GutTitle Left\">\n                            <h2 class=\"GutTitle-title\">Tip n\u00b07 : Packing your suitcase for a skiing holiday: what should you remember?<\/h2>\n                    <\/div>\n            \n                            <picture class=\"GutImage-pic\">\n                    <source srcset=\"https:\/\/www.chatel.com\/content\/uploads\/2025\/11\/Valise-Preparez-votre-sejour-hiver-1920-x-900-768x433.jpg\" media=\"(max-width: 768px)\">\n                    <source srcset=\"https:\/\/www.chatel.com\/content\/uploads\/2025\/11\/Valise-Preparez-votre-sejour-hiver-1920-x-900-992x559.jpg\" media=\"(max-width: 992px)\">\n                    <source srcset=\"https:\/\/www.chatel.com\/content\/uploads\/2025\/11\/Valise-Preparez-votre-sejour-hiver-1920-x-900-1348x760.jpg\" media=\"(min-width: 993px)\">\n                    <img decoding=\"async\" class=\"GutImage-img\" src=\"https:\/\/www.chatel.com\/content\/uploads\/2025\/11\/Valise-Preparez-votre-sejour-hiver-1920-x-900-1348x760.jpg\" alt=\"Valise - Pr\u00e9parez votre s\u00e9jour hiver 1920 x 900\" \/>\n                <\/picture>\n                                <\/div>\n    <\/div>\n\n\n<div class=\"GutText  GutContainer\">\n        <div class=\"GutText-inner\">\n                                                    <div class=\"GutText-wysiwyg Content\">\n                    <p>Organising your skiing holiday inevitably involves the sacrosanct task of packing your bags. To make sure you don&#8217;t forget anything, remember to pack suitable clothing for extreme cold. The \u2018three-layer\u2019 system is very effective: it involves layering technical underwear, fleece clothing and then a waterproof jacket and trousers.<\/p>\n<p>Gloves, a hat, a scarf and thick socks are also essential items. Don&#8217;t forget jumpers, hooded jackets, warm trousers and waterproof, non-slip shoes for your off-piste adventures.<\/p>\n<p>Don&#8217;t forget your swimsuit so you can enjoy the aquatic centre and various spas!<\/p>\n<p>In your toiletries bag, you will find sun cream suitable for your skin type, lip balm and moisturising cream to apply regularly to combat the combined effects of the cold, dry air and sun glare. Not forgetting the usual first aid essentials (aspirin, plasters, soothing cream, arnica) to treat any minor injuries on the slopes.<\/p>\n\n                <\/div>\n                    <\/div>\n    <\/div>\n","protected":false},"excerpt":{"rendered":"","protected":false},"author":3,"featured_media":0,"parent":8349,"menu_order":0,"comment_status":"closed","ping_status":"closed","template":"","meta":{"_acf_changed":false,"footnotes":""},"class_list":["post-38539","page","type-page","status-publish","hentry"],"acf":[],"_links":{"self":[{"href":"https:\/\/www.chatel.com\/en\/wp-json\/wp\/v2\/pages\/38539","targetHints":{"allow":["GET"]}}],"collection":[{"href":"https:\/\/www.chatel.com\/en\/wp-json\/wp\/v2\/pages"}],"about":[{"href":"https:\/\/www.chatel.com\/en\/wp-json\/wp\/v2\/types\/page"}],"author":[{"embeddable":true,"href":"https:\/\/www.chatel.com\/en\/wp-json\/wp\/v2\/users\/3"}],"replies":[{"embeddable":true,"href":"https:\/\/www.chatel.com\/en\/wp-json\/wp\/v2\/comments?post=38539"}],"version-history":[{"count":3,"href":"https:\/\/www.chatel.com\/en\/wp-json\/wp\/v2\/pages\/38539\/revisions"}],"predecessor-version":[{"id":38544,"href":"https:\/\/www.chatel.com\/en\/wp-json\/wp\/v2\/pages\/38539\/revisions\/38544"}],"up":[{"embeddable":true,"href":"https:\/\/www.chatel.com\/en\/wp-json\/wp\/v2\/pages\/8349"}],"wp:attachment":[{"href":"https:\/\/www.chatel.com\/en\/wp-json\/wp\/v2\/media?parent=38539"}],"curies":[{"name":"wp","href":"https:\/\/api.w.org\/{rel}","templated":true}]}}