{"id":10914,"date":"2025-05-05T14:59:40","date_gmt":"2025-05-05T12:59:40","guid":{"rendered":"https:\/\/www.chatel.com\/kesako\/"},"modified":"2026-04-23T14:41:34","modified_gmt":"2026-04-23T12:41:34","slug":"what-is-de-multi-pass","status":"publish","type":"page","link":"https:\/\/www.chatel.com\/nl\/de-multi-pass\/what-is-de-multi-pass\/","title":{"rendered":"Wat is de Multi Pass"},"content":{"rendered":"<div class=\"GutText  GutContainer\">\n        <div class=\"GutText-inner\">\n                                                    <div class=\"GutText-wysiwyg Content\">\n                    <p>De Multi Pass is een kaart die u <strong>toegang geeft tot 70 activiteiten tijdens uw verblijf in Ch\u00e2tel en in Les Portes du Soleil.<\/strong><br \/>\nU krijgt er ook talrijke kortingen mee, <strong>minimaal 10% op andere activiteiten.<\/strong><\/p>\n<p>&nbsp;<\/p>\n<p><strong>De Multi Pass is geldig van 22 mei tot en met 13 september 2026<\/strong>, onder voorbehoud van deelname, beschikbaarheid, uren en openingsdata van de dienstverleners, volgens de geldende algemene verkoopsvoorwaarden.<\/p>\n\n                <\/div>\n                    <\/div>\n    <\/div>\n\n\n<div class=\"GutVideo \">\n        <div class=\" GutContainer \">\n            \n            <div class=\"GutVideo-inner __video_parent\">\n                                    <picture class=\"GutVideo-pic __video_open\">\n                        <source srcset=\"https:\/\/www.chatel.com\/content\/uploads\/2025\/05\/Preview-video-MP-1920x1080-1-768x433.jpg\" media=\"(max-width: 768px)\">\n                        <source srcset=\"https:\/\/www.chatel.com\/content\/uploads\/2025\/05\/Preview-video-MP-1920x1080-1-992x559.jpg\" media=\"(max-width: 992px)\">\n                        <source srcset=\"https:\/\/www.chatel.com\/content\/uploads\/2025\/05\/Preview-video-MP-1920x1080-1-1196x673.jpg\" media=\"(min-width: 993px)\">\n                        <img decoding=\"async\" class=\"GutVideo-img\" src=\"https:\/\/www.chatel.com\/content\/uploads\/2025\/05\/Preview-video-MP-1920x1080-1-1196x673.jpg\" alt=\"Preview-vid\u00e9o-MP-1920x1080\" \/>\n                    <\/picture>\n                                                    <div class=\"GutVideo-out __video_out\">\n                        <iframe class='Video' width='1920' height='1080' src='https:\/\/youtube.com\/embed\/2e6HRyHYKgA?&#038;rel=0' frameborder='0' controls='0' allow='accelerometer; encrypted-media; gyroscope; picture-in-picture' allowfullscreen><\/iframe>\n                    <\/div>\n                            <\/div>\n\n                    <\/div>\n    <\/div>\n\n\n<div class=\"GutText BgColor GutContainer\">\n        <div class=\"GutText-inner\">\n            <div class=\"GutTitle Center\">\n                            <h2 class=\"GutTitle-title\">Welke activiteiten zijn inbegrepen?<\/h2>\n                    <\/div>\n                                        <div class=\"GutText-wysiwyg Content\">\n                    <p>Met de Multi Pass hebt u toegang tot de meeste skiliften van Les Portes du Soleil (voor de andere krijgt u korting) als voetganger, maar ook tot zwembaden en aangelegde meren, tennisbanen, toeristische treintjes, minigolf, culturele bezienswaardigheden&#8230;<\/p>\n<p>Activiteiten met onbeperkte toegang worden aangegeven met het blauwe logo &#8220;Activit\u00e9 incluse&#8221;, terwijl de activiteiten met korting worden aangegeven met het roze logo &#8220;Activit\u00e9 \u00e0 r\u00e9duction&#8221;.<\/p>\n<p>&nbsp;<\/p>\n<p style=\"text-align: center;\"><img loading=\"lazy\" decoding=\"async\" class=\"alignnone wp-image-6474\" src=\"https:\/\/www.chatel.com\/content\/uploads\/2025\/05\/Logo_Multi_Pass_Activites_incluses-300x300.png\" alt=\"\" width=\"100\" height=\"100\" srcset=\"https:\/\/www.chatel.com\/content\/uploads\/2025\/05\/Logo_Multi_Pass_Activites_incluses-300x300.png 300w, https:\/\/www.chatel.com\/content\/uploads\/2025\/05\/Logo_Multi_Pass_Activites_incluses-1024x1024.png 1024w, https:\/\/www.chatel.com\/content\/uploads\/2025\/05\/Logo_Multi_Pass_Activites_incluses-150x150.png 150w, https:\/\/www.chatel.com\/content\/uploads\/2025\/05\/Logo_Multi_Pass_Activites_incluses-768x768.png 768w, https:\/\/www.chatel.com\/content\/uploads\/2025\/05\/Logo_Multi_Pass_Activites_incluses-230x230.png 230w, https:\/\/www.chatel.com\/content\/uploads\/2025\/05\/Logo_Multi_Pass_Activites_incluses-588x588.png 588w, https:\/\/www.chatel.com\/content\/uploads\/2025\/05\/Logo_Multi_Pass_Activites_incluses-436x436.png 436w, https:\/\/www.chatel.com\/content\/uploads\/2025\/05\/Logo_Multi_Pass_Activites_incluses-322x322.png 322w, https:\/\/www.chatel.com\/content\/uploads\/2025\/05\/Logo_Multi_Pass_Activites_incluses-250x250.png 250w, https:\/\/www.chatel.com\/content\/uploads\/2025\/05\/Logo_Multi_Pass_Activites_incluses.png 1182w\" sizes=\"auto, (max-width: 100px) 100vw, 100px\" \/> \u00a0\u00a0\u00a0\u00a0\u00a0\u00a0\u00a0\u00a0\u00a0\u00a0\u00a0\u00a0\u00a0\u00a0\u00a0\u00a0\u00a0\u00a0\u00a0\u00a0\u00a0\u00a0\u00a0\u00a0\u00a0\u00a0\u00a0\u00a0\u00a0\u00a0\u00a0\u00a0 \u00a0 \u00a0 \u00a0 \u00a0 \u00a0 \u00a0 \u00a0 \u00a0 \u00a0 \u00a0 \u00a0 \u00a0 \u00a0 \u00a0 \u00a0 \u00a0 \u00a0\u00a0\u00a0\u00a0\u00a0\u00a0\u00a0\u00a0\u00a0\u00a0\u00a0\u00a0\u00a0\u00a0\u00a0\u00a0\u00a0\u00a0\u00a0\u00a0\u00a0\u00a0\u00a0\u00a0\u00a0\u00a0\u00a0\u00a0\u00a0 <img loading=\"lazy\" decoding=\"async\" class=\"alignnone wp-image-6477\" src=\"https:\/\/www.chatel.com\/content\/uploads\/2025\/05\/Logo_Multi_Pass_Activites_Reduction-300x300.png\" alt=\"\" width=\"100\" height=\"100\" srcset=\"https:\/\/www.chatel.com\/content\/uploads\/2025\/05\/Logo_Multi_Pass_Activites_Reduction-300x300.png 300w, https:\/\/www.chatel.com\/content\/uploads\/2025\/05\/Logo_Multi_Pass_Activites_Reduction-1024x1024.png 1024w, https:\/\/www.chatel.com\/content\/uploads\/2025\/05\/Logo_Multi_Pass_Activites_Reduction-150x150.png 150w, https:\/\/www.chatel.com\/content\/uploads\/2025\/05\/Logo_Multi_Pass_Activites_Reduction-768x768.png 768w, https:\/\/www.chatel.com\/content\/uploads\/2025\/05\/Logo_Multi_Pass_Activites_Reduction-230x230.png 230w, https:\/\/www.chatel.com\/content\/uploads\/2025\/05\/Logo_Multi_Pass_Activites_Reduction-588x588.png 588w, https:\/\/www.chatel.com\/content\/uploads\/2025\/05\/Logo_Multi_Pass_Activites_Reduction-436x436.png 436w, https:\/\/www.chatel.com\/content\/uploads\/2025\/05\/Logo_Multi_Pass_Activites_Reduction-322x322.png 322w, https:\/\/www.chatel.com\/content\/uploads\/2025\/05\/Logo_Multi_Pass_Activites_Reduction-250x250.png 250w, https:\/\/www.chatel.com\/content\/uploads\/2025\/05\/Logo_Multi_Pass_Activites_Reduction.png 1182w\" sizes=\"auto, (max-width: 100px) 100vw, 100px\" \/><\/p>\n<p>&nbsp;<\/p>\n<p style=\"text-align: center;\">\u00a0\u00a0 <a class=\"Button-primary\" href=\"https:\/\/www.chatel.com\/nl\/de-multi-pass\/chatel-activiteiten-inbegrepen-in-de-multi-pass\/\" target=\"_blank\" rel=\"noopener\">Activiteiten inbegrepen in de Multi Pass <\/a>\u00a0 \u00a0 \u00a0 \u00a0 \u00a0 \u00a0 \u00a0 \u00a0 \u00a0 \u00a0 \u00a0 \u00a0 \u00a0 \u00a0 \u00a0 \u00a0\u00a0 \u00a0\u00a0 \u00a0\u00a0 \u00a0\u00a0 \u00a0\u00a0 \u00a0\u00a0 \u00a0\u00a0 \u00a0<a class=\"Button-secondary\" href=\"https:\/\/www.chatel.com\/nl\/de-multi-pass\/multi-pass-kortingen-in-chatel\/\" target=\"_blank\" rel=\"noopener\">Activiteiten met korting<\/a><\/p>\n<p>&nbsp;<\/p>\n\n                <\/div>\n                    <\/div>\n    <\/div>\n\n\n<div class=\"GutDownload  GutContainer\">\n\n        <div class=\"GutDownload-inner\">\n            <div class=\"GutTitle Center\">\n                                    <span class=\"GutTitle-subtitle\">Download de Multi Pass activiteitengids (in het Engels)<\/span>\n            <\/div>\n                            <div class=\"GutDownload-list\">\n                                            <div class=\"GutDownload-item\">\n                            <div class=\"GutDownload-item--illustration\">\n                                                                    <picture class=\"GutDownload-item--pic\">\n                                        <img decoding=\"async\" class=\"GutDownload-item--img\" src=\"https:\/\/www.chatel.com\/content\/uploads\/2025\/05\/Guide-Multi-Pass-ete-2025-GB.jpg\" alt=\"Guide Multi Pass \u00e9t\u00e9 2025 GB\">\n                                    <\/picture>\n                                                            <\/div>\n\n                            <div class=\"GutDownload-item--content\">\n                                <div class=\"GutDownload-item--text\">\n                                                                            <div class=\"GutDownload-item--surtitle\">Multi Pass<\/div>\n                                                                                                                <div class=\"GutDownload-item--title\">2025 Activities guide<\/div>\n                                                                    <\/div>\n                                <a class=\"Link GutDownload-item--link\" href=\"https:\/\/www.chatel.com\/content\/uploads\/2025\/05\/Multi-Pass-activities-guide-summer-2025.pdf\" download>Download<\/a>\n                            <\/div>\n                        <\/div>\n                                    <\/div>\n                                <\/div>\n    <\/div>\n\n\n<div class=\"GutCol2  GutContainer\">\n        <div class=\"GutCol2-container\">\n\n            <div class=\"GutTitle Center\">\n                            <h2 class=\"GutTitle-title\">Hoeveel kost het?<\/h2>\n                    <\/div>\n\n                                                                                                        <div class=\"GutCol2-wrap GutCol2-blocTexte Left\">\n                                <div class=\"GutCol2-blocTexte--inner\">\n                                                                                                                <div class=\"GutCol2-intro\">Als u bij een Multi Pass partner-accommodatie-aanbieder verblijft, zijn er twee opties:<\/div>\n                                                                                                                <div class=\"GutCol2-text Content\">\n                                            <p><strong>\u2192 Ofwel wordt de Multi Pass u aangeboden door uw accommodatieverschaffer en bij aankomst aan u overhandigd (hij moet aan het einde van uw verblijf weer worden ingeleverd).<\/strong><\/p>\n<p>De betreffende accommodatieverschaffers worden aangeduid met het groene logo &#8220;H\u00e9bergeur Multi Pass offert&#8221;.<\/p>\n<p><img loading=\"lazy\" decoding=\"async\" class=\"aligncenter wp-image-6484\" src=\"https:\/\/www.chatel.com\/content\/uploads\/2025\/05\/Logo_Multi_Pass_Hebergeur_Gratuit-300x300.png\" alt=\"\" width=\"80\" height=\"80\" srcset=\"https:\/\/www.chatel.com\/content\/uploads\/2025\/05\/Logo_Multi_Pass_Hebergeur_Gratuit-300x300.png 300w, https:\/\/www.chatel.com\/content\/uploads\/2025\/05\/Logo_Multi_Pass_Hebergeur_Gratuit-1024x1024.png 1024w, https:\/\/www.chatel.com\/content\/uploads\/2025\/05\/Logo_Multi_Pass_Hebergeur_Gratuit-150x150.png 150w, https:\/\/www.chatel.com\/content\/uploads\/2025\/05\/Logo_Multi_Pass_Hebergeur_Gratuit-768x768.png 768w, https:\/\/www.chatel.com\/content\/uploads\/2025\/05\/Logo_Multi_Pass_Hebergeur_Gratuit-230x230.png 230w, https:\/\/www.chatel.com\/content\/uploads\/2025\/05\/Logo_Multi_Pass_Hebergeur_Gratuit-588x588.png 588w, https:\/\/www.chatel.com\/content\/uploads\/2025\/05\/Logo_Multi_Pass_Hebergeur_Gratuit-436x436.png 436w, https:\/\/www.chatel.com\/content\/uploads\/2025\/05\/Logo_Multi_Pass_Hebergeur_Gratuit-322x322.png 322w, https:\/\/www.chatel.com\/content\/uploads\/2025\/05\/Logo_Multi_Pass_Hebergeur_Gratuit-250x250.png 250w, https:\/\/www.chatel.com\/content\/uploads\/2025\/05\/Logo_Multi_Pass_Hebergeur_Gratuit.png 1182w\" sizes=\"auto, (max-width: 80px) 100vw, 80px\" \/><\/p>\n<p><strong>\u2192 Of u ontvangt een e-mail via het platform multipass.portesdusoleil.com na het boeken van uw vakantie.<br \/>\n<\/strong>Het kost u dan<strong> \u20ac4\/dag per persoon voor uw hele verblijf<\/strong>. De Multipass<strong> is gratis voor kinderen jonger dan 5 jaar <\/strong>(voor kinderen jonger dan 5 jaar wordt bij aankoop aan de kassa\u2019s van de skiliften een bewijs van leeftijd gevraagd.Het kind moet worden begeleid door een volwassene die al in het bezit is van een Multi Pass met dezelfde geldigheidsduur). De betreffende accommodatieverschaffers worden aangegeven met het groene logo &#8220;H\u00e9bergeur Partenaire Multi Pass&#8221;. \u00a0 \u00a0 \u00a0 \u00a0 \u00a0 \u00a0 \u00a0 \u00a0 \u00a0 \u00a0 \u00a0 \u00a0 \u00a0 \u00a0 \u00a0 \u00a0 \u00a0 \u00a0 \u00a0 \u00a0 \u00a0 \u00a0 \u00a0 \u00a0 <img loading=\"lazy\" decoding=\"async\" class=\"aligncenter wp-image-6480\" src=\"https:\/\/www.chatel.com\/content\/uploads\/2025\/05\/Logo_Multi_Pass_Hebergeur-300x300.png\" alt=\"\" width=\"80\" height=\"80\" srcset=\"https:\/\/www.chatel.com\/content\/uploads\/2025\/05\/Logo_Multi_Pass_Hebergeur-300x300.png 300w, https:\/\/www.chatel.com\/content\/uploads\/2025\/05\/Logo_Multi_Pass_Hebergeur-1024x1024.png 1024w, https:\/\/www.chatel.com\/content\/uploads\/2025\/05\/Logo_Multi_Pass_Hebergeur-150x150.png 150w, https:\/\/www.chatel.com\/content\/uploads\/2025\/05\/Logo_Multi_Pass_Hebergeur-768x768.png 768w, https:\/\/www.chatel.com\/content\/uploads\/2025\/05\/Logo_Multi_Pass_Hebergeur-230x230.png 230w, https:\/\/www.chatel.com\/content\/uploads\/2025\/05\/Logo_Multi_Pass_Hebergeur-588x588.png 588w, https:\/\/www.chatel.com\/content\/uploads\/2025\/05\/Logo_Multi_Pass_Hebergeur-436x436.png 436w, https:\/\/www.chatel.com\/content\/uploads\/2025\/05\/Logo_Multi_Pass_Hebergeur-322x322.png 322w, https:\/\/www.chatel.com\/content\/uploads\/2025\/05\/Logo_Multi_Pass_Hebergeur-250x250.png 250w, https:\/\/www.chatel.com\/content\/uploads\/2025\/05\/Logo_Multi_Pass_Hebergeur-1536x1536.png 1536w, https:\/\/www.chatel.com\/content\/uploads\/2025\/05\/Logo_Multi_Pass_Hebergeur.png 1772w\" sizes=\"auto, (max-width: 80px) 100vw, 80px\" \/><\/p>\n<p><strong>In dit geval zijn er twee manieren om aan de Multi Pass te komen :<\/strong><\/p>\n<p>\u2666 u heeft al een magneetkaart : u koopt uw Multi Pass direct online en deze wordt op uw kaart geladen.<\/p>\n<p>\u2666 u heeft geen magneetkaart : u koopt uw Multi Pass aan de kassa&#8217;s van de skiliften of de automaten met uw reserveringscode of QR-code die u per e-mail hebt ontvangen.<br \/>\nIn Ch\u00e2tel moet u naar de kassa van de gondellift van Super-Ch\u00e2tel in het centrum van het dorp of naar de kassa van de stoeltjeslift Pierre Longue bij Pr\u00e9 la Joux. De automaten bevinden zich bij het VVV-kantoor, bij de kassa&#8217;s van Vonnes, bij de Super-Ch\u00e2tel gondellift of bij de Pre la Joux stoeltjeslift.<\/p>\n<p><strong>De handsfree, herbruikbare magneetkaart kost \u20ac3.<\/strong><\/p>\n<p>&nbsp;<\/p>\n<p style=\"text-align: center;\"><a class=\"Button-primary\" title=\"Multi Pass partner hosts in Ch\u00e2tel\" href=\"https:\/\/www.chatel.com\/nl\/de-multi-pass\/multi-pass-partner-hosts\/\" target=\"_blank\" rel=\"noopener\">Zie de partner hosts<\/a><\/p>\n<p>&nbsp;<\/p>\n\n                                        <\/div>\n                                                                    <\/div>\n                            <\/div>\n                                                                                                                        <div class=\"GutCol2-wrap GutCol2-blocTexte Right\">\n                                <div class=\"GutCol2-blocTexte--inner\">\n                                                                                                                <div class=\"GutCol2-intro\">Als u op doorreis bent voor een dag of regelmatig komt tijdens het seizoen, of op vakantie zonder te verblijven bij een Multi Pass partner :<\/div>\n                                                                                                                <div class=\"GutCol2-text Content\">\n                                            <p>U kunt nog steeds profiteren van deze kaart door deze direct te kopen bij de kassa&#8217;s van de skipassen, bij de kaartjesautomaten of op de online verkoopsite.<\/p>\n<p>Het kost u:<\/p>\n<p>\u2666 \u20ac15 per dag en per persoon<\/p>\n<p>\u2666 \u20ac120\u00a0 voor een volwassene seizoenspas (vanaf 26 jaar)<\/p>\n<p>\u2666 \u20ac90\u00a0 voor een jongere seizoenspas (van 5 t\/m 25 jaar).<\/p>\n<p><strong>Multi-passen moeten worden uitgegeven op een herbruikbare &#8220;hands-free&#8221; kaart, die \u20ac3 kost. Seizoenkaarten staan op naam en vereisen daarom een foto.<\/strong><\/p>\n<p>&nbsp;<\/p>\n<p style=\"text-align: center;\"><a class=\"Button-primary\" href=\"https:\/\/www.skipass-chatel.com\/en\/multipass\" target=\"_blank\" rel=\"noopener\">Koop een Multi Pass<\/a><\/p>\n<p>&nbsp;<\/p>\n\n                                        <\/div>\n                                                                    <\/div>\n                            <\/div>\n                                                                <\/div>\n    <\/div>\n","protected":false},"excerpt":{"rendered":"","protected":false},"author":3,"featured_media":0,"parent":10961,"menu_order":0,"comment_status":"closed","ping_status":"closed","template":"","meta":{"_acf_changed":false,"footnotes":""},"class_list":["post-10914","page","type-page","status-publish","hentry"],"acf":[],"_links":{"self":[{"href":"https:\/\/www.chatel.com\/nl\/wp-json\/wp\/v2\/pages\/10914","targetHints":{"allow":["GET"]}}],"collection":[{"href":"https:\/\/www.chatel.com\/nl\/wp-json\/wp\/v2\/pages"}],"about":[{"href":"https:\/\/www.chatel.com\/nl\/wp-json\/wp\/v2\/types\/page"}],"author":[{"embeddable":true,"href":"https:\/\/www.chatel.com\/nl\/wp-json\/wp\/v2\/users\/3"}],"replies":[{"embeddable":true,"href":"https:\/\/www.chatel.com\/nl\/wp-json\/wp\/v2\/comments?post=10914"}],"version-history":[{"count":22,"href":"https:\/\/www.chatel.com\/nl\/wp-json\/wp\/v2\/pages\/10914\/revisions"}],"predecessor-version":[{"id":99651,"href":"https:\/\/www.chatel.com\/nl\/wp-json\/wp\/v2\/pages\/10914\/revisions\/99651"}],"up":[{"embeddable":true,"href":"https:\/\/www.chatel.com\/nl\/wp-json\/wp\/v2\/pages\/10961"}],"wp:attachment":[{"href":"https:\/\/www.chatel.com\/nl\/wp-json\/wp\/v2\/media?parent=10914"}],"curies":[{"name":"wp","href":"https:\/\/api.w.org\/{rel}","templated":true}]}}