{"id":13178,"date":"2025-05-05T11:57:47","date_gmt":"2025-05-05T09:57:47","guid":{"rendered":"https:\/\/www.chatel.com\/histoire-et-valeurs\/"},"modified":"2026-04-14T17:57:55","modified_gmt":"2026-04-14T15:57:55","slug":"geschiedenis-en-waarden","status":"publish","type":"page","link":"https:\/\/www.chatel.com\/nl\/ontdekken-chatel-in-winter\/het-dorp-in-winter\/geschiedenis-en-waarden\/","title":{"rendered":"Geschiedenis en waarden"},"content":{"rendered":"<div class=\"GutImage  GutContainer\">\n        <div class=\"GutImage-container\">\n                        \n                            <picture class=\"GutImage-pic\">\n                    <source srcset=\"https:\/\/www.chatel.com\/content\/uploads\/2025\/09\/Village-menu-hiver-1-768x433.jpg\" media=\"(max-width: 768px)\">\n                    <source srcset=\"https:\/\/www.chatel.com\/content\/uploads\/2025\/09\/Village-menu-hiver-1-992x559.jpg\" media=\"(max-width: 992px)\">\n                    <source srcset=\"https:\/\/www.chatel.com\/content\/uploads\/2025\/09\/Village-menu-hiver-1-1348x760.jpg\" media=\"(min-width: 993px)\">\n                    <img decoding=\"async\" class=\"GutImage-img\" src=\"https:\/\/www.chatel.com\/content\/uploads\/2025\/09\/Village-menu-hiver-1-1348x760.jpg\" alt=\"Village menu hiver\" \/>\n                <\/picture>\n                                <\/div>\n    <\/div>\n\n\n<div class=\"GutText  GutContainer\">\n        <div class=\"GutText-inner\">\n            <div class=\"GutTitle Center\">\n                            <h2 class=\"GutTitle-title\">Natuurlijke intensiteit<\/h2>\n                            <span class=\"GutTitle-subtitle\">Ch\u00e2tel, een compromisloze ervaring\u2026<\/span>\n            <\/div>\n                            <div class=\"GutText-intro Left\">Waarom genoegen nemen met een beetje, als u alles kunt hebben?\r\nDat is de belofte van Ch\u00e2tel: een compromisloze ervaring, waar je zowel kunt genieten van hoogwaardige ski-ervaringen als van de authentieke charme van de bergen.\r\nEen unieke belevenis, waar we al jaren met toewijding aan bouwen, om jou een onvergetelijke wintersportvakantie te bieden.\r\nWelkom in Ch\u00e2tel, natuurlijke intensiteit!<\/div>\n                                <\/div>\n    <\/div>\n\n\n<div class=\"GutCol2  GutContainer\">\n        <div class=\"GutCol2-container\">\n\n            \n                                                                                                        <div class=\"GutCol2-wrap GutCol2-blocTexte Left\">\n                                <div class=\"GutCol2-blocTexte--inner\">\n                                                                            <div class=\"GutTitle Left\">\n                            <h2 class=\"GutTitle-title\">typisch bergdorp<\/h2>\n                            <span class=\"GutTitle-subtitle\">Gastvrijheid is een kunst, een verhaal op zich<\/span>\n            <\/div>\n                                                                                                                <div class=\"GutCol2-intro\">Gebouwd op agropastoralisme en een echte bergcultuur, heeft Ch\u00e2tel een ongerepte ziel, puur, oprecht en altijd gastvrij.\r\nDe liefde voor de natuur en het delen van tradities hebben de sterke identiteit gevormd van dit typische dorp in de Vall\u00e9e d\u2019Abondance.\r\nGastvrijheid, eenvoud en de kunst van ontvangen, dat zijn de waarden die ons sinds de oprichting van het station-dorp inspireren.\r\n\r\nTypisch dorp, wat betekent dat eigenlijk?\r\nEen typisch dorp, dat is bijvoorbeeld wanneer u na een dag ski\u00ebn terecht kunt bij een van de vele actieve boerderijen in het dorp, om er een stuk met een medaille bekroonde AOC Abondance-kaas te kopen.\r\nNiets beter om te herstellen van een dag op de pistes, een echte aanrader!\r\n\r\nProef de intensiteit van het terroir en blijf de bergen beleven!<\/div>\n                                                                                                                <div class=\"GutCol2-text Content\">\n                                            <p><a class=\"Button-primary\" href=\"https:\/\/www.chatel.com\/nl\/ontdekken-chatel-in-winter\/gastronomische-bestemming\/\">Lees meer<\/a><\/p>\n\n                                        <\/div>\n                                                                    <\/div>\n                            <\/div>\n                                                                                                                                                        <div class=\"GutCol2-wrap GutCol2-blocImage Right\">\n                                    <picture class=\"GutCol2-picture\">\n                                        <img decoding=\"async\" src=\"https:\/\/www.chatel.com\/content\/uploads\/2025\/05\/Home-hiver-bloc-4-hebergement-hotels-588x588.jpg\"\n                                             alt=\"Home hiver bloc 4 h\u00e9bergement h\u00f4tels\" \/>\n                                    <\/picture>\n                                                                    <\/div>\n                                                                                            <\/div>\n    <\/div>\n\n\n<div class=\"GutCol2  GutContainer\">\n        <div class=\"GutCol2-container\">\n\n            \n                                                                                                                                        <div class=\"GutCol2-wrap GutCol2-blocImage Left\">\n                                    <picture class=\"GutCol2-picture\">\n                                        <img decoding=\"async\" src=\"https:\/\/www.chatel.com\/content\/uploads\/2025\/05\/Home-hiver-bloc-6-RS-Cornebois-588x588.jpg\"\n                                             alt=\"Home hiver bloc 6 RS Cornebois\" \/>\n                                    <\/picture>\n                                                                    <\/div>\n                                                                                                                                                    <div class=\"GutCol2-wrap GutCol2-blocTexte Right\">\n                                <div class=\"GutCol2-blocTexte--inner\">\n                                                                            <div class=\"GutTitle Left\">\n                            <h2 class=\"GutTitle-title\">Wat SKI jij?<\/h2>\n                            <span class=\"GutTitle-subtitle\">Free bird<\/span>\n            <\/div>\n                                                                                                                <div class=\"GutCol2-intro\">Verre van het idee om slim te willen doen (er zijn immers teveel ravijnen in de Haute-Savoie), maar het moet gezegd worden: van ski\u00ebn begrijpen we hier toch wel iets.\r\nCh\u00e2tel behoort tegenwoordig tot de grote Franse skigebieden, met een zeer uitgestrekt terrein en moderne faciliteiten. Het is een waar paradijs voor liefhebbers van de wintersport.\r\nEn het echte pluspunt van het skigebied, dat u nergens anders vindt, is dat het gebouwd is in een grote open vallei.\r\nDit maakt het mogelijk om van elke helling te genieten, van hun verschillende ori\u00ebntaties en van een indrukwekkende vari\u00ebteit aan adembenemende landschappen (Zwitserse Alpen, Meer van Gen\u00e8ve, Mont Blanc).\r\nHier reis je letterlijk op ski\u2019s tussen Frankrijk en Zwitserland, de ultieme ontsnapping.<\/div>\n                                                                                                                <div class=\"GutCol2-text Content\">\n                                            <p><a class=\"Button-primary\" href=\"https:\/\/www.chatel.com\/nl\/skien\/skigebieden\/\">Lees meer<\/a><\/p>\n\n                                        <\/div>\n                                                                    <\/div>\n                            <\/div>\n                                                                <\/div>\n    <\/div>\n\n\n<div class=\"GutCol2  GutContainer\">\n        <div class=\"GutCol2-container\">\n\n            \n                                                                                                        <div class=\"GutCol2-wrap GutCol2-blocTexte Left\">\n                                <div class=\"GutCol2-blocTexte--inner\">\n                                                                            <div class=\"GutTitle Left\">\n                            <h2 class=\"GutTitle-title\">Het Chalet-gen^<\/h2>\n                            <span class=\"GutTitle-subtitle\">Heeft het landschap gevormd<\/span>\n            <\/div>\n                                                                                                                <div class=\"GutCol2-intro\">Traditionele boerderij of premium chalet, het X\/2-chromosoom heeft het landschap altijd gevormd.\r\nTe midden van een dennenbos leven de chalets in perfecte harmonie met het prachtige landschap van een grote open vallei.\r\nHet is een unieke omgeving met een natuurlijke charme die ons niet onberoerd laat.\r\nEn in de winter, wanneer de daken bedekt zijn met sneeuw, is het gewoonweg sprookjesachtig.\r\nMet andere woorden: als de Kerstman ooit zou moeten verhuizen, zou hij waarschijnlijk voor Ch\u00e2tel kiezen.<\/div>\n                                                                                                                <div class=\"GutCol2-text Content\">\n                                            <p><a class=\"Button-primary\" href=\"https:\/\/www.chatel.com\/nl\/ontdekken-chatel-in-winter\/het-dorp-in-winter\/bezienswaardigheden\/\">Lees meer<\/a><\/p>\n\n                                        <\/div>\n                                                                    <\/div>\n                            <\/div>\n                                                                                                                                                        <div class=\"GutCol2-wrap GutCol2-blocImage Right\">\n                                    <picture class=\"GutCol2-picture\">\n                                        <img decoding=\"async\" src=\"https:\/\/www.chatel.com\/content\/uploads\/2025\/09\/Chalet-588x588.jpg\"\n                                             alt=\"Chalet\" \/>\n                                    <\/picture>\n                                                                    <\/div>\n                                                                                            <\/div>\n    <\/div>\n\n\n<div class=\"GutVideo \">\n        <div class=\" GutContainer \">\n            <div class=\"GutTitle Center\">\n                    <span class=\"GutTitle-surtitle\">Natuurlijke intensiteit<\/span>\n                            <h2 class=\"GutTitle-title\">In video <\/h2>\n                            <span class=\"GutTitle-subtitle\">Komt het nog beter tot leven<\/span>\n            <\/div>\n\n            <div class=\"GutVideo-inner __video_parent\">\n                                    <picture class=\"GutVideo-pic __video_open\">\n                        <source srcset=\"https:\/\/www.chatel.com\/content\/uploads\/2025\/09\/Photo-menu-hiver-2-768x433.jpg\" media=\"(max-width: 768px)\">\n                        <source srcset=\"https:\/\/www.chatel.com\/content\/uploads\/2025\/09\/Photo-menu-hiver-2-992x559.jpg\" media=\"(max-width: 992px)\">\n                        <source srcset=\"https:\/\/www.chatel.com\/content\/uploads\/2025\/09\/Photo-menu-hiver-2-1196x673.jpg\" media=\"(min-width: 993px)\">\n                        <img decoding=\"async\" class=\"GutVideo-img\" src=\"https:\/\/www.chatel.com\/content\/uploads\/2025\/09\/Photo-menu-hiver-2-1196x673.jpg\" alt=\"Photo menu hiver 2\" \/>\n                    <\/picture>\n                                                    <div class=\"GutVideo-out __video_out\">\n                        <iframe class='Video' width='1920' height='1080' src='https:\/\/youtube.com\/embed\/5xQdk_n_vNk?&#038;rel=0' frameborder='0' controls='0' allow='accelerometer; encrypted-media; gyroscope; picture-in-picture' allowfullscreen><\/iframe>\n                    <\/div>\n                            <\/div>\n\n                    <\/div>\n    <\/div>\n\n\n<div class=\"GutGallery  GutContainer\">\n\n        <div class=\"GutTitle Center\">\n                            <h2 class=\"GutTitle-title\">Ch\u00e2tel, haar verhaal<\/h2>\n                            <span class=\"GutTitle-subtitle\">Terug naar de toekomst<\/span>\n            <\/div>\n\n                    <div class=\"GutGallery-container four_column __gallery\" id=\"gallery_6a0a2d089cf88\" data-galleryid=\"gallery_6a0a2d089cf88\" data-download=\"false\">\n                                                            <a class=\"GutGallery-item\"\n                           href=\"https:\/\/www.chatel.com\/content\/uploads\/2025\/09\/Village-5.jpg\"\n                            data-lg-size=\"872-872\"                                                    >\n                            <picture class=\"GutGallery-pic\">\n                                <img decoding=\"async\" class=\"GutGallery-img\" src=\"https:\/\/www.chatel.com\/content\/uploads\/2025\/09\/Village-5-322x322.jpg\" alt=\"Village 5\">\n                            <\/picture>\n                                                    <\/a>\n                                                                                <a class=\"GutGallery-item\"\n                           href=\"https:\/\/www.chatel.com\/content\/uploads\/2025\/09\/From.jpg\"\n                            data-lg-size=\"872-872\"                                                    >\n                            <picture class=\"GutGallery-pic\">\n                                <img decoding=\"async\" class=\"GutGallery-img\" src=\"https:\/\/www.chatel.com\/content\/uploads\/2025\/09\/From-322x322.jpg\" alt=\"From\">\n                            <\/picture>\n                                                    <\/a>\n                                                                                <a class=\"GutGallery-item\"\n                           href=\"https:\/\/www.chatel.com\/content\/uploads\/2025\/09\/Ski-T.jpg\"\n                            data-lg-size=\"872-872\"                                                    >\n                            <picture class=\"GutGallery-pic\">\n                                <img decoding=\"async\" class=\"GutGallery-img\" src=\"https:\/\/www.chatel.com\/content\/uploads\/2025\/09\/Ski-T-322x322.jpg\" alt=\"Ski T\">\n                            <\/picture>\n                                                    <\/a>\n                                                                                <a class=\"GutGallery-item\"\n                           href=\"https:\/\/www.chatel.com\/content\/uploads\/2025\/09\/Paysage.jpg\"\n                            data-lg-size=\"872-872\"                                                    >\n                            <picture class=\"GutGallery-pic\">\n                                <img decoding=\"async\" class=\"GutGallery-img\" src=\"https:\/\/www.chatel.com\/content\/uploads\/2025\/09\/Paysage-322x322.jpg\" alt=\"Paysage\">\n                            <\/picture>\n                                                    <\/a>\n                                                <\/div>\n            <\/div>\n\n\n<div class=\"GutText  GutContainer\">\n        <div class=\"GutText-inner\">\n            <div class=\"GutTitle Left\">\n                                    <span class=\"GutTitle-subtitle\">De geschiedenis van het skigebied<\/span>\n            <\/div>\n                                        <div class=\"GutText-wysiwyg Content\">\n                    <p data-start=\"103\" data-end=\"391\">Er was aanvankelijk een poging om te starten met kuurtoerisme, maar die mislukte. Ch\u00e2tel zette vervolgens haar eerste stappen in het zomertoerisme door vakantiegangers en herstellenden te ontvangen die op zoek waren naar schoonheid en rust, terwijl de pastorale activiteit behouden bleef.<\/p>\n<p data-start=\"393\" data-end=\"534\">De eerste ski\u00ebrs uit de regio waagden zich aan hellingen zonder enige liftinstallatie, waardoor het idee ontstond om een sleeplift te bouwen.<\/p>\n<p data-start=\"536\" data-end=\"684\">De sleeplift van Vonnes werd in 1947 gebouwd, wat de ontwikkeling naar een toeristisch skigebied mogelijk maakte dankzij de opkomst van wintersport.<\/p>\n<p data-start=\"686\" data-end=\"937\">Met Kerstmis 1948 arriveerde Roland Macchi, afkomstig uit Jura en vader van de toekomstige kampioene Fran\u00e7oise. Hij richtte de eerste skischool op en was ongeveer tien jaar directeur. Dit luidde een zekere opmars van Ch\u00e2tel in richting wintertoerisme.<\/p>\n<p data-start=\"939\" data-end=\"1168\">In de jaren \u201950 werden de hellingen van Morclan, van het dorp tot de top, uitgerust met een stoeltjeslift en een sleeplift. Er werd een hotel halverwege gebouwd en later nog een in het dorp. Dit gebied kreeg de naam Super-Ch\u00e2tel.<\/p>\n<p data-start=\"1170\" data-end=\"1441\">In die tijd betekende het overski\u00ebn naar Zwitserland het hoogtepunt van de nauwe banden tussen de inwoners van Ch\u00e2tel en die van Morgins (Morginois). De Portes du Soleil ontstonden als het ware in Super-Ch\u00e2tel, wat leidde tot de heropening van het Grand H\u00f4tel in Morgins.<\/p>\n<p data-start=\"1443\" data-end=\"1650\">Super-Ch\u00e2tel en de omgeving vormden het startpunt voor de bouw van winkels, kinderkampen, hotels en sportwinkels. De klantenkring bestond voornamelijk uit Parijzenaars die het skigebied begonnen te bezoeken.<\/p>\n<p data-start=\"1652\" data-end=\"1779\">De Portes du Soleil begonnen zich te ontwikkelen met een veelbelovende toekomst, waardoor verdere uitbreiding noodzakelijk was.<\/p>\n<p data-start=\"1781\" data-end=\"2032\">In 1967 werd het Linga-gebied gebouwd met een gondelbaan. In 1968 kwam het tweede gedeelte erbij, waardoor de top bereikbaar werd met 1000 meter hoogteverschil en een off-piste gebied bij de Combes! Enkele jaren later werd dit gebied verder uitgerust.<\/p>\n<p data-start=\"2034\" data-end=\"2248\">Daarna werd het Barbossine-gebied aan de kant van Super-Ch\u00e2tel ontwikkeld. Zo groeide Ch\u00e2tel uit tot een groot skigebied met verbindingen naar andere stations binnen het fantastische domein van de Portes du Soleil.<\/p>\n<p data-start=\"2250\" data-end=\"2502\">Ook het zomerseizoen kende een sterke groei met een breed aanbod aan voorzieningen, activiteiten en grote evenementen. In de jaren \u201970 kende de vastgoedmarkt een opleving, maar het dorpse karakter van het skigebied bleef behouden tot ieders genoegen.<\/p>\n<p data-start=\"2504\" data-end=\"2809\">De toeristen werden diverser en kwamen ook uit Noord-, Oost- en Zuid-Europa. Veel inwoners van Ch\u00e2tel bleven actief in de landbouw (ongeveer dertig families) met enkele honderden Abondance-koeien. In 2011 vierde dit ras zijn 120-jarig bestaan en produceert het de beroemde Abondance-kaas (AOC sinds 1990).<\/p>\n\n                <\/div>\n                    <\/div>\n    <\/div>\n","protected":false},"excerpt":{"rendered":"","protected":false},"author":3,"featured_media":0,"parent":13174,"menu_order":0,"comment_status":"closed","ping_status":"closed","template":"","meta":{"_acf_changed":false,"footnotes":""},"class_list":["post-13178","page","type-page","status-publish","hentry"],"acf":[],"_links":{"self":[{"href":"https:\/\/www.chatel.com\/nl\/wp-json\/wp\/v2\/pages\/13178","targetHints":{"allow":["GET"]}}],"collection":[{"href":"https:\/\/www.chatel.com\/nl\/wp-json\/wp\/v2\/pages"}],"about":[{"href":"https:\/\/www.chatel.com\/nl\/wp-json\/wp\/v2\/types\/page"}],"author":[{"embeddable":true,"href":"https:\/\/www.chatel.com\/nl\/wp-json\/wp\/v2\/users\/3"}],"replies":[{"embeddable":true,"href":"https:\/\/www.chatel.com\/nl\/wp-json\/wp\/v2\/comments?post=13178"}],"version-history":[{"count":17,"href":"https:\/\/www.chatel.com\/nl\/wp-json\/wp\/v2\/pages\/13178\/revisions"}],"predecessor-version":[{"id":31495,"href":"https:\/\/www.chatel.com\/nl\/wp-json\/wp\/v2\/pages\/13178\/revisions\/31495"}],"up":[{"embeddable":true,"href":"https:\/\/www.chatel.com\/nl\/wp-json\/wp\/v2\/pages\/13174"}],"wp:attachment":[{"href":"https:\/\/www.chatel.com\/nl\/wp-json\/wp\/v2\/media?parent=13178"}],"curies":[{"name":"wp","href":"https:\/\/api.w.org\/{rel}","templated":true}]}}