{"id":14242,"date":"2025-05-05T16:56:42","date_gmt":"2025-05-05T14:56:42","guid":{"rendered":"https:\/\/www.chatel.com\/location-et-vente-de-vtt-freeride-dh\/"},"modified":"2026-04-01T16:46:10","modified_gmt":"2026-04-01T14:46:10","slug":"freeride-dh-verhuur-en-verkoop","status":"publish","type":"page","link":"https:\/\/www.chatel.com\/nl\/wandelen-en-mountainbiken\/mountainbiken\/freeride-dh-verhuur-en-verkoop\/","title":{"rendered":"Freeride \/ DH verhuur en verkoop"},"content":{"rendered":"<div class=\"GutImage  GutContainer\">\n        <div class=\"GutImage-container\">\n                        \n                            <picture class=\"GutImage-pic\">\n                    <source srcset=\"https:\/\/www.chatel.com\/content\/uploads\/2025\/06\/CHATEL_L.-MEYER_bike-park_20240627_15-768x433.jpg\" media=\"(max-width: 768px)\">\n                    <source srcset=\"https:\/\/www.chatel.com\/content\/uploads\/2025\/06\/CHATEL_L.-MEYER_bike-park_20240627_15-992x559.jpg\" media=\"(max-width: 992px)\">\n                    <source srcset=\"https:\/\/www.chatel.com\/content\/uploads\/2025\/06\/CHATEL_L.-MEYER_bike-park_20240627_15-1348x760.jpg\" media=\"(min-width: 993px)\">\n                    <img decoding=\"async\" class=\"GutImage-img\" src=\"https:\/\/www.chatel.com\/content\/uploads\/2025\/06\/CHATEL_L.-MEYER_bike-park_20240627_15-1348x760.jpg\" alt=\"CHATEL_L. MEYER_bike park_20240627_15\" \/>\n                <\/picture>\n                                <\/div>\n    <\/div>\n\n\n<div class=\"GutText  GutContainer\">\n        <div class=\"GutText-inner\">\n                                        <div class=\"GutText-intro Center\">Zin om naar het bike park van Ch\u00e2tel te gaan of een fietstocht te maken?<\/div>\n                                        <div class=\"GutText-wysiwyg Content\">\n                    <p style=\"text-align: center;\">Er zijn tal van winkels in het dorp waar u alles vindt wat u nodig hebt voor uw fietstochten: mountainbikes, VAE&#8217;s, beschermende uitrusting, accessoires en technische kleding. Of u nu een beginner bent, een downhill-liefhebber of een liefhebber van rustige ritten, u vindt er kwaliteitsuitrusting voor alle niveaus en stijlen van fietsen. Bovendien zijn de teams in de winkel gepassioneerd en ervaren: ze geven u zorgvuldig advies, helpen u de juiste uitrusting te kiezen en bieden diensten aan zoals het afstellen, onderhouden en repareren van fietsen.<\/p>\n\n                <\/div>\n                    <\/div>\n    <\/div>\n\n\n<div class=\"ApiListing __altimax_listing \" data-js=\"{&quot;action_load&quot;:&quot;apidae_listing_load&quot;,&quot;action_map_tiles&quot;:&quot;apidae_listing_load_map_tiles&quot;,&quot;action_filters&quot;:&quot;apidae_listing_filters&quot;,&quot;action_pdf&quot;:&quot;apidae_listing_pdf&quot;,&quot;post_id&quot;:14242,&quot;blog_id&quot;:1,&quot;uid&quot;:1,&quot;cache_key&quot;:&quot;f1db6e31a3b0277de4aa260ad177f0ce&quot;,&quot;is_agenda&quot;:false,&quot;listing_mode&quot;:&quot;listing&quot;,&quot;use_filters&quot;:true,&quot;use_share&quot;:false,&quot;paginator&quot;:{&quot;currentPage&quot;:1,&quot;maxPerPage&quot;:10,&quot;count&quot;:3,&quot;totalPages&quot;:1,&quot;nextPage&quot;:1,&quot;html&quot;:&quot;    &lt;li class=\\&quot;Paginator-page __altimax_listing_load active\\&quot;\\n        data-index=\\&quot;1\\&quot; &gt;\\n        &lt;span&gt;1&lt;\\\/span&gt;\\n    &lt;\\\/li&gt;\\n&quot;},&quot;ajax_url&quot;:&quot;https:\\\/\\\/www.chatel.com\\\/cms\\\/wp-admin\\\/admin-ajax.php&quot;,&quot;lang&quot;:&quot;nl&quot;}\">\n\n        <div class=\"ApiListingLoader __altimax_loader\">\n        <div class=\"ApiListingLoader-container\">\n            <div class=\"ApiListingLoader-ring\"><\/div>\n        <\/div>\n    <\/div>\n\n                                    \n                                \n                                \n\n                                                                                \n    <div class=\"ApiListing-container\">\n        <div class=\"ApiListing-control container_full filter\">\n                            <button class=\"ApiListing-filter desktop __altimax_toggle_filters Button-full\">Filtrer<\/button>\n                        \n            \n                                                                                                                            \n            <div class=\"ApiListing-result\">\n                <div class=\"ApiListing-result--number __altimax_listing_count\">3<\/div>\n                Resultaten\n            <\/div>\n                    <\/div>\n\n        <div class=\"ApiListing-wrapper container_full filter filter\">\n                <div class=\"ApiListingFilter __altimax_filters\">\n        <div class=\"ApiListingFilter-container\">\n            <div class=\"ApiListingFilter-content\">\n                <div class=\"ApiListingFilter-top\">\n                    <div class=\"ApiListingFilter-col\">\n                        <span class=\"ApiListingFilter-title\">Filter uw zoekopdracht<\/span>\n                        <button class=\"ApiListingFilter-reinit __altimax_filters_reset\">\n                            <img decoding=\"async\" class=\"ApiListingFilter-reinit--svg svg\" src=\"\/content\/themes\/theme_altimax\/dist\/img\/apidae\/system\/SYSTEM-CTA-Cross-18px.svg\"\/>\n                            Filters resetten\n                        <\/button>\n                    <\/div>\n                    <button class=\"ApiListingFilter-close __altimax_toggle_filters\"><\/button>\n                <\/div>\n\n                \n                            \n\n                <div class=\"ApiListingFilter-wrapper __altimax_filters_content\">\n                                            <div class=\"ApiListingFilter-group __altimax_filters_filter_group\"\n                 data-group='{&quot;name&quot;:&quot;Sectoren&quot;,&quot;uid&quot;:&quot;quartiers&quot;,&quot;description&quot;:null,&quot;config&quot;:{&quot;combination&quot;:&quot;and&quot;,&quot;template&quot;:&quot;list&quot;,&quot;order&quot;:&quot;desc&quot;,&quot;order_by&quot;:&quot;alphabetic&quot;,&quot;keep_filters&quot;:false},&quot;filters&quot;:[{&quot;index&quot;:1,&quot;name&quot;:&quot;Centre&quot;,&quot;active&quot;:false,&quot;translate&quot;:false,&quot;type&quot;:&quot;critere_interne&quot;,&quot;element_reference_types&quot;:[],&quot;ids&quot;:[],&quot;propriete&quot;:null,&quot;strict&quot;:true,&quot;values&quot;:[&quot;29607&quot;],&quot;template&quot;:&quot;list_item&quot;,&quot;count&quot;:1},{&quot;index&quot;:8,&quot;name&quot;:&quot;Linga&quot;,&quot;active&quot;:false,&quot;translate&quot;:false,&quot;type&quot;:&quot;critere_interne&quot;,&quot;element_reference_types&quot;:[],&quot;ids&quot;:[],&quot;propriete&quot;:null,&quot;strict&quot;:true,&quot;values&quot;:[&quot;29616&quot;],&quot;template&quot;:&quot;list_item&quot;,&quot;count&quot;:1},{&quot;index&quot;:17,&quot;name&quot;:&quot;Pr\\u00e9 la Joux&quot;,&quot;active&quot;:false,&quot;translate&quot;:false,&quot;type&quot;:&quot;critere_interne&quot;,&quot;element_reference_types&quot;:[],&quot;ids&quot;:[],&quot;propriete&quot;:null,&quot;strict&quot;:true,&quot;values&quot;:[&quot;29620&quot;],&quot;template&quot;:&quot;list_item&quot;,&quot;count&quot;:1}],&quot;count&quot;:3}'>\n                <div class=\"ApiListingFilter-group--wrapper \">\n    <span class=\"ApiListingFilter-group--title __accordion\">Sectoren<\/span>\n    <div class=\"ApiListingFilter-group--wrap\">\n        <ul class=\"ApiListingFilter-group--list\">\n                            <li class=\"ApiListingFilter-criteria--item\">\n    <span class=\"ApiListingFilter-checkbox __altimax_filters_filter \"\n          data-filter='{&quot;index&quot;:1,&quot;name&quot;:&quot;Centre&quot;,&quot;active&quot;:false,&quot;translate&quot;:false,&quot;type&quot;:&quot;critere_interne&quot;,&quot;element_reference_types&quot;:[],&quot;ids&quot;:[],&quot;propriete&quot;:null,&quot;strict&quot;:true,&quot;values&quot;:[&quot;29607&quot;],&quot;template&quot;:&quot;list_item&quot;,&quot;count&quot;:1}'>\n        <span class=\"box\"><\/span>\n        <span class=\"ApiListingFilter-checkbox--value\">\n            Centre\n                                    <span>(1)<\/span>\n                        <\/span>\n    <\/span>\n<\/li>                            <li class=\"ApiListingFilter-criteria--item\">\n    <span class=\"ApiListingFilter-checkbox __altimax_filters_filter \"\n          data-filter='{&quot;index&quot;:8,&quot;name&quot;:&quot;Linga&quot;,&quot;active&quot;:false,&quot;translate&quot;:false,&quot;type&quot;:&quot;critere_interne&quot;,&quot;element_reference_types&quot;:[],&quot;ids&quot;:[],&quot;propriete&quot;:null,&quot;strict&quot;:true,&quot;values&quot;:[&quot;29616&quot;],&quot;template&quot;:&quot;list_item&quot;,&quot;count&quot;:1}'>\n        <span class=\"box\"><\/span>\n        <span class=\"ApiListingFilter-checkbox--value\">\n            Linga\n                                    <span>(1)<\/span>\n                        <\/span>\n    <\/span>\n<\/li>                            <li class=\"ApiListingFilter-criteria--item\">\n    <span class=\"ApiListingFilter-checkbox __altimax_filters_filter \"\n          data-filter='{&quot;index&quot;:17,&quot;name&quot;:&quot;Pr\\u00e9 la Joux&quot;,&quot;active&quot;:false,&quot;translate&quot;:false,&quot;type&quot;:&quot;critere_interne&quot;,&quot;element_reference_types&quot;:[],&quot;ids&quot;:[],&quot;propriete&quot;:null,&quot;strict&quot;:true,&quot;values&quot;:[&quot;29620&quot;],&quot;template&quot;:&quot;list_item&quot;,&quot;count&quot;:1}'>\n        <span class=\"box\"><\/span>\n        <span class=\"ApiListingFilter-checkbox--value\">\n            Pr\u00e9 la Joux\n                                    <span>(1)<\/span>\n                        <\/span>\n    <\/span>\n<\/li>                    <\/ul>\n    <\/div>\n<\/div>            <\/div>\n                                <div class=\"ApiListingFilter-group __altimax_filters_filter_group\"\n                 data-group='{&quot;name&quot;:&quot;Soorten fietsen&quot;,&quot;uid&quot;:&quot;types_location_cycles&quot;,&quot;description&quot;:null,&quot;config&quot;:{&quot;combination&quot;:&quot;and&quot;,&quot;template&quot;:&quot;list&quot;,&quot;order&quot;:&quot;desc&quot;,&quot;order_by&quot;:&quot;none&quot;,&quot;keep_filters&quot;:false},&quot;filters&quot;:[{&quot;index&quot;:0,&quot;name&quot;:&quot;Mountainbikeverhuur&quot;,&quot;active&quot;:false,&quot;translate&quot;:false,&quot;type&quot;:&quot;element_reference&quot;,&quot;element_reference_types&quot;:[],&quot;ids&quot;:[],&quot;propriete&quot;:null,&quot;strict&quot;:true,&quot;values&quot;:[&quot;3889&quot;],&quot;template&quot;:&quot;list_item&quot;,&quot;count&quot;:2},{&quot;index&quot;:1,&quot;name&quot;:&quot;Downhill mountainbike verhuur (DH)&quot;,&quot;active&quot;:false,&quot;translate&quot;:false,&quot;type&quot;:&quot;element_reference&quot;,&quot;element_reference_types&quot;:[],&quot;ids&quot;:[],&quot;propriete&quot;:null,&quot;strict&quot;:true,&quot;values&quot;:[&quot;5303&quot;],&quot;template&quot;:&quot;list_item&quot;,&quot;count&quot;:3},{&quot;index&quot;:2,&quot;name&quot;:&quot;MTB-verhuur van Enduro&quot;,&quot;active&quot;:false,&quot;translate&quot;:false,&quot;type&quot;:&quot;element_reference&quot;,&quot;element_reference_types&quot;:[],&quot;ids&quot;:[],&quot;propriete&quot;:null,&quot;strict&quot;:true,&quot;values&quot;:[&quot;5305&quot;],&quot;template&quot;:&quot;list_item&quot;,&quot;count&quot;:1},{&quot;index&quot;:3,&quot;name&quot;:&quot;Cross Country MTB-verhuur (XC Mountain Bike)&quot;,&quot;active&quot;:false,&quot;translate&quot;:false,&quot;type&quot;:&quot;element_reference&quot;,&quot;element_reference_types&quot;:[],&quot;ids&quot;:[],&quot;propriete&quot;:null,&quot;strict&quot;:true,&quot;values&quot;:[&quot;5304&quot;],&quot;template&quot;:&quot;list_item&quot;,&quot;count&quot;:1}],&quot;count&quot;:7}'>\n                <div class=\"ApiListingFilter-group--wrapper \">\n    <span class=\"ApiListingFilter-group--title __accordion\">Soorten fietsen<\/span>\n    <div class=\"ApiListingFilter-group--wrap\">\n        <ul class=\"ApiListingFilter-group--list\">\n                            <li class=\"ApiListingFilter-criteria--item\">\n    <span class=\"ApiListingFilter-checkbox __altimax_filters_filter \"\n          data-filter='{&quot;index&quot;:0,&quot;name&quot;:&quot;Mountainbikeverhuur&quot;,&quot;active&quot;:false,&quot;translate&quot;:false,&quot;type&quot;:&quot;element_reference&quot;,&quot;element_reference_types&quot;:[],&quot;ids&quot;:[],&quot;propriete&quot;:null,&quot;strict&quot;:true,&quot;values&quot;:[&quot;3889&quot;],&quot;template&quot;:&quot;list_item&quot;,&quot;count&quot;:2}'>\n        <span class=\"box\"><\/span>\n        <span class=\"ApiListingFilter-checkbox--value\">\n            Mountainbikeverhuur\n                                    <span>(2)<\/span>\n                        <\/span>\n    <\/span>\n<\/li>                            <li class=\"ApiListingFilter-criteria--item\">\n    <span class=\"ApiListingFilter-checkbox __altimax_filters_filter \"\n          data-filter='{&quot;index&quot;:1,&quot;name&quot;:&quot;Downhill mountainbike verhuur (DH)&quot;,&quot;active&quot;:false,&quot;translate&quot;:false,&quot;type&quot;:&quot;element_reference&quot;,&quot;element_reference_types&quot;:[],&quot;ids&quot;:[],&quot;propriete&quot;:null,&quot;strict&quot;:true,&quot;values&quot;:[&quot;5303&quot;],&quot;template&quot;:&quot;list_item&quot;,&quot;count&quot;:3}'>\n        <span class=\"box\"><\/span>\n        <span class=\"ApiListingFilter-checkbox--value\">\n            Downhill mountainbike verhuur (DH)\n                                    <span>(3)<\/span>\n                        <\/span>\n    <\/span>\n<\/li>                            <li class=\"ApiListingFilter-criteria--item\">\n    <span class=\"ApiListingFilter-checkbox __altimax_filters_filter \"\n          data-filter='{&quot;index&quot;:2,&quot;name&quot;:&quot;MTB-verhuur van Enduro&quot;,&quot;active&quot;:false,&quot;translate&quot;:false,&quot;type&quot;:&quot;element_reference&quot;,&quot;element_reference_types&quot;:[],&quot;ids&quot;:[],&quot;propriete&quot;:null,&quot;strict&quot;:true,&quot;values&quot;:[&quot;5305&quot;],&quot;template&quot;:&quot;list_item&quot;,&quot;count&quot;:1}'>\n        <span class=\"box\"><\/span>\n        <span class=\"ApiListingFilter-checkbox--value\">\n            MTB-verhuur van Enduro\n                                    <span>(1)<\/span>\n                        <\/span>\n    <\/span>\n<\/li>                            <li class=\"ApiListingFilter-criteria--item\">\n    <span class=\"ApiListingFilter-checkbox __altimax_filters_filter \"\n          data-filter='{&quot;index&quot;:3,&quot;name&quot;:&quot;Cross Country MTB-verhuur (XC Mountain Bike)&quot;,&quot;active&quot;:false,&quot;translate&quot;:false,&quot;type&quot;:&quot;element_reference&quot;,&quot;element_reference_types&quot;:[],&quot;ids&quot;:[],&quot;propriete&quot;:null,&quot;strict&quot;:true,&quot;values&quot;:[&quot;5304&quot;],&quot;template&quot;:&quot;list_item&quot;,&quot;count&quot;:1}'>\n        <span class=\"box\"><\/span>\n        <span class=\"ApiListingFilter-checkbox--value\">\n            Cross Country MTB-verhuur (XC Mountain Bike)\n                                    <span>(1)<\/span>\n                        <\/span>\n    <\/span>\n<\/li>                    <\/ul>\n    <\/div>\n<\/div>            <\/div>\n            \n\n                <\/div>\n                <div class=\"ApiListingFilter-wrapper\">\n                    \n                <\/div>\n            <\/div>\n            <button class=\"ApiListingFilter-close--btn Button-full __altimax_toggle_filters\">Voir les r\u00e9sultats<\/button>\n        <\/div>\n        <div class=\"ApiListingFilter-overflow __altimax_toggle_filters\"><\/div>\n    <\/div>\n\n                            <ul class=\"ApiListing-list __altimax_listing_content\">\n                                            \n<li class=\"ApiTile ApiTileDefault __altimax_listing_item \"\n    data-properties=\"\"\n    data-roadbook-item=\"600037\"\n    data-apidae=\"600037\"\n    data-event-category=\"Apidae affichage\"\n    data-event-action=\"vue teaser\"\n    data-event-label=\"600037 : Switch 5 - ATB verhuur\">\n    <a href=\"\/nl\/pois\/switch-5-atb-verhuur-chatel\/\" class=\"__altimax_tile_url ApiTile-link ApiTileDefault-link\" title=\"Switch 5 - ATB verhuur\" target=\"_blank\">\n        \n        \n            <picture class=\"ApiTile-picture ApiTileDefault-picture\">\n        <img decoding=\"async\" class=\"ApiTile-img ApiTileAgenda-img\" src=\"\/cache\/images\/29698981_apidae-tile.jpg\" alt=\"Switch 5 - ATB verhuur\">\n    <\/picture>\n\n        <div class=\"ApiTile-content ApiTileDefault-content\">\n            \n            <div class=\"ApiTile-top ApiTileDefault-top\">\n                                                            <\/div>\n\n            <h2 class=\"ApiTile-title ApiTileDefault-title\">\n    Switch 5 &#8211; ATB verhuur\n                                <\/h2>\n                        \n                                <\/div>\n    <\/a>\n<\/li>\n\n                                            \n<li class=\"ApiTile ApiTileDefault __altimax_listing_item \"\n    data-properties=\"\"\n    data-roadbook-item=\"599624\"\n    data-apidae=\"599624\"\n    data-event-category=\"Apidae affichage\"\n    data-event-action=\"vue teaser\"\n    data-event-label=\"599624 : Mountain Ride - C\u00e9dric M\u00e9si\u00e8re - ATB verhuur\">\n    <a href=\"\/nl\/pois\/mountain-ride-cedric-mesiere-atb-verhuur-chatel-ete\/\" class=\"__altimax_tile_url ApiTile-link ApiTileDefault-link\" title=\"Mountain Ride - C\u00e9dric M\u00e9si\u00e8re - ATB verhuur\" target=\"_blank\">\n        \n        \n            <picture class=\"ApiTile-picture ApiTileDefault-picture\">\n        <img decoding=\"async\" class=\"ApiTile-img ApiTileAgenda-img\" src=\"\/cache\/images\/3556089_apidae-tile.jpg\" alt=\"Mountain Ride - C\u00e9dric M\u00e9si\u00e8re - ATB verhuur\">\n    <\/picture>\n\n        <div class=\"ApiTile-content ApiTileDefault-content\">\n            \n            <div class=\"ApiTile-top ApiTileDefault-top\">\n                                                            <\/div>\n\n            <h2 class=\"ApiTile-title ApiTileDefault-title\">\n    Mountain Ride &#8211; C\u00e9dric M\u00e9si\u00e8re &#8211; ATB verhuur\n                                <\/h2>\n                        \n                                <\/div>\n    <\/a>\n<\/li>\n\n                                            \n<li class=\"ApiTile ApiTileDefault __altimax_listing_item \"\n    data-properties=\"\"\n    data-roadbook-item=\"6832879\"\n    data-apidae=\"6832879\"\n    data-event-category=\"Apidae affichage\"\n    data-event-action=\"vue teaser\"\n    data-event-label=\"6832879 : Pr\u00e9 la Joux Sports - ATB verhuur\">\n    <a href=\"\/nl\/winkels\/pre-la-joux-sports-atb-verhuur-chatel-ete\/\" class=\"__altimax_tile_url ApiTile-link ApiTileDefault-link\" title=\"Pr\u00e9 la Joux Sports - ATB verhuur\" target=\"_blank\">\n        \n        \n            <picture class=\"ApiTile-picture ApiTileDefault-picture\">\n        <img decoding=\"async\" class=\"ApiTile-img ApiTileAgenda-img\" src=\"\/cache\/images\/24032920_apidae-tile.jpeg\" alt=\"Pr\u00e9 la Joux Sports - ATB verhuur\">\n    <\/picture>\n\n        <div class=\"ApiTile-content ApiTileDefault-content\">\n            \n            <div class=\"ApiTile-top ApiTileDefault-top\">\n                                                            <\/div>\n\n            <h2 class=\"ApiTile-title ApiTileDefault-title\">\n    Pr\u00e9 la Joux Sports &#8211; ATB verhuur\n                                <\/h2>\n                        \n                                <\/div>\n    <\/a>\n<\/li>\n\n                                    <\/ul>\n                                    \n        <\/div>\n                    <ul class=\"Paginator __altimax_listing_paginator\">\n                    <li class=\"Paginator-page __altimax_listing_load active\"\n        data-index=\"1\" >\n        <span>1<\/span>\n    <\/li>\n\n            <\/ul>\n            <\/div>\n<\/div>","protected":false},"excerpt":{"rendered":"","protected":false},"author":3,"featured_media":0,"parent":14253,"menu_order":1,"comment_status":"closed","ping_status":"closed","template":"","meta":{"_acf_changed":false,"footnotes":""},"class_list":["post-14242","page","type-page","status-publish","hentry"],"acf":[],"_links":{"self":[{"href":"https:\/\/www.chatel.com\/nl\/wp-json\/wp\/v2\/pages\/14242","targetHints":{"allow":["GET"]}}],"collection":[{"href":"https:\/\/www.chatel.com\/nl\/wp-json\/wp\/v2\/pages"}],"about":[{"href":"https:\/\/www.chatel.com\/nl\/wp-json\/wp\/v2\/types\/page"}],"author":[{"embeddable":true,"href":"https:\/\/www.chatel.com\/nl\/wp-json\/wp\/v2\/users\/3"}],"replies":[{"embeddable":true,"href":"https:\/\/www.chatel.com\/nl\/wp-json\/wp\/v2\/comments?post=14242"}],"version-history":[{"count":5,"href":"https:\/\/www.chatel.com\/nl\/wp-json\/wp\/v2\/pages\/14242\/revisions"}],"predecessor-version":[{"id":90548,"href":"https:\/\/www.chatel.com\/nl\/wp-json\/wp\/v2\/pages\/14242\/revisions\/90548"}],"up":[{"embeddable":true,"href":"https:\/\/www.chatel.com\/nl\/wp-json\/wp\/v2\/pages\/14253"}],"wp:attachment":[{"href":"https:\/\/www.chatel.com\/nl\/wp-json\/wp\/v2\/media?parent=14242"}],"curies":[{"name":"wp","href":"https:\/\/api.w.org\/{rel}","templated":true}]}}