{"id":18208,"date":"2025-04-30T16:58:52","date_gmt":"2025-04-30T14:58:52","guid":{"rendered":"https:\/\/www.chatel.com\/?page_id=18208"},"modified":"2026-04-14T17:38:38","modified_gmt":"2026-04-14T15:38:38","slug":"reisinformatie-chatel","status":"publish","type":"page","link":"https:\/\/www.chatel.com\/nl\/verblijven-in-zomer\/toegankelijkheid-vervoer-zomer\/reisinformatie-chatel\/","title":{"rendered":"Reisinformatie Ch\u00e2tel"},"content":{"rendered":"<div class=\"GutText  GutContainer\">\n        <div class=\"GutText-inner\">\n                                                    <div class=\"GutText-wysiwyg Content\">\n                    <p>Ch\u00e2tel, in het hart van skigebied Les Portes du Soleil, tussen het meer van Gen\u00e8ve en de Mont Blanc, ligt op 20 minuten van de Zwitserse snelwegen, op 30 minuten van het treinstation van Aigle, op 1u40 uur van de internationale luchthaven van Gen\u00e8ve Cointrin en op 45 minuten van het treinstation van Thonon-les-Bains.<\/p>\n<p>GPS co\u00f6rdinaten:<\/p>\n<ul>\n<li>Breedtegraad: 46.269966<\/li>\n<li>Lengtegraad: 06.840753<\/li>\n<\/ul>\n<p>&nbsp;<\/p>\n\n                <\/div>\n                    <\/div>\n    <\/div>\n\n\n<div class=\"GutCol2  GutContainer\">\n        <div class=\"GutCol2-container\">\n\n            <div class=\"GutTitle Center\">\n                            <h2 class=\"GutTitle-title\"> Met de trein <\/h2>\n                            <span class=\"GutTitle-subtitle\">Stations die het station bedienen<\/span>\n            <\/div>\n\n                                                                                                        <div class=\"GutCol2-wrap GutCol2-blocTexte Left\">\n                                <div class=\"GutCol2-blocTexte--inner\">\n                                                                            <div class=\"GutTitle Left\">\n                                    <span class=\"GutTitle-subtitle\">Vanuit Frankrijk :<\/span>\n            <\/div>\n                                                                                                                                                    <div class=\"GutCol2-text Content\">\n                                            <p>Treinstation van Thonon-les-Bains of van Evian-les-Bains<br \/>\nInformatie en reserveringen: \u00a0SNCF<br \/>\n<a href=\"https:\/\/www.sncf-connect.com\/\" target=\"_blank\" rel=\"noopener\">www.sncf-connect.com<\/a><\/p>\n<p style=\"text-align: center;\"><strong>Transfers tussen treinstations en skigebied.<\/strong><\/p>\n<p><strong>Vanuit Thonon-les-Bains:<\/strong><\/p>\n<p><strong> \u2666 met de bus:<\/strong><\/p>\n<p>Van Thonon-les-Bains &#8211; P\u00f4le des Arts &#8211; Lijn 12. Let op: tijdens het winter- en zomerseizoen, in het weekend en op feestdagen wordt het aantal rotaties verminderd, dus het is aan te raden om tot Evian te gaan.<\/p>\n<p><a class=\"Button-primary\" href=\"https:\/\/www.chatel.com\/content\/uploads\/2026\/04\/Horaires-ligne-12-du-20.04-au-31.08.26.pdf\" target=\"_blank\" rel=\"noopener\">Dienstregeling voor bussen van lijn 12 tussen Ch\u00e2tel en Thonon van 20 april t\/m 31 augustus 2026<\/a><\/p>\n<p>&nbsp;<\/p>\n<p><strong>\u2666\u00a0per taxi:<\/strong><\/p>\n<ul>\n<li>1 t\/m 4 personen: van \u20ac90 tot \u20ac130<\/li>\n<li>5 personen: van \u20ac105 tot \u20ac140<\/li>\n<li>6 personen: van \u20ac120 tot \u20ac150<\/li>\n<li>7 personen: van \u20ac125 tot \u20ac160<\/li>\n<li>8 personen: van \u20ac140 tot \u20ac180<\/li>\n<\/ul>\n<p>(geschatte kosten afhankelijk van aantal personen en dienstregeling)<\/p>\n<p><strong>Vanuit \u00c9vian les Bains:<\/strong><\/p>\n<p><strong>\u2666 met de bus:<\/strong><\/p>\n<p>Tijdens het winter- en zomerseizoen :\u00a0van Evian-les-Bains treinstation- Lijn VEX &#8211; Alleen op zaterdag, zondag en feestdagen<\/p>\n<p>&nbsp;<\/p>\n<p>&nbsp;<\/p>\n<p>&nbsp;<\/p>\n\n                                        <\/div>\n                                                                    <\/div>\n                            <\/div>\n                                                                                                                        <div class=\"GutCol2-wrap GutCol2-blocTexte Right\">\n                                <div class=\"GutCol2-blocTexte--inner\">\n                                                                            <div class=\"GutTitle Left\">\n                                    <span class=\"GutTitle-subtitle\">Vanuit Zwitserland:<\/span>\n            <\/div>\n                                                                                                                                                    <div class=\"GutCol2-text Content\">\n                                            <p>Het treinstation van Aigle verzorgt dagelijkse verbindingen met de luchthaven van Gen\u00e8ve.<\/p>\n<p>Informatie en reserveringen:<\/p>\n<p>T\u00e9l. 00 41 (0)900 300 300 (CHF 1.19\/min) &#8211; <a href=\"https:\/\/www.sbb.ch\/en\" target=\"_blank\" rel=\"noopener\">Website<\/a><\/p>\n<p style=\"text-align: center;\"><strong>Transfers tussen treinstations en skigebied<\/strong><\/p>\n<p><strong>Vanuit Aigle:<\/strong><\/p>\n<p>\u2666<strong>\u00a0per taxi<\/strong> (geschatte kosten afhankelijk van aantal personen en dienstregeling):<\/p>\n<ul>\n<li>1 t\/m 4 personen: van \u20ac75 tot \u20ac100<\/li>\n<li>5 personen: van \u20ac85 tot \u20ac115<\/li>\n<li>6 personen: van \u20ac100 tot \u20ac130<\/li>\n<li>7 personen: van \u20ac110 tot \u20ac140<\/li>\n<li>8 personen: van \u20ac120 tot \u20ac155<\/li>\n<\/ul>\n<p><strong>Vanuit Gen\u00e8ve :<\/strong><\/p>\n<p>Dagelijkse verbindingen tussen de treinstations van Gen\u00e8ve en Thonon.<\/p>\n<p>&nbsp;<\/p>\n<p style=\"text-align: center;\"><a class=\"Button-primary\" href=\"https:\/\/www.chatel.com\/nl\/verblijven-in-zomer\/toegankelijkheid-vervoer-zomer\/taxis-passagiersvervoerders\/\" target=\"_blank\" rel=\"noopener\">Zoek een taxi, een minibus<\/a><\/p>\n\n                                        <\/div>\n                                                                    <\/div>\n                            <\/div>\n                                                                <\/div>\n    <\/div>\n\n\n<div class=\"GutCol2 BgColor GutContainer\">\n        <div class=\"GutCol2-container\">\n\n            <div class=\"GutTitle Center\">\n                            <h2 class=\"GutTitle-title\">Met het vliegtuig<\/h2>\n                    <\/div>\n\n                                                                                                        <div class=\"GutCol2-wrap GutCol2-blocTexte Left\">\n                                <div class=\"GutCol2-blocTexte--inner\">\n                                                                                                                <div class=\"GutCol2-intro\">De internationale luchthaven Gen\u00e8ve A\u00e9roport ligt op 1u40 van Ch\u00e2tel.<\/div>\n                                                                                                                <div class=\"GutCol2-text Content\">\n                                            <p>Informatie en reserveringen:<\/p>\n<ul>\n<li>Bureau Accueil France : Tel. 00 41 (0)22 7798 2000 &#8211;<a href=\"https:\/\/www.gva.ch\/en\/\" target=\"_blank\" rel=\"noopener\">Wesite<\/a><\/li>\n<li>Air France : Tel. 3654. &#8211; <a href=\"https:\/\/wwws.airfrance.nl\/\" target=\"_blank\" rel=\"noopener\">Website<\/a><\/li>\n<li>Easyjet<br \/>\n&#8211; van Frankrijk Tel. 0033 (0)820 420 315<br \/>\n&#8211; van Zwitserland Tel. 0041 (0)848 28 28 28<br \/>\n&#8211; <a href=\"https:\/\/www.easyjet.com\/nl\" target=\"_blank\" rel=\"noopener\">Website<\/a><\/li>\n<\/ul>\n<p>&nbsp;<\/p>\n\n                                        <\/div>\n                                                                    <\/div>\n                            <\/div>\n                                                                                                                        <div class=\"GutCol2-wrap GutCol2-blocTexte Right\">\n                                <div class=\"GutCol2-blocTexte--inner\">\n                                                                            <div class=\"GutTitle Left\">\n                                    <span class=\"GutTitle-subtitle\">De verbindingen Vliegveld \/ Dorp<\/span>\n            <\/div>\n                                                                                                                                                    <div class=\"GutCol2-text Content\">\n                                            <p><strong>Om vanaf het vliegveld van Gen\u00e8ve naar Ch\u00e2tel te komen zijn er verscheidene mogelijkheden:<\/strong><\/p>\n<p>\u2666 <em><strong>Per taxi, mini bus of bus vanaf het vliegveld naar Ch\u00e2tel<\/strong><\/em>.<\/p>\n<p style=\"padding-left: 40px;\">Geschatte kosten (afhankelijk van aantal personen en dienstregeling) : tussen \u20ac180 en \u20ac360.<\/p>\n<p><em><strong>\u2666 Per trein vanaf het vliegveld naar Aigle, vervolgens een taxi, minibus of bus naar Ch\u00e2tel.<\/strong> <\/em><\/p>\n<p style=\"padding-left: 40px;\">Er vertrekt ongeveer iedere 30 minuten een trein vanaf het vliegveld van Gen\u00e8ve naar Aigle.<br \/>\nPrijs van een treinticket: informatie op\u00a0<a href=\"https:\/\/www.sbb.ch\/en\" target=\"_blank\" rel=\"noopener\">Website<\/a><br \/>\nGeschatte kosten van transport tussen Aigle en Ch\u00e2tel: tussen \u20ac75 en \u20ac155.<\/p>\n<p><em><strong>\u2666 Per trein L\u00e9man Express tot aan het treinstation van Thonon Les Bains en vervolgens een bus (openbaar vervoer) vanaf naar Ch\u00e2tel.<\/strong> <\/em><\/p>\n<p style=\"padding-left: 80px;\"><a href=\"https:\/\/www.lemanexpress.com\/en\/\" target=\"_blank\" rel=\"noopener\">Informatie<\/a><\/p>\n<p><em><strong>\u2666 Transport vliegvelden &#8211; skigebieden:<\/strong><\/em><br \/>\nBlugeon H\u00e9licopt\u00e8re biedt ook de mogelijkheid tot transport, vanaf het moment dat uw vliegtuig landt naar uw vakantiebestemming. U hoeft alleen maar te genieten van de vlucht. Vertrel vanaf Gen\u00e8ve, Lyon, Annecy, Chamb\u00e9ry, Grenoble om naar de bestemming van uw keuze te vliegen. Wij garanderen een vlucht zonder files maar m\u00e9t sublieme uitzichten.<br \/>\nTel : +33(0) 450 75 99 15 of +33(0)6 11 18 18 74 &#8211; <a href=\"https:\/\/www.blugeon-helicoptere.com\/\" target=\"_blank\" rel=\"noopener\">Website<\/a><\/p>\n\n                                        <\/div>\n                                                                    <\/div>\n                            <\/div>\n                                                                <\/div>\n    <\/div>\n\n\n<div class=\"GutText  GutContainer\">\n        <div class=\"GutText-inner\">\n            <div class=\"GutTitle Center\">\n                            <h2 class=\"GutTitle-title\">Met de auto<\/h2>\n                    <\/div>\n                                        <div class=\"GutText-wysiwyg Content\">\n                    <p><strong>Vanuit Frankrijk:<\/strong><\/p>\n<p>Volg de snelweg richting Gen\u00e8ve, neem de afslag Annemasse, volg deze weg tot aan Thonon en neem vervolgens de richting Vall\u00e9e d\u2019Abondance\/Ch\u00e2tel.<\/p>\n<p><strong>Vanuit Zwitserland:<\/strong><\/p>\n<p>Neem de snelweg richting Monthey &#8211; Grand Saint Bernard, verlaat de snelweg ter hoogte van Monthey (afslag Portes du Soleil), neem vervolgens de richting Morgins.<\/p>\n<p>Om de files op de wegen in bergachtige gebieden te beperken en de veiligheid te verbeteren, <strong>is het verplicht om van 1 november tot 31 maart uw auto uit te rusten met winterbanden of kettingen in uw kofferbak te bewaren.<\/strong><\/p>\n<p><strong>Enkele afstanden:<\/strong><\/p>\n<p>Paris : 600 Km<br \/>\nLondres : 1 000 Km<br \/>\nAmsterdam : 950 Km<br \/>\nBruxelles : 780 Km<br \/>\nStuttgart : 430 Km<br \/>\nMunich : 575 Km<br \/>\nStrasbourg : 360 Km<br \/>\nPontarlier : 130 Km<br \/>\nGen\u00e8ve : 70 Km<br \/>\nThonon-les-Bains : 40 km<br \/>\nEvian-les-Bains : 40 Km<\/p>\n<p>&nbsp;<\/p>\n\n                <\/div>\n                    <\/div>\n    <\/div>\n","protected":false},"excerpt":{"rendered":"","protected":false},"author":3,"featured_media":0,"parent":14117,"menu_order":0,"comment_status":"closed","ping_status":"closed","template":"","meta":{"_acf_changed":false,"footnotes":""},"class_list":["post-18208","page","type-page","status-publish","hentry"],"acf":[],"_links":{"self":[{"href":"https:\/\/www.chatel.com\/nl\/wp-json\/wp\/v2\/pages\/18208","targetHints":{"allow":["GET"]}}],"collection":[{"href":"https:\/\/www.chatel.com\/nl\/wp-json\/wp\/v2\/pages"}],"about":[{"href":"https:\/\/www.chatel.com\/nl\/wp-json\/wp\/v2\/types\/page"}],"author":[{"embeddable":true,"href":"https:\/\/www.chatel.com\/nl\/wp-json\/wp\/v2\/users\/3"}],"replies":[{"embeddable":true,"href":"https:\/\/www.chatel.com\/nl\/wp-json\/wp\/v2\/comments?post=18208"}],"version-history":[{"count":12,"href":"https:\/\/www.chatel.com\/nl\/wp-json\/wp\/v2\/pages\/18208\/revisions"}],"predecessor-version":[{"id":97912,"href":"https:\/\/www.chatel.com\/nl\/wp-json\/wp\/v2\/pages\/18208\/revisions\/97912"}],"up":[{"embeddable":true,"href":"https:\/\/www.chatel.com\/nl\/wp-json\/wp\/v2\/pages\/14117"}],"wp:attachment":[{"href":"https:\/\/www.chatel.com\/nl\/wp-json\/wp\/v2\/media?parent=18208"}],"curies":[{"name":"wp","href":"https:\/\/api.w.org\/{rel}","templated":true}]}}