{"id":18729,"date":"2025-07-18T16:24:12","date_gmt":"2025-07-18T14:24:12","guid":{"rendered":"https:\/\/www.chatel.com\/ontdekken-chatel-in-zomer\/het-dorp-in-zomer\/histoire-et-valeurs-ete\/"},"modified":"2025-10-01T10:19:54","modified_gmt":"2025-10-01T08:19:54","slug":"geschiedenis-en-waarden-in-zomer","status":"publish","type":"page","link":"https:\/\/www.chatel.com\/nl\/ontdekken-chatel-in-zomer\/het-dorp-in-zomer\/geschiedenis-en-waarden-in-zomer\/","title":{"rendered":"Geschiedenis en waarden"},"content":{"rendered":"<div class=\"GutImage  GutContainer\">\n        <div class=\"GutImage-container\">\n                        \n                            <picture class=\"GutImage-pic\">\n                    <source srcset=\"https:\/\/www.chatel.com\/content\/uploads\/2025\/09\/CHATfgEL_L-768x433.jpg\" media=\"(max-width: 768px)\">\n                    <source srcset=\"https:\/\/www.chatel.com\/content\/uploads\/2025\/09\/CHATfgEL_L-992x559.jpg\" media=\"(max-width: 992px)\">\n                    <source srcset=\"https:\/\/www.chatel.com\/content\/uploads\/2025\/09\/CHATfgEL_L-1348x760.jpg\" media=\"(min-width: 993px)\">\n                    <img decoding=\"async\" class=\"GutImage-img\" src=\"https:\/\/www.chatel.com\/content\/uploads\/2025\/09\/CHATfgEL_L-1348x760.jpg\" alt=\"CHATfgEL_L\" \/>\n                <\/picture>\n                                <\/div>\n    <\/div>\n\n\n<div class=\"GutText  GutContainer\">\n        <div class=\"GutText-inner\">\n            <div class=\"GutTitle Center\">\n                            <h2 class=\"GutTitle-title\">Natuurlijke Intensiteit<\/h2>\n                            <span class=\"GutTitle-subtitle\">Ch\u00e2tel, een compromisloze ervaring\u2026<\/span>\n            <\/div>\n                                        <div class=\"GutText-wysiwyg Content\">\n                    <p data-start=\"69\" data-end=\"549\"><strong data-start=\"69\" data-end=\"136\">Waarom genoegen nemen met een beetje, als je alles kunt hebben?<\/strong><br data-start=\"136\" data-end=\"139\" \/>Dat is de belofte van Ch\u00e2tel: een compromisloze ervaring waar je zowel kunt genieten van het beste van een levendige en ongerepte berg als van een breed scala aan hoogwaardige zomeractiviteiten. Hier vertelt elk pad, elke top en elke ontmoeting het verhaal van de authenticiteit van een rijke en gastvrije regio. Een unieke ervaring die we al jaren vormgeven om je een onvergetelijke zomervakantie te bieden.<\/p>\n<p data-start=\"551\" data-end=\"609\"><strong data-start=\"551\" data-end=\"607\">Welkom in Ch\u00e2tel \u2013 Intensiteit in zijn puurste vorm!<\/strong><\/p>\n\n                <\/div>\n                    <\/div>\n    <\/div>\n\n\n<div class=\"GutCol2  GutContainer\">\n        <div class=\"GutCol2-container\">\n\n            \n                                                                                                        <div class=\"GutCol2-wrap GutCol2-blocTexte Left\">\n                                <div class=\"GutCol2-blocTexte--inner\">\n                                                                            <div class=\"GutTitle Left\">\n                            <h2 class=\"GutTitle-title\">Traditioneel dorp<\/h2>\n                            <span class=\"GutTitle-subtitle\">Gastvrijheid is een kunst, het is een verhaal<\/span>\n            <\/div>\n                                                                                                                                                    <div class=\"GutCol2-text Content\">\n                                            <p data-start=\"69\" data-end=\"449\">Gevoed door het agropastoraal leven en een levende bergcultuur, is de ziel van Ch\u00e2tel authentiek, oprecht en gastvrij.<br data-start=\"191\" data-end=\"194\" \/>De liefde voor de natuur en het delen van tradities hebben de sterke identiteit van dit traditionele dorp in de Vallei van Abondance gevormd. Vriendelijkheid, eenvoud en het kunst van gastvrijheid: dit zijn de waarden die ons van oudsher inspireren.<\/p>\n<p data-start=\"451\" data-end=\"768\">Een traditioneel dorp, wat betekent dat in de zomer? Bijvoorbeeld dat je na een wandeling of een dag mountainbiken kunt stoppen bij een van de actieve boerderijen van het dorp om een stukje bekroonde Abondance AOC-kaas te proeven. Niets verlengt de ervaring beter en laat je intens genieten van het lokale terroir.<\/p>\n<p data-start=\"770\" data-end=\"830\">Welkom in Ch\u00e2tel, waar de ontsnapping blijft doorgaan!<\/p>\n<p style=\"text-align: center;\" data-start=\"832\" data-end=\"853\"><a class=\"Button-primary\" href=\"https:\/\/www.chatel.com\/nl\/ontdekken-chatel-in-winter\/gastronomische-bestemming\/\">Meer informatie<\/a><\/p>\n\n                                        <\/div>\n                                                                    <\/div>\n                            <\/div>\n                                                                                                                                                        <div class=\"GutCol2-wrap GutCol2-blocImage Right\">\n                                    <picture class=\"GutCol2-picture\">\n                                        <img decoding=\"async\" src=\"https:\/\/www.chatel.com\/content\/uploads\/2025\/09\/CHwwATEL_L.jpg\"\n                                             alt=\"CHwwATEL_L\" \/>\n                                    <\/picture>\n                                                                    <\/div>\n                                                                                            <\/div>\n    <\/div>\n\n\n<div class=\"GutCol2  GutContainer\">\n        <div class=\"GutCol2-container\">\n\n            \n                                                                                                                                        <div class=\"GutCol2-wrap GutCol2-blocImage Left\">\n                                    <picture class=\"GutCol2-picture\">\n                                        <img decoding=\"async\" src=\"https:\/\/www.chatel.com\/content\/uploads\/2025\/09\/CHATEcnL_L.jpg\"\n                                             alt=\"CHATEcnL_L\" \/>\n                                    <\/picture>\n                                                                    <\/div>\n                                                                                                                                                    <div class=\"GutCol2-wrap GutCol2-blocTexte Right\">\n                                <div class=\"GutCol2-blocTexte--inner\">\n                                                                            <div class=\"GutTitle Left\">\n                            <h2 class=\"GutTitle-title\">Outdoortempel<\/h2>\n                            <span class=\"GutTitle-subtitle\">Een buitenspeelparadijs<\/span>\n            <\/div>\n                                                                                                                                                    <div class=\"GutCol2-text Content\">\n                                            <p data-start=\"69\" data-end=\"372\">Zomer, bergen, dat kennen we. Ch\u00e2tel is in de loop der tijd uitgegroeid tot een onmisbaar speelterrein voor liefhebbers van de buitenlucht. Wandelen, mountainbiken, trailrunning, paragliden of gewoon een ontspannen tocht\u2026 hier vindt iedereen zijn eigen manier om het ritme van de toppen te voelen.<\/p>\n<p data-start=\"374\" data-end=\"803\">Wat Ch\u00e2tel echt uniek maakt, en nergens anders te vinden is, is de ligging in een brede, open vallei. Zo kun je van alle hellingen genieten, met hun verschillende expositie en een voortdurend wisselend palet aan adembenemende landschappen: de Zwitserse Alpen, het Meer van Gen\u00e8ve, de Mont Blanc\u2026 een decor dat blijft verrassen. Hier reis je letterlijk van de ene wereld naar de andere, en volledige ontspanning is gegarandeerd.<\/p>\n\n                                        <\/div>\n                                                                    <\/div>\n                            <\/div>\n                                                                <\/div>\n    <\/div>\n\n\n<div class=\"GutCol2  GutContainer\">\n        <div class=\"GutCol2-container\">\n\n            \n                                                                                                        <div class=\"GutCol2-wrap GutCol2-blocTexte Left\">\n                                <div class=\"GutCol2-blocTexte--inner\">\n                                                                            <div class=\"GutTitle Left\">\n                            <h2 class=\"GutTitle-title\">Het chalet-gen ^<\/h2>\n                            <span class=\"GutTitle-subtitle\">Tussen authenticiteit en moderniteit<\/span>\n            <\/div>\n                                                                                                                                                    <div class=\"GutCol2-text Content\">\n                                            <p data-start=\"69\" data-end=\"494\">Traditionele boerderij of modern chalet, de architectuur van Ch\u00e2tel past naadloos in de vallei. De gebouwen liggen harmonieus tussen bossen en weiden, en cre\u00ebren een omgeving die zowel mooi als rustgevend is. In de zomer veranderen de groene alpenweiden en bergbloemen het dorp in een levendige, zonovergoten plek\u2014perfect om midden in de natuur op te laden. Ch\u00e2tel, waar authenticiteit samenkomt met comfort en welzijn.<\/p>\n<p style=\"text-align: center;\" data-start=\"496\" data-end=\"517\"><a class=\"Button-primary\" href=\"https:\/\/www.chatel.com\/nl\/ontdekken-chatel-in-zomer\/het-dorp-in-zomer\/bezienswaardigheden-in-zomer\/\">Meer informatie<\/a><\/p>\n<p style=\"text-align: center;\">\n\n                                        <\/div>\n                                                                    <\/div>\n                            <\/div>\n                                                                                                                                                        <div class=\"GutCol2-wrap GutCol2-blocImage Right\">\n                                    <picture class=\"GutCol2-picture\">\n                                        <img decoding=\"async\" src=\"https:\/\/www.chatel.com\/content\/uploads\/2025\/09\/CHnddATEL_L.jpg\"\n                                             alt=\"CHnddATEL_L\" \/>\n                                    <\/picture>\n                                                                    <\/div>\n                                                                                            <\/div>\n    <\/div>\n\n\n<div class=\"GutVideo \">\n        <div class=\" GutContainer \">\n            <div class=\"GutTitle Center\">\n                    <span class=\"GutTitle-surtitle\">Natuurlijke Intensiteit<\/span>\n                            <h2 class=\"GutTitle-title\">Zin in de hoogte<\/h2>\n                            <span class=\"GutTitle-subtitle\">Nog duidelijker<\/span>\n            <\/div>\n\n            <div class=\"GutVideo-inner __video_parent\">\n                                    <picture class=\"GutVideo-pic __video_open\">\n                        <source srcset=\"https:\/\/www.chatel.com\/content\/uploads\/2025\/09\/CHAffTEL_L-768x433.jpg\" media=\"(max-width: 768px)\">\n                        <source srcset=\"https:\/\/www.chatel.com\/content\/uploads\/2025\/09\/CHAffTEL_L-992x559.jpg\" media=\"(max-width: 992px)\">\n                        <source srcset=\"https:\/\/www.chatel.com\/content\/uploads\/2025\/09\/CHAffTEL_L-1196x673.jpg\" media=\"(min-width: 993px)\">\n                        <img decoding=\"async\" class=\"GutVideo-img\" src=\"https:\/\/www.chatel.com\/content\/uploads\/2025\/09\/CHAffTEL_L-1196x673.jpg\" alt=\"CHAffTEL_L\" \/>\n                    <\/picture>\n                                                    <div class=\"GutVideo-out __video_out\">\n                        <iframe class='Video' width='1920' height='1080' src='https:\/\/youtube.com\/embed\/WyXShERIcAk?&#038;rel=0' frameborder='0' controls='0' allow='accelerometer; encrypted-media; gyroscope; picture-in-picture' allowfullscreen><\/iframe>\n                    <\/div>\n                            <\/div>\n\n                    <\/div>\n    <\/div>\n\n\n<div class=\"GutGallery  GutContainer\">\n\n        <div class=\"GutTitle Center\">\n                            <h2 class=\"GutTitle-title\">Ch\u00e2tel, zijn verhaal<\/h2>\n                            <span class=\"GutTitle-subtitle\">Terug naar de toekomst<\/span>\n            <\/div>\n\n                    <div class=\"GutGallery-container four_column __gallery\" id=\"gallery_69e5e5e921192\" data-galleryid=\"gallery_69e5e5e921192\" data-download=\"false\">\n                                                            <a class=\"GutGallery-item\"\n                           href=\"https:\/\/www.chatel.com\/content\/uploads\/2025\/09\/CHAdxTEL_L.jpg\"\n                            data-lg-size=\"322-322\"                                                    >\n                            <picture class=\"GutGallery-pic\">\n                                <img decoding=\"async\" class=\"GutGallery-img\" src=\"https:\/\/www.chatel.com\/content\/uploads\/2025\/09\/CHAdxTEL_L.jpg\" alt=\"CHAdxTEL_L\">\n                            <\/picture>\n                                                    <\/a>\n                                                                                <a class=\"GutGallery-item\"\n                           href=\"https:\/\/www.chatel.com\/content\/uploads\/2025\/09\/CHArvTEL_L.jpg\"\n                            data-lg-size=\"322-322\"                                                    >\n                            <picture class=\"GutGallery-pic\">\n                                <img decoding=\"async\" class=\"GutGallery-img\" src=\"https:\/\/www.chatel.com\/content\/uploads\/2025\/09\/CHArvTEL_L.jpg\" alt=\"CHArvTEL_L\">\n                            <\/picture>\n                                                    <\/a>\n                                                                                <a class=\"GutGallery-item\"\n                           href=\"https:\/\/www.chatel.com\/content\/uploads\/2025\/09\/CHATEL_montee-en-Alpage_20200525_20.jpg\"\n                            data-lg-size=\"322-322\"                                                    >\n                            <picture class=\"GutGallery-pic\">\n                                <img decoding=\"async\" class=\"GutGallery-img\" src=\"https:\/\/www.chatel.com\/content\/uploads\/2025\/09\/CHATEL_montee-en-Alpage_20200525_20.jpg\" alt=\"CHATEL_mont\u00e9e en Alpage_20200525_20\">\n                            <\/picture>\n                                                    <\/a>\n                                                                                <a class=\"GutGallery-item\"\n                           href=\"https:\/\/www.chatel.com\/content\/uploads\/2025\/09\/CHATxeEL_L.jpg\"\n                            data-lg-size=\"322-322\"                                                    >\n                            <picture class=\"GutGallery-pic\">\n                                <img decoding=\"async\" class=\"GutGallery-img\" src=\"https:\/\/www.chatel.com\/content\/uploads\/2025\/09\/CHATxeEL_L.jpg\" alt=\"CHATxeEL_L\">\n                            <\/picture>\n                                                    <\/a>\n                                                <\/div>\n            <\/div>\n\n\n<div class=\"GutText  GutContainer\">\n        <div class=\"GutText-inner\">\n                                        <div class=\"GutText-intro Left\">De ontwikkeling van het resort<\/div>\n                                        <div class=\"GutText-wysiwyg Content\">\n                    <p data-start=\"94\" data-end=\"394\">Er werd een eerste poging gedaan om thermisch toerisme te ontwikkelen, maar dit mislukte. Ch\u00e2tel zette vervolgens zijn eerste stappen in het zomertoerisme door vakantiegangers en kuurgasten te verwelkomen die op zoek waren naar schoonheid en rust, terwijl de pastorale activiteiten behouden bleven.<\/p>\n<p data-start=\"396\" data-end=\"519\">De eerste ski\u00ebrs in de regio, die de hellingen probeerden zonder enige lift, brachten het idee van een sleeplift op gang.<\/p>\n<p data-start=\"521\" data-end=\"667\">De Vonnes-sleeplift werd gebouwd in 1947, waarmee Ch\u00e2tel langzaam veranderde in een toeristisch resort, terwijl de wintersport zich ontwikkelde.<\/p>\n<p data-start=\"669\" data-end=\"920\">Kerst 1948 markeerde de komst van Roland Macchi uit de Jura, vader van de toekomstige kampioene Fran\u00e7oise, en de oprichting van de eerste skischool, waarvan hij tien jaar directeur was, wat Ch\u00e2tel een duidelijke weg naar het wintersporttoerisme gaf.<\/p>\n<p data-start=\"922\" data-end=\"1151\">In de jaren \u201950 werden de hellingen van Morclan, van het dorp tot de top, uitgerust met een stoeltjeslift en een sleeplift, een hotel halverwege de berg, en later nog een hotel in het dorp. Dit gebied werd Super-Ch\u00e2tel genoemd.<\/p>\n<p data-start=\"1153\" data-end=\"1453\">In die tijd symboliseerde het oversteken van de grens op ski\u2019s de sterke banden die altijd al bestonden tussen de inwoners van Ch\u00e2tel en Morgins in Zwitserland. Op die manier werd de Portes du Soleil als het ware geboren in Super-Ch\u00e2tel, wat leidde tot de heropening van het Grand H\u00f4tel in Morgins.<\/p>\n<p data-start=\"1455\" data-end=\"1635\">Super-Ch\u00e2tel en de omgeving werden het startpunt voor de bouw van winkels, kinderhuizen, hotels en sportzaken. Het publiek, voornamelijk uit Parijs, begon het resort te bezoeken.<\/p>\n<p data-start=\"1637\" data-end=\"1737\">Toen de Portes du Soleil een veelbelovende toekomst kreeg, werd verdere ontwikkeling noodzakelijk.<\/p>\n<p data-start=\"1739\" data-end=\"2003\">In 1967 werd het Linga-gebied gebouwd met een gondellift. In 1968 werd het tweede gedeelte voltooid, waardoor de top bereikbaar werd met 1.000 meter hoogteverschil, inclusief een off-pistegebied in de Combes! Enkele jaren later werd dit gebied verder ontwikkeld.<\/p>\n<p data-start=\"2005\" data-end=\"2199\">Vervolgens werd het Barbossine-gebied bij Super-Ch\u00e2tel gebouwd, waardoor Ch\u00e2tel een groot resort werd, volledig verbonden met de andere stations van het indrukwekkende Portes du Soleil-domein.<\/p>\n<p data-start=\"2201\" data-end=\"2752\">Het zomerseizoen groeide ook aanzienlijk, met een breed scala aan faciliteiten, activiteiten en grote evenementen. De jaren \u201970 kenden een vastgoedboom, maar het resort behield zijn dorpscharme tot vreugde van alle bezoekers. De toeristen werden diverser en kwamen uit Noord-, Oost- en Zuid-Europa. Ondertussen bleven de inwoners van Ch\u00e2tel actief in de landbouw (ongeveer dertig families), met enkele honderden Abondance-koeien. In 2011 vierde het ras zijn 120-jarig bestaan en produceerde het de beroemde Abondance-kaas, sinds 1990 erkend als AOC.<\/p>\n\n                <\/div>\n                    <\/div>\n    <\/div>\n","protected":false},"excerpt":{"rendered":"","protected":false},"author":3,"featured_media":0,"parent":10982,"menu_order":0,"comment_status":"closed","ping_status":"closed","template":"","meta":{"_acf_changed":false,"footnotes":""},"class_list":["post-18729","page","type-page","status-publish","hentry"],"acf":[],"_links":{"self":[{"href":"https:\/\/www.chatel.com\/nl\/wp-json\/wp\/v2\/pages\/18729","targetHints":{"allow":["GET"]}}],"collection":[{"href":"https:\/\/www.chatel.com\/nl\/wp-json\/wp\/v2\/pages"}],"about":[{"href":"https:\/\/www.chatel.com\/nl\/wp-json\/wp\/v2\/types\/page"}],"author":[{"embeddable":true,"href":"https:\/\/www.chatel.com\/nl\/wp-json\/wp\/v2\/users\/3"}],"replies":[{"embeddable":true,"href":"https:\/\/www.chatel.com\/nl\/wp-json\/wp\/v2\/comments?post=18729"}],"version-history":[{"count":8,"href":"https:\/\/www.chatel.com\/nl\/wp-json\/wp\/v2\/pages\/18729\/revisions"}],"predecessor-version":[{"id":27978,"href":"https:\/\/www.chatel.com\/nl\/wp-json\/wp\/v2\/pages\/18729\/revisions\/27978"}],"up":[{"embeddable":true,"href":"https:\/\/www.chatel.com\/nl\/wp-json\/wp\/v2\/pages\/10982"}],"wp:attachment":[{"href":"https:\/\/www.chatel.com\/nl\/wp-json\/wp\/v2\/media?parent=18729"}],"curies":[{"name":"wp","href":"https:\/\/api.w.org\/{rel}","templated":true}]}}