{"id":18953,"date":"2025-05-26T14:18:04","date_gmt":"2025-05-26T12:18:04","guid":{"rendered":"https:\/\/www.chatel.com\/?page_id=18953"},"modified":"2025-10-07T16:45:07","modified_gmt":"2025-10-07T14:45:07","slug":"dirt-terrein","status":"publish","type":"page","link":"https:\/\/www.chatel.com\/nl\/wandelen-en-mountainbiken\/mountainbiken\/bike-park-chatel\/dirt-terrein\/","title":{"rendered":"Dirt-terrein"},"content":{"rendered":"<div class=\"GutImage BgColor GutContainer\">\n        <div class=\"GutImage-container\">\n                        \n                            <picture class=\"GutImage-pic\">\n                    <source srcset=\"https:\/\/www.chatel.com\/content\/uploads\/2025\/09\/CHATEL_Q.-SLONGO_dirt_20250826_13-768x433.jpg\" media=\"(max-width: 768px)\">\n                    <source srcset=\"https:\/\/www.chatel.com\/content\/uploads\/2025\/09\/CHATEL_Q.-SLONGO_dirt_20250826_13-992x559.jpg\" media=\"(max-width: 992px)\">\n                    <source srcset=\"https:\/\/www.chatel.com\/content\/uploads\/2025\/09\/CHATEL_Q.-SLONGO_dirt_20250826_13-1348x760.jpg\" media=\"(min-width: 993px)\">\n                    <img decoding=\"async\" class=\"GutImage-img\" src=\"https:\/\/www.chatel.com\/content\/uploads\/2025\/09\/CHATEL_Q.-SLONGO_dirt_20250826_13-1348x760.jpg\" alt=\"CHATEL_Q. SLONGO_dirt_20250826_13\" \/>\n                <\/picture>\n                                <\/div>\n    <\/div>\n\n\n<div class=\"GutCol2 BgColor GutContainer\">\n        <div class=\"GutCol2-container\">\n\n            \n                                                                                                        <div class=\"GutCol2-wrap GutCol2-blocTexte Left\">\n                                <div class=\"GutCol2-blocTexte--inner\">\n                                                                                                                                                    <div class=\"GutCol2-text Content\">\n                                            <p data-start=\"45\" data-end=\"293\">Drie dirt-lijnen, drie niveaus van rijden: beginner, intermediate, expert.<br data-start=\"123\" data-end=\"126\" \/>Maakt niet uit welk niveau je hebt, je gaat ervan genieten. Perfect om te leren, vooruit te gaan, jezelf uit te dagen en je grenzen te verleggen in volle veiligheid.<\/p>\n<p data-start=\"295\" data-end=\"471\">Of je nu je eerste jumps komt zetten of al tricks wil knallen, het terrein ligt klaar. Strakke shapes, stevige modules, natuurlijke vibes: je hoeft alleen nog maar te rijden.<\/p>\n\n                                        <\/div>\n                                                                    <\/div>\n                            <\/div>\n                                                                                                                                                        <div class=\"GutCol2-wrap GutCol2-blocImage Right\">\n                                    <picture class=\"GutCol2-picture\">\n                                        <img decoding=\"async\" src=\"https:\/\/www.chatel.com\/content\/uploads\/2025\/07\/CHATEL_L.-MEYER_bike-park_20250703_013.jpg\"\n                                             alt=\"CHATEL_L. MEYER_bike park_20250703_013\" \/>\n                                    <\/picture>\n                                                                    <\/div>\n                                                                                            <\/div>\n    <\/div>\n\n\n<div class=\"GutCol2  GutContainer\">\n        <div class=\"GutCol2-container\">\n\n            \n                                                                                                                                        <div class=\"GutCol2-wrap GutCol2-blocImage Left\">\n                                    <picture class=\"GutCol2-picture\">\n                                        <img decoding=\"async\" src=\"https:\/\/www.chatel.com\/content\/uploads\/2025\/07\/CHATEL_L.-MEYER_bike-park_20250703_032.jpg\"\n                                             alt=\"CHATEL_L. MEYER_bike park_20250703_032\" \/>\n                                    <\/picture>\n                                                                    <\/div>\n                                                                                                                                                                                    <div class=\"GutCol2-wrap GutCol2-blocImage Right\">\n                                    <picture class=\"GutCol2-picture\">\n                                        <img decoding=\"async\" src=\"https:\/\/www.chatel.com\/content\/uploads\/2025\/07\/CHATEL_L.-MEYER_bike-park_20250703_041.jpg\"\n                                             alt=\"CHATEL_L. MEYER_bike park_20250703_041\" \/>\n                                    <\/picture>\n                                                                    <\/div>\n                                                                                            <\/div>\n    <\/div>\n\n\n\n\n<div class=\"GutAccordions BgColor GutContainer\">\n        <div class=\"GutAccordions-inner\">\n                                        <div class=\"GutAccordions-list\">\n                                            <div class=\"GutAccordions-item __accordion-parent\">\n                                                            <h2 class=\"GutAccordions-title __accordion-link\">\n                                    P\u00e9riode(s) d&#8217;ouverture\n                                <\/h2>\n                                                                                        <div class=\"GutAccordions-text Content __accordion-content\">\n                                    <p>Du 13\/06 au 22\/06\/2025, tous les samedis et dimanches.<\/p>\n<p>Du 21\/06 au 22\/06\/2025, tous les jours.<\/p>\n<p>Du 27\/06 au 31\/08\/2025, tous les jours.<\/p>\n<p>Du 05\/09 au 07\/09\/2025, tous les jours.<\/p>\n<p>Du 13\/09 au 14\/09\/2025, tous les jours.<\/p>\n\n                                <\/div>\n                                                    <\/div>\n                                            <div class=\"GutAccordions-item __accordion-parent\">\n                                                            <h2 class=\"GutAccordions-title __accordion-link\">\n                                    R\u00e8gles et s\u00e9curit\u00e9 \n                                <\/h2>\n                                                                                        <div class=\"GutAccordions-text Content __accordion-content\">\n                                    <p>Tous les sauts du Mountain Bike Park pr\u00e9sentent une signal\u00e9tique s\u00e9curit\u00e9.rnFaites bien attention \u00e0 ne pas surestimer vos capacit\u00e9s et rep\u00e9rez chaque saut avant de vous engager.<\/p>\n\n                                <\/div>\n                                                    <\/div>\n                                    <\/div>\n                    <\/div>\n    <\/div>\n","protected":false},"excerpt":{"rendered":"","protected":false},"author":2,"featured_media":0,"parent":17081,"menu_order":3,"comment_status":"closed","ping_status":"closed","template":"","meta":{"_acf_changed":false,"footnotes":""},"class_list":["post-18953","page","type-page","status-publish","hentry"],"acf":[],"_links":{"self":[{"href":"https:\/\/www.chatel.com\/nl\/wp-json\/wp\/v2\/pages\/18953","targetHints":{"allow":["GET"]}}],"collection":[{"href":"https:\/\/www.chatel.com\/nl\/wp-json\/wp\/v2\/pages"}],"about":[{"href":"https:\/\/www.chatel.com\/nl\/wp-json\/wp\/v2\/types\/page"}],"author":[{"embeddable":true,"href":"https:\/\/www.chatel.com\/nl\/wp-json\/wp\/v2\/users\/2"}],"replies":[{"embeddable":true,"href":"https:\/\/www.chatel.com\/nl\/wp-json\/wp\/v2\/comments?post=18953"}],"version-history":[{"count":2,"href":"https:\/\/www.chatel.com\/nl\/wp-json\/wp\/v2\/pages\/18953\/revisions"}],"predecessor-version":[{"id":28321,"href":"https:\/\/www.chatel.com\/nl\/wp-json\/wp\/v2\/pages\/18953\/revisions\/28321"}],"up":[{"embeddable":true,"href":"https:\/\/www.chatel.com\/nl\/wp-json\/wp\/v2\/pages\/17081"}],"wp:attachment":[{"href":"https:\/\/www.chatel.com\/nl\/wp-json\/wp\/v2\/media?parent=18953"}],"curies":[{"name":"wp","href":"https:\/\/api.w.org\/{rel}","templated":true}]}}