{"id":19221,"date":"2025-09-09T15:31:53","date_gmt":"2025-09-09T13:31:53","guid":{"rendered":"https:\/\/www.chatel.com\/credits-et-mentions-legales\/"},"modified":"2026-04-09T10:54:31","modified_gmt":"2026-04-09T08:54:31","slug":"credits-en-afdrukken","status":"publish","type":"page","link":"https:\/\/www.chatel.com\/nl\/credits-en-afdrukken\/","title":{"rendered":"Credits en afdrukken"},"content":{"rendered":"<div class=\"GutText  GutContainer\">\n        <div class=\"GutText-inner\">\n            <div class=\"GutTitle Center\">\n                            <h2 class=\"GutTitle-title\">Object<\/h2>\n                    <\/div>\n                                        <div class=\"GutText-wysiwyg Content\">\n                    <p>Het doel van deze algemene voorwaarden is het defini\u00ebren van de voorwaarden voor het ter beschikking stellen van de chatel.com site diensten, hierna te noemen &#8220;de dienst&#8221;, en de voorwaarden voor het gebruik van de dienst door de gebruiker (elke persoon die gebruik maakt van de site of een van de diensten die worden aangeboden op de site).<\/p>\n<p>Elke toegang tot en\/of elk gebruik van de website www.chatel.com impliceert de aanvaarding en naleving van alle voorwaarden van deze voorwaarden en hun onvoorwaardelijke aanvaarding. Zij vormen dus een contract tussen de dienst en de gebruiker.<\/p>\n<p>Indien de gebruiker niet akkoord wenst te gaan met het geheel of een deel van deze algemene voorwaarden, wordt hij verzocht af te zien van elk gebruik van de dienst.<\/p>\n\n                <\/div>\n                    <\/div>\n    <\/div>\n\n\n<div class=\"GutText BgColor GutContainer\">\n        <div class=\"GutText-inner\">\n            <div class=\"GutTitle Center\">\n                            <h2 class=\"GutTitle-title\">Juridische informatie<\/h2>\n                    <\/div>\n                                        <div class=\"GutText-wysiwyg Content\">\n                    <p><strong>Eigenaar:<\/strong><br \/>\nDe website www.chatel.com is eigendom van het VVV-kantoor van Ch\u00e2tel.<\/p>\n<p>De website www.chatel.com wordt bewerkt door:<br \/>\nCh\u00e2tel Tourisme<br \/>\n14, route de Thonon<br \/>\nBP 40<br \/>\n74390 Ch\u00e2tel<br \/>\nFrance<\/p>\n<p>Tel. :+33(0)4 50 73 22 44 &#8211; <a href=\"mailto:touristoffice@chatel.com\">touristoffice@chatel.com<\/a><br \/>\nSiret 776 554 842 00018 &#8211; Code APE 7990Z<br \/>\nVoorzitter : Matthieu TRINCAZ.<\/p>\n<p>&nbsp;<\/p>\n<p><strong>Realisatie van de site:<\/strong><\/p>\n<ul>\n<li>Grafisch cre\u00ebren, Realisatie, ontwikkeling, hosting van de website door Agence Altimax &#8211; Parc Alta\u00efs Annecy &#8211; 17, rue Uranus &#8211; 74650 Chavanod &#8211; France &#8211; Tel. +33(0)4 50 70 06 55 &#8211; <a href=\"https:\/\/www.altimax.com\/\" target=\"_blank\" rel=\"noopener\">www.altimax.com<\/a><\/li>\n<li>CRM Tourisme Ing\u00e9nie : Brochures en documentatie, nieuwsbrief\/e-mailing &#8211; Agence Ing\u00e9nie &#8211; Rue des Sept Laux &#8211; ZA Les P\u00e9relles &#8211; 38570 Le Cheylas &#8211; France \u2022 Tel : +33(0)4 38 72 91 00 &#8211; \u200b<a href=\"https:\/\/www.ingenie.fr\" target=\"_blank\" rel=\"noopener\">www.ingenie.fr<\/a><\/li>\n<\/ul>\n\n                <\/div>\n                    <\/div>\n    <\/div>\n\n\n<div class=\"GutText  GutContainer\">\n        <div class=\"GutText-inner\">\n            <div class=\"GutTitle Center\">\n                            <h2 class=\"GutTitle-title\">Publiceren en content schrijven:<\/h2>\n                    <\/div>\n                                        <div class=\"GutText-wysiwyg Content\">\n                    <p>De informatie die op chatel.com wordt gepubliceerd, is geschreven door de multimediadienst Ch\u00e2tel Tourisme of is afkomstig van informatie die rechtstreeks naar Ch\u00e2tel Tourisme wordt verzonden:<\/p>\n<p>\u2666 door de overheidsdiensten en de vestigingen van de gemeente Ch\u00e2tel.<br \/>\n\u2666 door de dienstverleners van de gemeente Ch\u00e2tel en de leden van de vereniging VVV-kantoor van Ch\u00e2tel.<br \/>\n\u2666 door elke andere dienstverlener die aandelen heeft met betrekking tot de gemeente Ch\u00e2tel.<\/p>\n<p>&nbsp;<\/p>\n<p><strong>Foto-, video- en radiocredits:<\/strong><\/p>\n<ul>\n<li>Jean-Fran\u00e7ois Vuarand<\/li>\n<li>Lambert Meyer<\/li>\n<li>Sylvain Cochard<\/li>\n<li>Matthieu Vitr\u00e9<\/li>\n<li>Jean-Baptiste Bieuville<\/li>\n<li>Denis Angheben<\/li>\n<li>Keno Derleyn<\/li>\n<li>Val Media<\/li>\n<li>Association des Portes du Soleil<\/li>\n<li>Radio Ch\u00e2tel<\/li>\n<li>Jean-Maurice Gou\u00e9dard<\/li>\n<li>Geoffrey Vabre<\/li>\n<li>Mairie de Ch\u00e2tel<\/li>\n<li>Pixabay.com<\/li>\n<\/ul>\n\n                <\/div>\n                    <\/div>\n    <\/div>\n\n\n<div class=\"GutText BgColor GutContainer\">\n        <div class=\"GutText-inner\">\n            <div class=\"GutTitle Center\">\n                            <h2 class=\"GutTitle-title\">Wettelijke vermeldingen<\/h2>\n                    <\/div>\n                            <div class=\"GutText-intro Left\">Het VVV-kantoor van Ch\u00e2tel heeft deze site geopend voor de persoonlijke informatie van haar gebruikers. Geen enkel commercieel gebruik, zelfs niet gedeeltelijk, van de daar gepresenteerde gegevens mag worden gemaakt zonder de voorafgaande schriftelijke toestemming van Ch\u00e2tel Tourisme.<\/div>\n                                        <div class=\"GutText-wysiwyg Content\">\n                    <p>De presentatie en de inhoud van deze site vormen samen een werk dat beschermd wordt door de geldende wetten op het intellectuele eigendom, waarvan Ch\u00e2tel Tourisme de eigenaar is. Geen enkele reproductie en\/of voorstelling, gedeeltelijk of integraal, kan worden gemaakt zonder de voorafgaande schriftelijke toestemming van het Ch\u00e2tel Tourisme.<\/p>\n<p>De tekeningen, foto&#8217;s, beelden, teksten, animaties, al dan niet met geluid, en andere documentatie op deze website zijn onderworpen aan industri\u00eble en\/of intellectuele eigendomsrechten en zijn, naargelang het geval, het eigendom van Ch\u00e2tel Tourisme of van derden die het station van Ch\u00e2tel hebben gemachtigd om ze op beperkte basis te gebruiken. Als zodanig is elke gedeeltelijke of volledige reproductie, representatie, aanpassing, vertaling en\/of transformatie of overdracht naar een andere site verboden. Het kopi\u00ebren voor priv\u00e9gebruik van deze verschillende rechtenobjecten is toegestaan. De gedeeltelijke of volledige reproductie ervan, zonder de voorafgaande schriftelijke toestemming van Ch\u00e2tel Tourisme, is strikt verboden, met uitzondering van de reproductie ten behoeve van de pers.<\/p>\n<p>De informatie op deze site is niet contractueel bindend voor het VVV-kantoor van Ch\u00e2tel.<br \/>\nCh\u00e2tel Tourisme zal redelijke inspanningen leveren om actuele en accurate informatie op deze website op te nemen, maar geeft geen verklaringen of garanties of geeft geen garantie met betrekking tot de nauwkeurigheid, valuta of volledigheid van de verstrekte informatie.Ch\u00e2tel Tourisme is niet aansprakelijk voor enige schade of letsel als gevolg van uw toegang tot, of de onmogelijkheid van toegang tot, deze website of enige vertrouwen toegevoegd aan de informatie op deze website.<\/p>\n<p>Deze website kan links of verwijzingen naar andere sites bevatten, maar Ch\u00e2tel Tourisme is niet verantwoordelijk voor de inhoud van dergelijke andere sites en is niet aansprakelijk voor enige schade of letsel die daaruit voortvloeit. Links naar andere sites worden alleen voor het gemak aan de gebruikers van deze website aangeboden.<\/p>\n<p>Deze website wordt aangeboden als een dienst aan haar bezoekers.Ch\u00e2tel Tourisme behoudt zich het recht voor om de inhoud van deze site te verwijderen, te wijzigen of aan te vullen op elk gewenst moment, om welke reden dan ook, zonder kennisgeving aan iedereen.<br \/>\nIndien een anomalie aan onze aandacht ontsnapt zou zijn, kan deze slechts onvrijwillig zijn en verbinden wij ons ertoe om de overeenstemmende informatie op gerechtvaardigde en erkende vraag, gericht aan Ch\u00e2tel Tourisme, in te trekken:<\/p>\n<p>CHATEL TOURISME &#8211; 14 route de Thonon -B.P. 40- F- 74390 CHATEL &#8211; Tel. 33 (0)4 50 73 22 44 &#8211;\u00a0 <a href=\"mailto:touristoffice@chatel.com\">e-mail<\/a><\/p>\n\n                <\/div>\n                    <\/div>\n    <\/div>\n\n\n<div class=\"GutText  GutContainer\">\n        <div class=\"GutText-inner\">\n            <div class=\"GutTitle Center\">\n                            <h2 class=\"GutTitle-title\">Auteursrechten<\/h2>\n                    <\/div>\n                                        <div class=\"GutText-wysiwyg Content\">\n                    <p>De informatie, documenten en foto&#8217;s op deze site zijn beschermd door het auteursrecht en\/of intellectueel eigendomsrecht. Elke reproductie of volledige of gedeeltelijke weergave van deze site door welk proces dan ook, zonder de uitdrukkelijke toestemming van Ch\u00e2tel Tourisme, is verboden en vormt een inbreuk die strafbaar is door de artikelen L335-2 en volgende van het Wetboek van Intellectuele Eigendom.<\/p>\n<p>&nbsp;<\/p>\n<p>De handelsmerken van haar partners, evenals de logo&#8217;s die op de site zijn gedeponeerde handelsmerken. De afbeeldingen op de site zijn auteursrechtelijk beschermd. Elke volledige of gedeeltelijke reproductie van deze beelden, deze merken of deze logo&#8217;s, gemaakt van de elementen van de site, is verboden zonder de uitdrukkelijke toestemming van de Dienst voor het VVV-kantoor van Ch\u00e2tel, in de zin van artikel L713-2 van de &#8220;Code de la Propri\u00e9t\u00e9 intellectuelle&#8221;.<\/p>\n\n                <\/div>\n                    <\/div>\n    <\/div>\n\n\n<div class=\"GutText BgColor GutContainer\">\n        <div class=\"GutText-inner\">\n            <div class=\"GutTitle Center\">\n                            <h2 class=\"GutTitle-title\">Persoonlijke informatie<\/h2>\n                    <\/div>\n                                        <div class=\"GutText-wysiwyg Content\">\n                    <p>Met respect voor het priv\u00e9leven van zijn gebruikers, verbindt Ch\u00e2tel Tourisme zich ertoe dat het verzamelen en verwerken van persoonlijke informatie, uitgevoerd binnen deze site, zal gebeuren in overeenstemming met de wet nr. 78-17 van 6 januari 1978 met betrekking tot de verwerking van gegevens, bestanden en vrijheden, bekend als de &#8220;Data Protection Act&#8221;. Als zodanig is de chatel.com site onderworpen aan een verklaring aan de CNIL.<\/p>\n<p>Overeenkomstig artikel 34 van de wet &#8220;Informatique et Libert\u00e9s&#8221;, garandeert Ch\u00e2tel Tourisme de gebruiker een recht van verzet, toegang en rectificatie van de hem betreffende persoonsgegevens.<br \/>\nDe Gebruiker heeft de mogelijkheid om dit recht uit te oefenen:<\/p>\n<ul>\n<li>door gebruik te maken van het bijgeleverde contactformulier;<\/li>\n<li>door rechtstreeks contact met ons op te nemen op het volgende adres: <a href=\"mailto:touristoffice@chatel.com\">touristoffice@chatel.com<\/a><\/li>\n<\/ul>\n\n                <\/div>\n                    <\/div>\n    <\/div>\n\n\n<div class=\"GutText BgColor GutContainer\">\n        <div class=\"GutText-inner\">\n            <div class=\"GutTitle Center\">\n                            <h2 class=\"GutTitle-title\">Ch\u00e2tel logo<\/h2>\n                    <\/div>\n                                        <div class=\"GutText-wysiwyg Content\">\n                    <p>Het logo van Ch\u00e2tel mag niet worden gewijzigd (proporties, kleuren, elementen) en mag niet worden getransformeerd, geanimeerd of anderszins worden verwerkt. Het logo van het resort Ch\u00e2tel mag alleen worden gebruikt en geassocieerd met controleerbare informatie.<\/p>\n<p>Het mag met name alleen worden gebruikt ter illustratie van de betrekkingen met het Ch\u00e2tel-resort of naar behoren opgezette partnerschapsacties.<\/p>\n<p>Ch\u00e2tel Tourisme behoudt zich het recht voor om goed te keuren of af te wijzen elk gebruik van haar logo om het juiste gebruik ervan te waarborgen, in overeenstemming met de ethiek, moraal en belangen van het VVV-kantoor van Ch\u00e2tel.<\/p>\n<p>Ch\u00e2tel Tourisme behoudt zich het recht voor om de gebruiksvoorwaarden van haar logo te allen tijde en zonder voorafgaande kennisgeving te wijzigen.<\/p>\n\n                <\/div>\n                    <\/div>\n    <\/div>\n\n\n<div class=\"GutText  GutContainer\">\n        <div class=\"GutText-inner\">\n                                                    <div class=\"GutText-wysiwyg Content\">\n                    <p><strong>Links leggen<\/strong><\/p>\n<p>Ch\u00e2tel Tourisme staat de creatie toe van een hyperlink naar alle internetsites, met uitzondering van de sites waar polemische, pornografische of xenofobe informatie wordt verspreid of die de gevoeligheid van het grootste aantal sites meer kunnen schaden. De link moet in een nieuw venster verschijnen. De pagina&#8217;s van de site www.chatel.com mogen in geen geval ge\u00efntegreerd worden in de pagina&#8217;s van een andere site. Tenzij per geval een specifieke vergunning kan worden verleend, is de deeplink-techniek volledig verboden. Het verzoek om een hypertext link aan te brengen op de site van het VVV-kantoor van Ch\u00e2tel dient per e-mail te gebeuren. Ch\u00e2tel Tourisme behoudt zich het recht voor om de verwijdering van een link te vragen indien zij van mening is dat de doelsite de aldus bepaalde regels niet respecteert.<\/p>\n<p><strong>Hypertext links<\/strong><\/p>\n<p>De chatel.com site biedt hyperlinks naar websites die gepubliceerd en\/of beheerd worden door derden.<br \/>\nVoor zover er geen controle wordt uitgeoefend over deze externe middelen, erkent de gebruiker dat Ch\u00e2tel Tourisme geen verantwoordelijkheid aanvaardt voor de beschikbaarheid van deze middelen en niet verantwoordelijk kan worden gehouden voor de inhoud ervan.<br \/>\nOvermacht : Ch\u00e2tel Tourisme kan niet aansprakelijk worden gesteld in geval van overmacht of gebeurtenissen buiten haar controle.<\/p>\n<p><strong>Evolutie van onderhavig contract<\/strong><\/p>\n<p>Ch\u00e2tel Tourisme behoudt zich het recht voor om de voorwaarden en vermeldingen van dit contract te allen tijde te wijzigen.<br \/>\nDe gebruiker wordt daarom geadviseerd om regelmatig de laatste versie van de Gebruiksvoorwaarden te raadplegen die beschikbaar is op de site www.chatel.com.<\/p>\n\n                <\/div>\n                    <\/div>\n    <\/div>\n","protected":false},"excerpt":{"rendered":"","protected":false},"author":3,"featured_media":0,"parent":0,"menu_order":0,"comment_status":"closed","ping_status":"closed","template":"","meta":{"_acf_changed":false,"footnotes":""},"class_list":["post-19221","page","type-page","status-publish","hentry"],"acf":[],"_links":{"self":[{"href":"https:\/\/www.chatel.com\/nl\/wp-json\/wp\/v2\/pages\/19221","targetHints":{"allow":["GET"]}}],"collection":[{"href":"https:\/\/www.chatel.com\/nl\/wp-json\/wp\/v2\/pages"}],"about":[{"href":"https:\/\/www.chatel.com\/nl\/wp-json\/wp\/v2\/types\/page"}],"author":[{"embeddable":true,"href":"https:\/\/www.chatel.com\/nl\/wp-json\/wp\/v2\/users\/3"}],"replies":[{"embeddable":true,"href":"https:\/\/www.chatel.com\/nl\/wp-json\/wp\/v2\/comments?post=19221"}],"version-history":[{"count":5,"href":"https:\/\/www.chatel.com\/nl\/wp-json\/wp\/v2\/pages\/19221\/revisions"}],"predecessor-version":[{"id":96625,"href":"https:\/\/www.chatel.com\/nl\/wp-json\/wp\/v2\/pages\/19221\/revisions\/96625"}],"wp:attachment":[{"href":"https:\/\/www.chatel.com\/nl\/wp-json\/wp\/v2\/media?parent=19221"}],"curies":[{"name":"wp","href":"https:\/\/api.w.org\/{rel}","templated":true}]}}