{"id":26067,"date":"2025-05-05T12:17:40","date_gmt":"2025-05-05T10:17:40","guid":{"rendered":"https:\/\/www.chatel.com\/?page_id=26067"},"modified":"2026-04-17T12:13:37","modified_gmt":"2026-04-17T10:13:37","slug":"de-partners-van-het-bike-park","status":"publish","type":"page","link":"https:\/\/www.chatel.com\/nl\/wandelen-en-mountainbiken\/mountainbiken\/de-partners-van-het-bike-park\/","title":{"rendered":"De partners van het Bike Park"},"content":{"rendered":"<div class=\"GutImage  GutContainer\">\n        <div class=\"GutImage-container\">\n                        \n                            <picture class=\"GutImage-pic\">\n                    <source srcset=\"https:\/\/www.chatel.com\/content\/uploads\/2025\/05\/CHATEL_L.-MEYER_bikepark_20240711_18-768x433.jpg\" media=\"(max-width: 768px)\">\n                    <source srcset=\"https:\/\/www.chatel.com\/content\/uploads\/2025\/05\/CHATEL_L.-MEYER_bikepark_20240711_18-992x559.jpg\" media=\"(max-width: 992px)\">\n                    <source srcset=\"https:\/\/www.chatel.com\/content\/uploads\/2025\/05\/CHATEL_L.-MEYER_bikepark_20240711_18-1348x760.jpg\" media=\"(min-width: 993px)\">\n                    <img decoding=\"async\" class=\"GutImage-img\" src=\"https:\/\/www.chatel.com\/content\/uploads\/2025\/05\/CHATEL_L.-MEYER_bikepark_20240711_18-1348x760.jpg\" alt=\"CHATEL_L. MEYER_bikepark_20240711_18\" \/>\n                <\/picture>\n                                <\/div>\n    <\/div>\n\n\n<div class=\"GutText  GutContainer\">\n        <div class=\"GutText-inner\">\n                                        <div class=\"GutText-intro Left\">Onze partners zijn toonaangevend in de MTB-wereld. Hun expertise en ondersteuning stellen ons in staat het bikepark van seizoen tot seizoen te verbeteren, met een hoge standaard van shaping tot rijervaring.<\/div>\n                                <\/div>\n    <\/div>\n\n\n<div class=\"GutCol2  GutContainer\">\n        <div class=\"GutCol2-container\">\n\n            \n                                                                                                        <div class=\"GutCol2-wrap GutCol2-blocTexte Left\">\n                                <div class=\"GutCol2-blocTexte--inner\">\n                                                                            <div class=\"GutTitle Left\">\n                            <h2 class=\"GutTitle-title\">Scott<\/h2>\n                    <\/div>\n                                                                                                                <div class=\"GutCol2-intro\">No shortcuts<\/div>\n                                                                                                                <div class=\"GutCol2-text Content\">\n                                            <p>Sinds 1958 verlegt Scott de grenzen van innovatie in de sportwereld. Actief in de werelden van fietsen, ski\u00ebn, hardlopen en motoren, ontwikkelt het Zwitserse merk technische producten die prestaties, stijl en duurzaamheid combineren. Gedreven door een oprechte passie voor outdoor, richt Scott zich tot iedereen die sport intens beleeft.<\/p>\n<p style=\"text-align: center;\"><a href=\"https:\/\/www.scott-sports.com\/nl\/en\/\" target=\"_blank\" rel=\"noopener\"><strong data-start=\"130\" data-end=\"140\">Ontdek<\/strong><\/a><\/p>\n\n                                        <\/div>\n                                                                    <\/div>\n                            <\/div>\n                                                                                                                        <div class=\"GutCol2-wrap GutCol2-blocTexte Right\">\n                                <div class=\"GutCol2-blocTexte--inner\">\n                                                                                                                                                    <div class=\"GutCol2-text Content\">\n                                            <p><img loading=\"lazy\" decoding=\"async\" class=\"alignnone size-medium wp-image-9543\" src=\"https:\/\/www.chatel.com\/content\/uploads\/2025\/05\/scott_site-page-partenaire--300x217.jpg\" alt=\"\" width=\"300\" height=\"217\" srcset=\"https:\/\/www.chatel.com\/content\/uploads\/2025\/05\/scott_site-page-partenaire--300x217.jpg 300w, https:\/\/www.chatel.com\/content\/uploads\/2025\/05\/scott_site-page-partenaire--322x232.jpg 322w, https:\/\/www.chatel.com\/content\/uploads\/2025\/05\/scott_site-page-partenaire-.jpg 664w\" sizes=\"auto, (max-width: 300px) 100vw, 300px\" \/><\/p>\n\n                                        <\/div>\n                                                                    <\/div>\n                            <\/div>\n                                                                <\/div>\n    <\/div>\n\n\n<div class=\"GutCol2  GutContainer\">\n        <div class=\"GutCol2-container\">\n\n            \n                                                                                                        <div class=\"GutCol2-wrap GutCol2-blocTexte Left\">\n                                <div class=\"GutCol2-blocTexte--inner\">\n                                                                            <div class=\"GutTitle Left\">\n                            <h2 class=\"GutTitle-title\">Crankbrothers<\/h2>\n                    <\/div>\n                                                                                                                                                    <div class=\"GutCol2-text Content\">\n                                            <p>Geboren in Californi\u00eb, ontwerpt Crankbrothers innovatieve en stijlvol vormgegeven componenten voor mountainbikers over de hele wereld. Bekend om zijn pedalen, wielen, zadelpennen en tools, heeft het merk zich gevestigd als een referentie op het gebied van prestaties en betrouwbaarheid. Crankbrothers is de perfecte combinatie van stijl en techniek, voor de echte MTB-liefhebbers.<\/p>\n<p style=\"text-align: center;\"><a class=\"Button-primary\" href=\"https:\/\/int.crankbrothers.com\/?country=NL&amp;setstore=1\" target=\"_blank\" rel=\"noopener\">Ontdek<\/a><\/p>\n\n                                        <\/div>\n                                                                    <\/div>\n                            <\/div>\n                                                                                                                        <div class=\"GutCol2-wrap GutCol2-blocTexte Right\">\n                                <div class=\"GutCol2-blocTexte--inner\">\n                                                                                                                                                    <div class=\"GutCol2-text Content\">\n                                            <p><img loading=\"lazy\" decoding=\"async\" class=\"alignnone size-medium wp-image-9551\" src=\"https:\/\/www.chatel.com\/content\/uploads\/2025\/05\/crankbro_site-page-partenaire--300x217.jpg\" alt=\"\" width=\"300\" height=\"217\" srcset=\"https:\/\/www.chatel.com\/content\/uploads\/2025\/05\/crankbro_site-page-partenaire--300x217.jpg 300w, https:\/\/www.chatel.com\/content\/uploads\/2025\/05\/crankbro_site-page-partenaire--322x232.jpg 322w, https:\/\/www.chatel.com\/content\/uploads\/2025\/05\/crankbro_site-page-partenaire-.jpg 664w\" sizes=\"auto, (max-width: 300px) 100vw, 300px\" \/><\/p>\n\n                                        <\/div>\n                                                                    <\/div>\n                            <\/div>\n                                                                <\/div>\n    <\/div>\n\n\n<div class=\"GutCol2  GutContainer\">\n        <div class=\"GutCol2-container\">\n\n            \n                                                                                                        <div class=\"GutCol2-wrap GutCol2-blocTexte Left\">\n                                <div class=\"GutCol2-blocTexte--inner\">\n                                                                            <div class=\"GutTitle Left\">\n                            <h2 class=\"GutTitle-title\">ION<\/h2>\n                    <\/div>\n                                                                                                                                                    <div class=\"GutCol2-text Content\">\n                                            <p>Oorspronkelijk gericht op watersport, heeft ION zich gevestigd in de wereld van MTB met een kleding- en beschermingslijn die stijl, techniek en comfort combineert. Ontworpen voor veeleisende riders, vertrouwt het Duitse merk op innovatieve materialen en functioneel design om alle disciplines te ondersteunen, van trail tot downhill.<\/p>\n<p style=\"text-align: center;\"><a class=\"Button-primary\" href=\"https:\/\/www.ion-products.com\/en?userLanguageSwitch=true\" target=\"_blank\" rel=\"noopener\">Ontdek<\/a><\/p>\n\n                                        <\/div>\n                                                                    <\/div>\n                            <\/div>\n                                                                                                                        <div class=\"GutCol2-wrap GutCol2-blocTexte Right\">\n                                <div class=\"GutCol2-blocTexte--inner\">\n                                                                                                                                                    <div class=\"GutCol2-text Content\">\n                                            <p><img loading=\"lazy\" decoding=\"async\" class=\"alignnone size-medium wp-image-9539\" src=\"https:\/\/www.chatel.com\/content\/uploads\/2025\/05\/ion_site-page-partenaire--300x217.jpg\" alt=\"\" width=\"300\" height=\"217\" srcset=\"https:\/\/www.chatel.com\/content\/uploads\/2025\/05\/ion_site-page-partenaire--300x217.jpg 300w, https:\/\/www.chatel.com\/content\/uploads\/2025\/05\/ion_site-page-partenaire--322x232.jpg 322w, https:\/\/www.chatel.com\/content\/uploads\/2025\/05\/ion_site-page-partenaire-.jpg 664w\" sizes=\"auto, (max-width: 300px) 100vw, 300px\" \/><\/p>\n\n                                        <\/div>\n                                                                    <\/div>\n                            <\/div>\n                                                                <\/div>\n    <\/div>\n\n\n<div class=\"GutCol2  GutContainer\">\n        <div class=\"GutCol2-container\">\n\n            \n                                                                                                        <div class=\"GutCol2-wrap GutCol2-blocTexte Left\">\n                                <div class=\"GutCol2-blocTexte--inner\">\n                                                                            <div class=\"GutTitle Left\">\n                            <h2 class=\"GutTitle-title\">Michelin<\/h2>\n                    <\/div>\n                                                                                                                                                    <div class=\"GutCol2-text Content\">\n                                            <p>Wereldwijd een referentie in de bandenwereld, zet Michelin zijn expertise in voor de fiets met hoogwaardige, duurzame banden die geschikt zijn voor alle disciplines. Met een eeuwoude knowhow en een voortdurende focus op innovatie, begeleidt het Franse merk riders op elk terrein met betrouwbaarheid en precisie.<\/p>\n<p style=\"text-align: center;\"><a class=\"Button-primary\" href=\"https:\/\/www.michelin.fr\/bicycle\" target=\"_blank\" rel=\"noopener\">Ontdek<\/a><\/p>\n\n                                        <\/div>\n                                                                    <\/div>\n                            <\/div>\n                                                                                                                        <div class=\"GutCol2-wrap GutCol2-blocTexte Right\">\n                                <div class=\"GutCol2-blocTexte--inner\">\n                                                                                                                                                    <div class=\"GutCol2-text Content\">\n                                            <p><img loading=\"lazy\" decoding=\"async\" class=\"alignnone size-medium wp-image-9558\" src=\"https:\/\/www.chatel.com\/content\/uploads\/2025\/05\/unnamed-file-300x217.jpg\" alt=\"\" width=\"300\" height=\"217\" srcset=\"https:\/\/www.chatel.com\/content\/uploads\/2025\/05\/unnamed-file-300x217.jpg 300w, https:\/\/www.chatel.com\/content\/uploads\/2025\/05\/unnamed-file-322x232.jpg 322w, https:\/\/www.chatel.com\/content\/uploads\/2025\/05\/unnamed-file.jpg 664w\" sizes=\"auto, (max-width: 300px) 100vw, 300px\" \/><\/p>\n\n                                        <\/div>\n                                                                    <\/div>\n                            <\/div>\n                                                                <\/div>\n    <\/div>\n\n\n<div class=\"GutCol2  GutContainer\">\n        <div class=\"GutCol2-container\">\n\n            \n                                                                                                        <div class=\"GutCol2-wrap GutCol2-blocTexte Left\">\n                                <div class=\"GutCol2-blocTexte--inner\">\n                                                                            <div class=\"GutTitle Left\">\n                            <h2 class=\"GutTitle-title\">Bluegrass<\/h2>\n                    <\/div>\n                                                                                                                                                    <div class=\"GutCol2-text Content\">\n                                            <p>Specialist in MTB-bescherming, ontwerpt Bluegrass helmen, bodyvesten en uitrusting die gericht zijn op betrokkenheid en veiligheid. Als zustermerk van MET richt het zich op DH-, enduro- en freeride-riders die op zoek zijn naar prestaties en betrouwbaarheid. Verfijnd design, geavanceerde technologie\u00ebn en passie voor het rijden vormen de kern van het Bluegrass-DNA.<\/p>\n<p style=\"text-align: center;\"><a class=\"Button-primary\" href=\"https:\/\/www.met-helmets.com\/en\/bluegrass\/\" target=\"_blank\" rel=\"noopener\">Ontdek<\/a><\/p>\n\n                                        <\/div>\n                                                                    <\/div>\n                            <\/div>\n                                                                                                                        <div class=\"GutCol2-wrap GutCol2-blocTexte Right\">\n                                <div class=\"GutCol2-blocTexte--inner\">\n                                                                                                                                                    <div class=\"GutCol2-text Content\">\n                                            <p><img loading=\"lazy\" decoding=\"async\" class=\"alignnone size-medium wp-image-9563\" src=\"https:\/\/www.chatel.com\/content\/uploads\/2025\/05\/bluegrass_site-page-partenaire--300x217.jpg\" alt=\"\" width=\"300\" height=\"217\" srcset=\"https:\/\/www.chatel.com\/content\/uploads\/2025\/05\/bluegrass_site-page-partenaire--300x217.jpg 300w, https:\/\/www.chatel.com\/content\/uploads\/2025\/05\/bluegrass_site-page-partenaire--322x232.jpg 322w, https:\/\/www.chatel.com\/content\/uploads\/2025\/05\/bluegrass_site-page-partenaire-.jpg 664w\" sizes=\"auto, (max-width: 300px) 100vw, 300px\" \/><\/p>\n\n                                        <\/div>\n                                                                    <\/div>\n                            <\/div>\n                                                                <\/div>\n    <\/div>\n\n\n<div class=\"GutCol2  GutContainer\">\n        <div class=\"GutCol2-container\">\n\n            \n                                                                                                        <div class=\"GutCol2-wrap GutCol2-blocTexte Left\">\n                                <div class=\"GutCol2-blocTexte--inner\">\n                                                                            <div class=\"GutTitle Left\">\n                            <h2 class=\"GutTitle-title\">Reverse<\/h2>\n                    <\/div>\n                                                                                                                                                    <div class=\"GutCol2-text Content\">\n                                            <p>Gevestigd in het hart van het Zwarte Woud in Duitsland, ontwikkelt Reverse robuuste en betrouwbare componenten voor gravity disciplines. Sturen, stuurpennen, zadels\u2026 elk onderdeel is ontworpen om de uitdagingen van intensief MTB-rijden te weerstaan, met stijl en precisie. Reverse belichaamt de freeride-mentaliteit in dienst van prestaties.<\/p>\n<p style=\"text-align: center;\"><a class=\"Button-primary\" href=\"https:\/\/reverse-components.com\/de\" target=\"_blank\" rel=\"noopener\">Ontdek<\/a><\/p>\n\n                                        <\/div>\n                                                                    <\/div>\n                            <\/div>\n                                                                                                                        <div class=\"GutCol2-wrap GutCol2-blocTexte Right\">\n                                <div class=\"GutCol2-blocTexte--inner\">\n                                                                                                                                                    <div class=\"GutCol2-text Content\">\n                                            <p><img loading=\"lazy\" decoding=\"async\" class=\"alignnone size-medium wp-image-9567\" src=\"https:\/\/www.chatel.com\/content\/uploads\/2025\/05\/reverse_site-page-partenaire--300x217.jpg\" alt=\"\" width=\"300\" height=\"217\" srcset=\"https:\/\/www.chatel.com\/content\/uploads\/2025\/05\/reverse_site-page-partenaire--300x217.jpg 300w, https:\/\/www.chatel.com\/content\/uploads\/2025\/05\/reverse_site-page-partenaire--322x232.jpg 322w, https:\/\/www.chatel.com\/content\/uploads\/2025\/05\/reverse_site-page-partenaire-.jpg 664w\" sizes=\"auto, (max-width: 300px) 100vw, 300px\" \/><\/p>\n\n                                        <\/div>\n                                                                    <\/div>\n                            <\/div>\n                                                                <\/div>\n    <\/div>\n\n\n<div class=\"GutCol2  GutContainer\">\n        <div class=\"GutCol2-container\">\n\n            \n                                                                                                        <div class=\"GutCol2-wrap GutCol2-blocTexte Left\">\n                                <div class=\"GutCol2-blocTexte--inner\">\n                                                                            <div class=\"GutTitle Left\">\n                            <h2 class=\"GutTitle-title\">El Tony Mate<\/h2>\n                    <\/div>\n                                                                                                                                                    <div class=\"GutCol2-text Content\">\n                                            <p class=\"font-claude-response-body break-words whitespace-normal leading-[1.7]\">El Tony Mate is een andere manier om energie te benaderen. Een drankje op basis van mat\u00e9, eenvoudig in zijn samenstelling, direct in zijn effect, en trouw aan \u00e9\u00e9n idee: leven met nieuwsgierigheid en enthousiasme, zonder kunstgrepen.<\/p>\n<p class=\"font-claude-response-body break-words whitespace-normal leading-[1.7]\">Geboren uit de ontmoeting tussen de Zuid-Amerikaanse cultuur en een hedendaagse Europese sensibiliteit, verenigt El Tony Mate het natuurlijke met de moderniteit. Het biedt een zachte, duurzame en evenwichtige energie, afgestemd op de ritmes van vandaag.<\/p>\n<p style=\"text-align: center;\"><a class=\"Button-primary\" href=\"https:\/\/www.eltonymate.com\/nl\/\" target=\"_blank\" rel=\"noopener\">Ontdek<\/a><\/p>\n\n                                        <\/div>\n                                                                    <\/div>\n                            <\/div>\n                                                                                                                        <div class=\"GutCol2-wrap GutCol2-blocTexte Right\">\n                                <div class=\"GutCol2-blocTexte--inner\">\n                                                                                                                                                    <div class=\"GutCol2-text Content\">\n                                            <p><img loading=\"lazy\" decoding=\"async\" class=\"alignnone size-medium wp-image-98467\" src=\"https:\/\/www.chatel.com\/content\/uploads\/2026\/04\/El-tony--300x217.jpg\" alt=\"\" width=\"300\" height=\"217\" srcset=\"https:\/\/www.chatel.com\/content\/uploads\/2026\/04\/El-tony--300x217.jpg 300w, https:\/\/www.chatel.com\/content\/uploads\/2026\/04\/El-tony--322x232.jpg 322w, https:\/\/www.chatel.com\/content\/uploads\/2026\/04\/El-tony-.jpg 664w\" sizes=\"auto, (max-width: 300px) 100vw, 300px\" \/><\/p>\n\n                                        <\/div>\n                                                                    <\/div>\n                            <\/div>\n                                                                <\/div>\n    <\/div>\n","protected":false},"excerpt":{"rendered":"","protected":false},"author":2,"featured_media":0,"parent":14253,"menu_order":8,"comment_status":"closed","ping_status":"closed","template":"","meta":{"_acf_changed":false,"footnotes":""},"class_list":["post-26067","page","type-page","status-publish","hentry"],"acf":[],"_links":{"self":[{"href":"https:\/\/www.chatel.com\/nl\/wp-json\/wp\/v2\/pages\/26067","targetHints":{"allow":["GET"]}}],"collection":[{"href":"https:\/\/www.chatel.com\/nl\/wp-json\/wp\/v2\/pages"}],"about":[{"href":"https:\/\/www.chatel.com\/nl\/wp-json\/wp\/v2\/types\/page"}],"author":[{"embeddable":true,"href":"https:\/\/www.chatel.com\/nl\/wp-json\/wp\/v2\/users\/2"}],"replies":[{"embeddable":true,"href":"https:\/\/www.chatel.com\/nl\/wp-json\/wp\/v2\/comments?post=26067"}],"version-history":[{"count":5,"href":"https:\/\/www.chatel.com\/nl\/wp-json\/wp\/v2\/pages\/26067\/revisions"}],"predecessor-version":[{"id":98479,"href":"https:\/\/www.chatel.com\/nl\/wp-json\/wp\/v2\/pages\/26067\/revisions\/98479"}],"up":[{"embeddable":true,"href":"https:\/\/www.chatel.com\/nl\/wp-json\/wp\/v2\/pages\/14253"}],"wp:attachment":[{"href":"https:\/\/www.chatel.com\/nl\/wp-json\/wp\/v2\/media?parent=26067"}],"curies":[{"name":"wp","href":"https:\/\/api.w.org\/{rel}","templated":true}]}}