{"id":35663,"date":"2025-10-31T16:37:19","date_gmt":"2025-10-31T15:37:19","guid":{"rendered":"https:\/\/www.chatel.com\/?page_id=35663"},"modified":"2026-03-24T10:51:07","modified_gmt":"2026-03-24T09:51:07","slug":"ik-ben-hier","status":"publish","type":"page","link":"https:\/\/www.chatel.com\/nl\/ontdekken-chatel-in-winter\/blog-en-advies\/ik-ben-hier\/","title":{"rendered":"Ik ben hier"},"content":{"rendered":"<div class=\"GutCol2  GutContainer\">\n        <div class=\"GutCol2-container\">\n\n            <div class=\"GutTitle Center\">\n                            <h2 class=\"GutTitle-title\">Interactieve kaart<\/h2>\n                    <\/div>\n\n                                                                                                                                        <div class=\"GutCol2-wrap GutCol2-blocImage Left\">\n                                    <picture class=\"GutCol2-picture\">\n                                        <img decoding=\"async\" src=\"https:\/\/www.chatel.com\/content\/uploads\/2025\/10\/Agenda-resalocal-hiver-664x480-2.png\"\n                                             alt=\"Agenda-resalocal-hiver-664x480-2\" \/>\n                                    <\/picture>\n                                                                    <\/div>\n                                                                                                                                                    <div class=\"GutCol2-wrap GutCol2-blocTexte Right\">\n                                <div class=\"GutCol2-blocTexte--inner\">\n                                                                                                                                                    <div class=\"GutCol2-text Content\">\n                                            <p>Met onze interactieve kaart kunt u uw programma op maat samenstellen, helemaal naar uw wensen en uw agenda.<\/p>\n<p>Vind alle informatie die u nodig hebt in \u00e9\u00e9n oogopslag, op \u00e9\u00e9n plek.<\/p>\n<p>&nbsp;<\/p>\n<p>&nbsp;<\/p>\n<p style=\"text-align: center;\"><a class=\"Button-primary\" href=\"https:\/\/explore.chatel.com\/en\/map?season=winter&amp;utm_source=ot&amp;utm_medium=website&amp;utm_campaign=nl-ik-ben-hier\" target=\"_blank\" rel=\"noopener\">Interactieve kaart<\/a><\/p>\n\n                                        <\/div>\n                                                                    <\/div>\n                            <\/div>\n                                                                <\/div>\n    <\/div>\n\n\n<div class=\"GutCol2  GutContainer\">\n        <div class=\"GutCol2-container\">\n\n            <div class=\"GutTitle Center\">\n                            <h2 class=\"GutTitle-title\">Reis gemakkelijk met de pendelbussen!<\/h2>\n                    <\/div>\n\n                                                                                                                                        <div class=\"GutCol2-wrap GutCol2-blocImage Left\">\n                                    <picture class=\"GutCol2-picture\">\n                                        <img decoding=\"async\" src=\"https:\/\/www.chatel.com\/content\/uploads\/2025\/10\/Navettes-664-x-480.jpg\"\n                                             alt=\"Navettes - 664 x 480\" \/>\n                                    <\/picture>\n                                                                    <\/div>\n                                                                                                                                                    <div class=\"GutCol2-wrap GutCol2-blocTexte Right\">\n                                <div class=\"GutCol2-blocTexte--inner\">\n                                                                                                                                                    <div class=\"GutCol2-text Content\">\n                                            <p>Laat uw auto staan zodra u geparkeerd heeft en maak gebruik van de gratis buslijnen om gemakkelijk bij de skiliften te komen en u door het dorp Ch\u00e2tel te verplaatsen.<\/p>\n<p style=\"text-align: center;\"><a class=\"Button-primary\" href=\"https:\/\/www.chatel.com\/nl\/diensten\/chatel-pendeldiensten-chatel-hiver\/\">Meer informatie<\/a><\/p>\n<p>U hoeft niet meer te wachten: volg de pendelbussen in realtime en bekijk de dienstregeling in een oogopslag door de Pysae-app te downloaden.<\/p>\n<p style=\"text-align: center;\"><a class=\"Button-primary\" href=\"https:\/\/web.pysae.com\/download\" target=\"_blank\" rel=\"noopener\">Download de app<\/a><\/p>\n\n                                        <\/div>\n                                                                    <\/div>\n                            <\/div>\n                                                                <\/div>\n    <\/div>\n\n\n<div class=\"GutCol2  GutContainer\">\n        <div class=\"GutCol2-container\">\n\n            <div class=\"GutTitle Center\">\n                            <h2 class=\"GutTitle-title\">Kom terug op ski&#039;s!<\/h2>\n                    <\/div>\n\n                                                                                                        <div class=\"GutCol2-wrap GutCol2-blocTexte Left\">\n                                <div class=\"GutCol2-blocTexte--inner\">\n                                                                                                                                                    <div class=\"GutCol2-text Content\">\n                                            <p>Aan het einde van de dag, vooral tijdens de vakantieperiodes, kan het verkeer in het skigebied druk worden. Om files te vermijden en langer van uw dag te kunnen genieten, kunt u ervoor kiezen om op ski&#8217;s terug te keren.<\/p>\n<p>De verbindingsstoeltjesliften Portes du Soleil en Gabelou zorgen voor een vlotte doorstroming door het skigebied.<\/p>\n<p>\u26a0\ufe0f Houd rekening met uw terugkeer, deze stoeltjesliften sluiten om 16.45 uur. Afhankelijk van uw positie in het skigebied moet u voldoende tijd inplannen om uw sector te bereiken.<\/p>\n<p>&nbsp;<\/p>\n<p>Bekijk hier de pistekaart om uw terugweg te plannen:<\/p>\n<p>&nbsp;<\/p>\n<p style=\"text-align: center;\"><a class=\"Button-primary\" href=\"https:\/\/www.chatel.com\/nl\/skien\/pistekaarten\/\">Pistekaart<\/a><\/p>\n\n                                        <\/div>\n                                                                    <\/div>\n                            <\/div>\n                                                                                                                                                        <div class=\"GutCol2-wrap GutCol2-blocImage Right\">\n                                    <picture class=\"GutCol2-picture\">\n                                        <img decoding=\"async\" src=\"https:\/\/www.chatel.com\/content\/uploads\/2025\/10\/Liaison-inter-domaines-644-x-480-588x480.jpg\"\n                                             alt=\"Liaison inter domaines 644 x 480\" \/>\n                                    <\/picture>\n                                                                    <\/div>\n                                                                                            <\/div>\n    <\/div>\n\n\n<div class=\"GutCol2  GutContainer\">\n        <div class=\"GutCol2-container\">\n\n            <div class=\"GutTitle Center\">\n                            <h2 class=\"GutTitle-title\">Haal uw skipas op<\/h2>\n                    <\/div>\n\n                                                                                                        <div class=\"GutCol2-wrap GutCol2-blocTexte Left\">\n                                <div class=\"GutCol2-blocTexte--inner\">\n                                                                                                                                                    <div class=\"GutCol2-text Content\">\n                                            <p>Om uw online gekochte skipassen op te halen, hoeft u alleen maar naar een automaat in het skigebied te gaan.<\/p>\n<p>Of u nu naar de automaat gaat die het dichtst bij uw accommodatie staat of naar de automaat die u onderweg tegenkomt bij aankomst, u hoeft alleen maar de QR-code te scannen die u per e-mail hebt ontvangen.<\/p>\n<p>Bekijk hier de plattegrond met de locaties van de automaten:<\/p>\n<p>&nbsp;<\/p>\n<p style=\"text-align: center;\"><a class=\"Button-primary\" href=\"https:\/\/www.skipass-chatel.com\/en\/pickupsites\" target=\"_blank\" rel=\"noopener\">Bekijk de plattegrond<\/a><\/p>\n\n                                        <\/div>\n                                                                    <\/div>\n                            <\/div>\n                                                                                                                                                        <div class=\"GutCol2-wrap GutCol2-blocImage Right\">\n                                    <picture class=\"GutCol2-picture\">\n                                        <img decoding=\"async\" src=\"https:\/\/www.chatel.com\/content\/uploads\/2025\/10\/Bornes-retrait-forfait-664-x-480.jpg\"\n                                             alt=\"Bornes retrait forfait -664 x 480\" \/>\n                                    <\/picture>\n                                                                    <\/div>\n                                                                                            <\/div>\n    <\/div>\n\n\n<div class=\"GutCol2  GutContainer\">\n        <div class=\"GutCol2-container\">\n\n            <div class=\"GutTitle Center\">\n                            <h2 class=\"GutTitle-title\">Reserveer uw tafel<\/h2>\n                    <\/div>\n\n                                                                                                                                        <div class=\"GutCol2-wrap GutCol2-blocImage Left\">\n                                    <picture class=\"GutCol2-picture\">\n                                        <img decoding=\"async\" src=\"https:\/\/www.chatel.com\/content\/uploads\/2025\/10\/Restaurant-hiver-644-x-480.jpg\"\n                                             alt=\"Restaurant - hiver 644 x 480\" \/>\n                                    <\/picture>\n                                                                    <\/div>\n                                                                                                                                                    <div class=\"GutCol2-wrap GutCol2-blocTexte Right\">\n                                <div class=\"GutCol2-blocTexte--inner\">\n                                                                                                                                                    <div class=\"GutCol2-text Content\">\n                                            <p>In Ch\u00e2tel vindt u talrijke restaurants die u graag verwelkomen.<\/p>\n<p>Het is echter sterk aan te raden om van tevoren te reserveren om zeker te zijn van een plaats, vooral op vrijdagavond, wanneer restaurants vaak vol zitten.<\/p>\n<p>&nbsp;<\/p>\n<p style=\"text-align: center;\"><a class=\"Button-primary\" href=\"https:\/\/www.chatel.com\/nl\/verblijven\/winkels-en-diensten\/alle-restaurants\/\">Alle restaurants<\/a><\/p>\n\n                                        <\/div>\n                                                                    <\/div>\n                            <\/div>\n                                                                <\/div>\n    <\/div>\n","protected":false},"excerpt":{"rendered":"","protected":false},"author":3,"featured_media":0,"parent":13263,"menu_order":0,"comment_status":"closed","ping_status":"closed","template":"","meta":{"_acf_changed":false,"footnotes":""},"class_list":["post-35663","page","type-page","status-publish","hentry"],"acf":[],"_links":{"self":[{"href":"https:\/\/www.chatel.com\/nl\/wp-json\/wp\/v2\/pages\/35663","targetHints":{"allow":["GET"]}}],"collection":[{"href":"https:\/\/www.chatel.com\/nl\/wp-json\/wp\/v2\/pages"}],"about":[{"href":"https:\/\/www.chatel.com\/nl\/wp-json\/wp\/v2\/types\/page"}],"author":[{"embeddable":true,"href":"https:\/\/www.chatel.com\/nl\/wp-json\/wp\/v2\/users\/3"}],"replies":[{"embeddable":true,"href":"https:\/\/www.chatel.com\/nl\/wp-json\/wp\/v2\/comments?post=35663"}],"version-history":[{"count":8,"href":"https:\/\/www.chatel.com\/nl\/wp-json\/wp\/v2\/pages\/35663\/revisions"}],"predecessor-version":[{"id":87971,"href":"https:\/\/www.chatel.com\/nl\/wp-json\/wp\/v2\/pages\/35663\/revisions\/87971"}],"up":[{"embeddable":true,"href":"https:\/\/www.chatel.com\/nl\/wp-json\/wp\/v2\/pages\/13263"}],"wp:attachment":[{"href":"https:\/\/www.chatel.com\/nl\/wp-json\/wp\/v2\/media?parent=35663"}],"curies":[{"name":"wp","href":"https:\/\/api.w.org\/{rel}","templated":true}]}}