{"id":38538,"date":"2025-04-30T16:43:15","date_gmt":"2025-04-30T14:43:15","guid":{"rendered":"https:\/\/www.chatel.com\/ontdekken-chatel-in-winter\/blog-en-advies\/preparer-mon-sejour\/"},"modified":"2025-11-05T17:18:31","modified_gmt":"2025-11-05T16:18:31","slug":"mijn-verblijf-voorbereiden","status":"publish","type":"page","link":"https:\/\/www.chatel.com\/nl\/ontdekken-chatel-in-winter\/blog-en-advies\/mijn-verblijf-voorbereiden\/","title":{"rendered":"Mijn verblijf voorbereiden"},"content":{"rendered":"<div class=\"GutText  GutContainer\">\n        <div class=\"GutText-inner\">\n            <div class=\"GutTitle Center\">\n                            <h2 class=\"GutTitle-title\">Uw verblijf in Ch\u00e2tel komt dichterbij<\/h2>\n                            <span class=\"GutTitle-subtitle\">Ontdek onze tips voor een zorgeloos verblijf<\/span>\n            <\/div>\n                            <div class=\"GutText-intro Left\">De vakantie komt met rasse schreden dichterbij! We hebben alle essenti\u00eble informatie verzameld om u te helpen bij de voorbereiding van uw verblijf in Ch\u00e2tel.\r\n\r\n\r\n\r\nHier vindt u 7 tips om uw skivakantie nog aangenamer te maken.<\/div>\n                                <\/div>\n    <\/div>\n\n\n<div class=\"GutImage  GutContainer\">\n        <div class=\"GutImage-container\">\n            <div class=\"GutTitle Left\">\n                            <h2 class=\"GutTitle-title\">Tip n\u00b01: U komt met de auto<\/h2>\n                    <\/div>\n            \n                            <picture class=\"GutImage-pic\">\n                    <source srcset=\"https:\/\/www.chatel.com\/content\/uploads\/2025\/06\/CHATEL_L.-MEYER_village_20201225_16-768x433.jpg\" media=\"(max-width: 768px)\">\n                    <source srcset=\"https:\/\/www.chatel.com\/content\/uploads\/2025\/06\/CHATEL_L.-MEYER_village_20201225_16-992x559.jpg\" media=\"(max-width: 992px)\">\n                    <source srcset=\"https:\/\/www.chatel.com\/content\/uploads\/2025\/06\/CHATEL_L.-MEYER_village_20201225_16-1348x760.jpg\" media=\"(min-width: 993px)\">\n                    <img decoding=\"async\" class=\"GutImage-img\" src=\"https:\/\/www.chatel.com\/content\/uploads\/2025\/06\/CHATEL_L.-MEYER_village_20201225_16-1348x760.jpg\" alt=\"CHATEL_L. MEYER_village_20201225_16\" \/>\n                <\/picture>\n                                <\/div>\n    <\/div>\n\n\n<div class=\"GutText  GutContainer\">\n        <div class=\"GutText-inner\">\n                                                    <div class=\"GutText-wysiwyg Content\">\n                    <p><strong>Winteruitrusting is verplicht in de Haute-Savoie van 1 november tot 31 maart:<\/strong><\/p>\n<ul>\n<li>Voor lichte voertuigen, bedrijfsvoertuigen en campers: u moet in uw voertuig sneeuwkettingen of sneeuwsokken voor ten minste 2 aangedreven wielen of 4 winterbanden hebben.<\/li>\n<li>Voor touringcars, bussen en vrachtwagens zonder aanhanger of oplegger: u moet in uw voertuig verwijderbare antislipvoorzieningen hebben voor ten minste 2 aandrijfwielen of ten minste 2 winterbanden op de stuurwielen + ten minste 2 banden op de aandrijfwielen.<\/li>\n<\/ul>\n<p><strong>\u00a0<\/strong><\/p>\n<p>Als u niet gewend bent om sneeuwkettingen of sneeuwsokken op uw auto te monteren, oefen dan thuis voordat u vertrekt.<\/p>\n<p>Voor alle informatie over de toestand van de wegen in de Haute Savoie kunt u terecht op de website<\/p>\n<p>&nbsp;<\/p>\n<p style=\"text-align: center;\"><a class=\"Button-primary\" href=\"https:\/\/www.inforoute74.fr\/\" target=\"_blank\" rel=\"noopener\">Info routes 74\u00a0<\/a><\/p>\n<p>Eenmaal aangekomen in Ch\u00e2tel kunt u uw auto de hele dag laten staan en gebruikmaken van de gratis pendeldienst om naar de skipistes te gaan of u binnen het skigebied te verplaatsen.<\/p>\n\n                <\/div>\n                    <\/div>\n    <\/div>\n\n\n<div class=\"GutImage  GutContainer\">\n        <div class=\"GutImage-container\">\n            <div class=\"GutTitle Left\">\n                            <h2 class=\"GutTitle-title\">Tip N\u00b02 : Koop of laad uw skipassen online op <\/h2>\n                    <\/div>\n            \n                            <picture class=\"GutImage-pic\">\n                    <source srcset=\"https:\/\/www.chatel.com\/content\/uploads\/2025\/06\/forfait-768x433.jpg\" media=\"(max-width: 768px)\">\n                    <source srcset=\"https:\/\/www.chatel.com\/content\/uploads\/2025\/06\/forfait-992x559.jpg\" media=\"(max-width: 992px)\">\n                    <source srcset=\"https:\/\/www.chatel.com\/content\/uploads\/2025\/06\/forfait-1348x760.jpg\" media=\"(min-width: 993px)\">\n                    <img decoding=\"async\" class=\"GutImage-img\" src=\"https:\/\/www.chatel.com\/content\/uploads\/2025\/06\/forfait-1348x760.jpg\" alt=\"forfait\" \/>\n                <\/picture>\n                                <\/div>\n    <\/div>\n\n\n<div class=\"GutText  GutContainer\">\n        <div class=\"GutText-inner\">\n                                                    <div class=\"GutText-wysiwyg Content\">\n                    <p>Met online verkoop profiteert u van betere tarieven en bespaart u tijd door niet langs de kassa te hoeven gaan. U hoeft uw skipas alleen maar op te halen bij het dichtstbijzijnde loket bij uw accommodatie of bij het loket dat op uw route ligt wanneer u aankomt. Om uw skipas op te halen, hoeft u alleen maar de QR-code te scannen die u per e-mail hebt ontvangen.<\/p>\n<p style=\"text-align: center;\"><a class=\"Button-primary\" href=\"https:\/\/www.skipass-chatel.com\/en\/\" target=\"_blank\" rel=\"noopener\">Een skipas kopen<\/a><\/p>\n<p>De automatische terminals bevinden zich bij de kabelbaan van Super-Ch\u00e2tel, bij de stoeltjeslift van Linga, bij de ingang van Ch\u00e2tel Tourisme, in Barbossine, in Vonnes of in Pr\u00e9 la Joux.<\/p>\n<p>Heeft u al een magnetische kaart? Vergeet dan niet deze op te laden met het WTP-nummer dat op de kaart staat!<\/p>\n<p>Bekijk hier de plattegrond met de afhaalautomaten:<\/p>\n<p>&nbsp;<\/p>\n<p style=\"text-align: center;\"><a class=\"Button-primary\" href=\"https:\/\/www.skipass-chatel.com\/en\/pickupsites\" target=\"_blank\" rel=\"noopener\">Bekijk de plattegrond<\/a><\/p>\n\n                <\/div>\n                    <\/div>\n    <\/div>\n\n\n<div class=\"GutImage  GutContainer\">\n        <div class=\"GutImage-container\">\n            <div class=\"GutTitle Left\">\n                            <h2 class=\"GutTitle-title\">Tip n\u00b03 : Voor de prijs van een warme chocolademelk kunt u met een gerust hart gaan ski\u00ebn.<\/h2>\n                    <\/div>\n            \n                            <picture class=\"GutImage-pic\">\n                    <source srcset=\"https:\/\/www.chatel.com\/content\/uploads\/2025\/06\/CHATEL_L.-MEYER_ski_20241212_04-768x433.jpg\" media=\"(max-width: 768px)\">\n                    <source srcset=\"https:\/\/www.chatel.com\/content\/uploads\/2025\/06\/CHATEL_L.-MEYER_ski_20241212_04-992x559.jpg\" media=\"(max-width: 992px)\">\n                    <source srcset=\"https:\/\/www.chatel.com\/content\/uploads\/2025\/06\/CHATEL_L.-MEYER_ski_20241212_04-1348x760.jpg\" media=\"(min-width: 993px)\">\n                    <img decoding=\"async\" class=\"GutImage-img\" src=\"https:\/\/www.chatel.com\/content\/uploads\/2025\/06\/CHATEL_L.-MEYER_ski_20241212_04-1348x760.jpg\" alt=\"CHATEL_L. MEYER_ski_20241212_04\" \/>\n                <\/picture>\n                                <\/div>\n    <\/div>\n\n\n<div class=\"GutText  GutContainer\">\n        <div class=\"GutText-inner\">\n                                                    <div class=\"GutText-wysiwyg Content\">\n                    <p>Vergeet niet om u te verzekeren voor een zorgeloos verblijf!!!<\/p>\n<p>Bijstand, repatri\u00ebring, onderbroken verblijf, annulering&#8230; Of het nu voor uw verblijf of het seizoen is, denk eraan om u te verzekeren, want een ongeval kan u duur komen te staan! U moet weten dat bergredding niet gratis is en ten laste komt van de gewonde. Een verzekering afsluiten is dus een must voordat u de pistes op gaat.<\/p>\n<p>Er worden 3 verzekeringsformules aangeboden:<\/p>\n<p>&nbsp;<\/p>\n<p style=\"text-align: center;\"><a class=\"Button-primary\" href=\"https:\/\/www.skipass-chatel.com\/en\/assurances\" target=\"_blank\" rel=\"noopener\">Meer informatie<\/a><\/p>\n\n                <\/div>\n                    <\/div>\n    <\/div>\n\n\n<div class=\"GutImage  GutContainer\">\n        <div class=\"GutImage-container\">\n            <div class=\"GutTitle Left\">\n                            <h2 class=\"GutTitle-title\">Tip n\u00b04 : Vergeet niet uw skilessen te reserveren<\/h2>\n                    <\/div>\n            \n                            <picture class=\"GutImage-pic\">\n                    <source srcset=\"https:\/\/www.chatel.com\/content\/uploads\/2025\/11\/Cours-de-ski-preparez-votre-sejour-1920-x-900-768x433.jpg\" media=\"(max-width: 768px)\">\n                    <source srcset=\"https:\/\/www.chatel.com\/content\/uploads\/2025\/11\/Cours-de-ski-preparez-votre-sejour-1920-x-900-992x559.jpg\" media=\"(max-width: 992px)\">\n                    <source srcset=\"https:\/\/www.chatel.com\/content\/uploads\/2025\/11\/Cours-de-ski-preparez-votre-sejour-1920-x-900-1348x760.jpg\" media=\"(min-width: 993px)\">\n                    <img decoding=\"async\" class=\"GutImage-img\" src=\"https:\/\/www.chatel.com\/content\/uploads\/2025\/11\/Cours-de-ski-preparez-votre-sejour-1920-x-900-1348x760.jpg\" alt=\"Cours de ski - pr\u00e9parez votre s\u00e9jour 1920 x 900\" \/>\n                <\/picture>\n                                <\/div>\n    <\/div>\n\n\n<div class=\"GutText  GutContainer\">\n        <div class=\"GutText-inner\">\n                                                    <div class=\"GutText-wysiwyg Content\">\n                    <p>Of u nu op zoek bent naar groeps- of priv\u00e9lessen, voor volwassenen of voor kinderen, wij raden u ten zeerste aan om deze van tevoren te reserveren, omdat de vraag erg groot is, vooral tijdens de schoolvakanties.<\/p>\n<p>&nbsp;<\/p>\n<p style=\"text-align: center;\"><a class=\"Button-primary\" href=\"https:\/\/www.chatel.com\/nl\/skien\/de-skilessen\/\">Skilessen<\/a><\/p>\n\n                <\/div>\n                    <\/div>\n    <\/div>\n\n\n<div class=\"GutImage  GutContainer\">\n        <div class=\"GutImage-container\">\n            <div class=\"GutTitle Left\">\n                            <h2 class=\"GutTitle-title\">Tip n\u00b05 : Skimateriaal<\/h2>\n                    <\/div>\n            \n                            <picture class=\"GutImage-pic\">\n                    <source srcset=\"https:\/\/www.chatel.com\/content\/uploads\/2025\/11\/Sans-titre-1-768x433.jpg\" media=\"(max-width: 768px)\">\n                    <source srcset=\"https:\/\/www.chatel.com\/content\/uploads\/2025\/11\/Sans-titre-1-992x559.jpg\" media=\"(max-width: 992px)\">\n                    <source srcset=\"https:\/\/www.chatel.com\/content\/uploads\/2025\/11\/Sans-titre-1-1348x760.jpg\" media=\"(min-width: 993px)\">\n                    <img decoding=\"async\" class=\"GutImage-img\" src=\"https:\/\/www.chatel.com\/content\/uploads\/2025\/11\/Sans-titre-1-1348x760.jpg\" alt=\"Sans titre-1\" \/>\n                <\/picture>\n                                <\/div>\n    <\/div>\n\n\n<div class=\"GutText  GutContainer\">\n        <div class=\"GutText-inner\">\n                                                    <div class=\"GutText-wysiwyg Content\">\n                    <p>Als u uw eigen skimateriaal heeft, controleer dan voor vertrek de staat ervan. De sportwinkels in het skigebied bieden ook een onderhoudsservice voor uw materiaal.<\/p>\n<p>Reserveer uw skimateriaal van tevoren bij een van de sportwinkels in Ch\u00e2tel, zodat u bij aankomst tijd bespaart.<\/p>\n<p style=\"text-align: center;\"><a class=\"Button-primary\" href=\"https:\/\/www.chatel.com\/nl\/verblijven\/winkels-en-diensten\/verhuur-en-verkoop-van-materiaal\/\">Sportwinkels<\/a><\/p>\n\n                <\/div>\n                    <\/div>\n    <\/div>\n\n\n<div class=\"GutImage  GutContainer\">\n        <div class=\"GutImage-container\">\n            <div class=\"GutTitle Left\">\n                            <h2 class=\"GutTitle-title\">Tip n\u00b06 : Maak gebruik van onze skikluisjes<\/h2>\n                    <\/div>\n            \n                            <picture class=\"GutImage-pic\">\n                    <source srcset=\"https:\/\/www.chatel.com\/content\/uploads\/2025\/06\/CHATEL_L.-MEYER_skicase_20230329_03-768x433.jpg\" media=\"(max-width: 768px)\">\n                    <source srcset=\"https:\/\/www.chatel.com\/content\/uploads\/2025\/06\/CHATEL_L.-MEYER_skicase_20230329_03-992x559.jpg\" media=\"(max-width: 992px)\">\n                    <source srcset=\"https:\/\/www.chatel.com\/content\/uploads\/2025\/06\/CHATEL_L.-MEYER_skicase_20230329_03-1348x760.jpg\" media=\"(min-width: 993px)\">\n                    <img decoding=\"async\" class=\"GutImage-img\" src=\"https:\/\/www.chatel.com\/content\/uploads\/2025\/06\/CHATEL_L.-MEYER_skicase_20230329_03-1348x760.jpg\" alt=\"CHATEL_L. MEYER_skicase_20230329_03\" \/>\n                <\/picture>\n                                <\/div>\n    <\/div>\n\n\n<div class=\"GutText  GutContainer\">\n        <div class=\"GutText-inner\">\n                                                    <div class=\"GutText-wysiwyg Content\">\n                    <p>In Ch\u00e2tel hoeft u uw ski-uitrusting en die van uw gezin niet meer dagelijks mee te slepen, want er zijn verwarmde skikluizen beschikbaar in Pr\u00e9 La Joux, Super Ch\u00e2tel, Linga en Vonnes. Vergeet niet te reserveren!<\/p>\n<p>&nbsp;<\/p>\n<p style=\"text-align: center;\"><a class=\"Button-primary\" href=\"https:\/\/www.chatel.com\/nl\/verblijven\/winkels-en-diensten\/ski-kluisjes\/\">Mijn kluis reserveren<\/a><\/p>\n\n                <\/div>\n                    <\/div>\n    <\/div>\n\n\n<div class=\"GutImage  GutContainer\">\n        <div class=\"GutImage-container\">\n            <div class=\"GutTitle Left\">\n                            <h2 class=\"GutTitle-title\">Tip n\u00b07 : Uw koffer pakken voor een skivakantie: waar moet u aan denken?<\/h2>\n                    <\/div>\n            \n                            <picture class=\"GutImage-pic\">\n                    <source srcset=\"https:\/\/www.chatel.com\/content\/uploads\/2025\/11\/Valise-Preparez-votre-sejour-hiver-1920-x-900-768x433.jpg\" media=\"(max-width: 768px)\">\n                    <source srcset=\"https:\/\/www.chatel.com\/content\/uploads\/2025\/11\/Valise-Preparez-votre-sejour-hiver-1920-x-900-992x559.jpg\" media=\"(max-width: 992px)\">\n                    <source srcset=\"https:\/\/www.chatel.com\/content\/uploads\/2025\/11\/Valise-Preparez-votre-sejour-hiver-1920-x-900-1348x760.jpg\" media=\"(min-width: 993px)\">\n                    <img decoding=\"async\" class=\"GutImage-img\" src=\"https:\/\/www.chatel.com\/content\/uploads\/2025\/11\/Valise-Preparez-votre-sejour-hiver-1920-x-900-1348x760.jpg\" alt=\"Valise - Pr\u00e9parez votre s\u00e9jour hiver 1920 x 900\" \/>\n                <\/picture>\n                                <\/div>\n    <\/div>\n\n\n<div class=\"GutText  GutContainer\">\n        <div class=\"GutText-inner\">\n                                                    <div class=\"GutText-wysiwyg Content\">\n                    <p>Het organiseren van uw skivakantie gaat onvermijdelijk gepaard met het heilige inpakken van de koffers. Om zeker te zijn dat u niets vergeet, moet u denken aan het meenemen van geschikte kleding om de grote kou te trotseren. Het \u201cdrie lagen\u201d-systeem blijkt zeer effectief te zijn: het bestaat uit het dragen van technische onderkleding, een fleecevest en vervolgens een waterdichte jas en broek.<\/p>\n<p>Handschoenen, muts, sjaal en dikke sokken behoren ook tot de onmisbare uitrusting. Vergeet niet om truien, jassen met capuchon, warme broeken en waterdichte, antislipschoenen mee te nemen voor uw uitstapjes buiten de pistes.<\/p>\n<p>Vergeet uw zwemkleding niet om te kunnen genieten van het zwemparadijs en de verschillende spa&#8217;s!<\/p>\n<p>In uw toilettas vindt u een zonnecr\u00e8me die geschikt is voor uw huid, een lippenbalsemstick en een vochtinbrengende cr\u00e8me die u regelmatig moet aanbrengen om de gecombineerde effecten van kou, droge lucht en zonreflectie tegen te gaan. Vergeet ook niet de klassieke verzorgingsproducten (aspirine, pleisters, verzachtende cr\u00e8me, arnica) om kleine verwondingen op de piste te verzorgen.<\/p>\n\n                <\/div>\n                    <\/div>\n    <\/div>\n","protected":false},"excerpt":{"rendered":"","protected":false},"author":3,"featured_media":0,"parent":13263,"menu_order":0,"comment_status":"closed","ping_status":"closed","template":"","meta":{"_acf_changed":false,"footnotes":""},"class_list":["post-38538","page","type-page","status-publish","hentry"],"acf":[],"_links":{"self":[{"href":"https:\/\/www.chatel.com\/nl\/wp-json\/wp\/v2\/pages\/38538","targetHints":{"allow":["GET"]}}],"collection":[{"href":"https:\/\/www.chatel.com\/nl\/wp-json\/wp\/v2\/pages"}],"about":[{"href":"https:\/\/www.chatel.com\/nl\/wp-json\/wp\/v2\/types\/page"}],"author":[{"embeddable":true,"href":"https:\/\/www.chatel.com\/nl\/wp-json\/wp\/v2\/users\/3"}],"replies":[{"embeddable":true,"href":"https:\/\/www.chatel.com\/nl\/wp-json\/wp\/v2\/comments?post=38538"}],"version-history":[{"count":1,"href":"https:\/\/www.chatel.com\/nl\/wp-json\/wp\/v2\/pages\/38538\/revisions"}],"predecessor-version":[{"id":38547,"href":"https:\/\/www.chatel.com\/nl\/wp-json\/wp\/v2\/pages\/38538\/revisions\/38547"}],"up":[{"embeddable":true,"href":"https:\/\/www.chatel.com\/nl\/wp-json\/wp\/v2\/pages\/13263"}],"wp:attachment":[{"href":"https:\/\/www.chatel.com\/nl\/wp-json\/wp\/v2\/media?parent=38538"}],"curies":[{"name":"wp","href":"https:\/\/api.w.org\/{rel}","templated":true}]}}