{"id":87948,"date":"2026-03-24T10:16:46","date_gmt":"2026-03-24T09:16:46","guid":{"rendered":"https:\/\/www.chatel.com\/ontdekken-chatel-in-zomer\/blog-en-advies-in-zomer\/je-suis-sur-place\/"},"modified":"2026-03-24T11:09:58","modified_gmt":"2026-03-24T10:09:58","slug":"ik-ben-hier","status":"publish","type":"page","link":"https:\/\/www.chatel.com\/nl\/ontdekken-chatel-in-zomer\/blog-en-advies-in-zomer\/ik-ben-hier\/","title":{"rendered":"Ik ben hier"},"content":{"rendered":"<div class=\"GutCol2  GutContainer\">\n        <div class=\"GutCol2-container\">\n\n            <div class=\"GutTitle Center\">\n                            <h2 class=\"GutTitle-title\">Interactieve kaart<\/h2>\n                    <\/div>\n\n                                                                                                                                        <div class=\"GutCol2-wrap GutCol2-blocImage Left\">\n                                    <picture class=\"GutCol2-picture\">\n                                        <img decoding=\"async\" src=\"https:\/\/www.chatel.com\/content\/uploads\/2025\/10\/Agenda-ete-resalocal-664x374-1.png\"\n                                             alt=\"Agenda-ete-resalocal-664x374\" \/>\n                                    <\/picture>\n                                                                    <\/div>\n                                                                                                                                                    <div class=\"GutCol2-wrap GutCol2-blocTexte Right\">\n                                <div class=\"GutCol2-blocTexte--inner\">\n                                                                                                                                                    <div class=\"GutCol2-text Content\">\n                                            <p>Met onze interactieve kaart kunt u uw programma op maat samenstellen, helemaal naar uw wensen en uw agenda.<\/p>\n<p><strong>Vind alle informatie die u nodig hebt in \u00e9\u00e9n oogopslag, op \u00e9\u00e9n plek.<\/strong><\/p>\n<p>&nbsp;<\/p>\n<p>&nbsp;<\/p>\n<p style=\"text-align: center;\"><a class=\"Button-primary\" href=\"https:\/\/explore.chatel.com\/en\/map?season=summer&amp;utm_source=ot&amp;utm_medium=website&amp;utm_campaign=nl-ik-ben-hier\" target=\"_blank\" rel=\"noopener\">Interactieve kaart<\/a><\/p>\n\n                                        <\/div>\n                                                                    <\/div>\n                            <\/div>\n                                                                <\/div>\n    <\/div>\n\n\n<div class=\"GutCol2  GutContainer\">\n        <div class=\"GutCol2-container\">\n\n            <div class=\"GutTitle Center\">\n                            <h2 class=\"GutTitle-title\">Tips en praktische informatie voor wandeltochten <\/h2>\n                    <\/div>\n\n                                                                                                        <div class=\"GutCol2-wrap GutCol2-blocTexte Left\">\n                                <div class=\"GutCol2-blocTexte--inner\">\n                                                                            <div class=\"GutTitle Left\">\n                                    <span class=\"GutTitle-subtitle\">Welke wandeling u ook kiest, we raden u aan:<\/span>\n            <\/div>\n                                                                                                                                                    <div class=\"GutCol2-text Content\">\n                                            <p>&#8211; Draag geschikt schoeisel en neem altijd mee: warme kleding, bij voorkeur waterdicht, voldoende water, zonnebril, zonnebrandcr\u00e8me en een kleine EHBO-kit.<br \/>\n&#8211; Ga niet alleen op pad.<br \/>\n&#8211; Informeer iemand die in de vallei woont over uw plannen.<br \/>\n&#8211; Wijzig de geplande route niet zomaar. Maar aarzel niet om de route in te korten als dat nodig is.<br \/>\n&#8211; Neem een kaart en zelfs een zaklamp mee.<br \/>\n&#8211; Controleer de weersvoorspelling voordat u vertrekt.<br \/>\n&#8211; Ga bij onweer zo snel mogelijk weg van bergkammen, passen en bergtoppen en schuil nooit onder een ge\u00efsoleerde boom.<\/p>\n<p>Let op: honden moeten aangelijnd zijn vanwege de aanwezigheid van kuddes en hun waakhonden.<\/p>\n<p>&nbsp;<\/p>\n<p>&nbsp;<\/p>\n\n                                        <\/div>\n                                                                    <\/div>\n                            <\/div>\n                                                                                                                        <div class=\"GutCol2-wrap GutCol2-blocTexte Right\">\n                                <div class=\"GutCol2-blocTexte--inner\">\n                                                                            <div class=\"GutTitle Left\">\n                                    <span class=\"GutTitle-subtitle\">Hoe zich te gedragen bij een ontmoeting met een waakhond?<\/span>\n            <\/div>\n                                                                                                                                                    <div class=\"GutCol2-text Content\">\n                                            <p>\u2666 Signaleer jezelf om de hond niet te verrassen (\u201challo hond!\u201d)<br \/>\n\u2666 Ga zo ver mogelijk rond de kudde zonder jezelf in gevaar te brengen.<br \/>\n\u2666 Als de hond nadert, stop dan of ga langzaam vooruit (maar niet rechtstreeks naar de hond toe), staar hem niet in de ogen en spreek hem rustig aan.<\/p>\n<p>\u2666 Met wandelstokken: houd ze in \u00e9\u00e9n hand en richt ze naar beneden. Vooral niet ermee zwaaien.<\/p>\n<p>\u2666 Met de fiets: stap zo snel mogelijk af en loop vooruit terwijl je je fiets duwt. Om jezelf gerust te stellen kun je de fiets tussen jou en de hond zetten.<\/p>\n<p>De hond zal terugkeren naar zijn kudde.<\/p>\n<p>&nbsp;<\/p>\n<p style=\"text-align: center;\"><a class=\"Button-primary\" href=\"https:\/\/www.pasto-kezako.fr\/mappatou\/\" target=\"_blank\" rel=\"noopener\">Bekijk waar de waakhonden zich bevinden (FR)<\/a><\/p>\n\n                                        <\/div>\n                                                                    <\/div>\n                            <\/div>\n                                                                <\/div>\n    <\/div>\n\n\n<div class=\"GutCol2  GutContainer\">\n        <div class=\"GutCol2-container\">\n\n            <div class=\"GutTitle Center\">\n                            <h2 class=\"GutTitle-title\">Reis gemakkelijk met de pendelbussen!<\/h2>\n                    <\/div>\n\n                                                                                                        <div class=\"GutCol2-wrap GutCol2-blocTexte Left\">\n                                <div class=\"GutCol2-blocTexte--inner\">\n                                                                                                                                                    <div class=\"GutCol2-text Content\">\n                                            <p><strong>Ook in de zomer rijden er gratis pendelbussen<\/strong> waarmee u zich door het dorp kunt verplaatsen of naar Pr\u00e9 la Joux kunt gaan, met vertrek vanaf de skiliften, naar het Bike Park, de bobsleebaan, het Bike Park First Wheel en de Fantasticable.<\/p>\n<p>De pendeldiensten naar het dorp en Pr\u00e9 la Joux rijden elke dag op vaste tijden. Ze bedienen de lijnen 1 en 2. <strong>De pendelbus naar Pr\u00e9 la Joux is uitgerust om mountainbikes te vervoeren.<\/strong><\/p>\n<p style=\"text-align: center;\"><a class=\"Button-primary\" href=\"https:\/\/www.chatel.com\/nl\/diensten\/chatel-pendeldiensten-chatel-ete\/\">Meer informatie<\/a><\/p>\n<p>&nbsp;<\/p>\n<p>U hoeft niet meer te wachten: <strong>volg de pendelbussen in realtime<\/strong> en bekijk de dienstregeling in een oogopslag <strong>door de Pysae-app<\/strong> te downloaden.<\/p>\n<p style=\"text-align: center;\"><a class=\"Button-secondary\" href=\"https:\/\/web.pysae.com\/download\" target=\"_blank\" rel=\"noopener\">Download de app<\/a><\/p>\n\n                                        <\/div>\n                                                                    <\/div>\n                            <\/div>\n                                                                                                                                                        <div class=\"GutCol2-wrap GutCol2-blocImage Right\">\n                                    <picture class=\"GutCol2-picture\">\n                                        <img decoding=\"async\" src=\"https:\/\/www.chatel.com\/content\/uploads\/2025\/10\/Navettes-664-x-480.jpg\"\n                                             alt=\"Navettes - 664 x 480\" \/>\n                                    <\/picture>\n                                                                    <\/div>\n                                                                                            <\/div>\n    <\/div>\n\n\n<div class=\"GutCol2  GutContainer\">\n        <div class=\"GutCol2-container\">\n\n            <div class=\"GutTitle Center\">\n                            <h2 class=\"GutTitle-title\">Reserveer uw tafel<\/h2>\n                    <\/div>\n\n                                                                                                                                        <div class=\"GutCol2-wrap GutCol2-blocImage Left\">\n                                    <picture class=\"GutCol2-picture\">\n                                        <img decoding=\"async\" src=\"https:\/\/www.chatel.com\/content\/uploads\/2025\/05\/Restaurants-hiver-570-x380.jpg\"\n                                             alt=\"Restaurants - hiver 570 x380\" \/>\n                                    <\/picture>\n                                                                    <\/div>\n                                                                                                                                                    <div class=\"GutCol2-wrap GutCol2-blocTexte Right\">\n                                <div class=\"GutCol2-blocTexte--inner\">\n                                                                                                                                                    <div class=\"GutCol2-text Content\">\n                                            <p>In Ch\u00e2tel vindt u talrijke restaurants die u graag verwelkomen.<\/p>\n<p><strong>Het is echter sterk aan te raden om van tevoren te reserveren om zeker te zijn van een plaats, vooral op vrijdagavond, wanneer restaurants vaak vol zitten.<\/strong><\/p>\n<p>&nbsp;<\/p>\n<p style=\"text-align: center;\"><a class=\"Button-primary\" href=\"https:\/\/www.chatel.com\/nl\/verblijven-in-zomer\/winkels-en-diensten-in-zomer\/de-restaurants\/\">Alle restaurants<\/a><\/p>\n\n                                        <\/div>\n                                                                    <\/div>\n                            <\/div>\n                                                                <\/div>\n    <\/div>\n","protected":false},"excerpt":{"rendered":"","protected":false},"author":3,"featured_media":0,"parent":14072,"menu_order":0,"comment_status":"closed","ping_status":"closed","template":"","meta":{"_acf_changed":false,"footnotes":""},"class_list":["post-87948","page","type-page","status-publish","hentry"],"acf":[],"_links":{"self":[{"href":"https:\/\/www.chatel.com\/nl\/wp-json\/wp\/v2\/pages\/87948","targetHints":{"allow":["GET"]}}],"collection":[{"href":"https:\/\/www.chatel.com\/nl\/wp-json\/wp\/v2\/pages"}],"about":[{"href":"https:\/\/www.chatel.com\/nl\/wp-json\/wp\/v2\/types\/page"}],"author":[{"embeddable":true,"href":"https:\/\/www.chatel.com\/nl\/wp-json\/wp\/v2\/users\/3"}],"replies":[{"embeddable":true,"href":"https:\/\/www.chatel.com\/nl\/wp-json\/wp\/v2\/comments?post=87948"}],"version-history":[{"count":2,"href":"https:\/\/www.chatel.com\/nl\/wp-json\/wp\/v2\/pages\/87948\/revisions"}],"predecessor-version":[{"id":88041,"href":"https:\/\/www.chatel.com\/nl\/wp-json\/wp\/v2\/pages\/87948\/revisions\/88041"}],"up":[{"embeddable":true,"href":"https:\/\/www.chatel.com\/nl\/wp-json\/wp\/v2\/pages\/14072"}],"wp:attachment":[{"href":"https:\/\/www.chatel.com\/nl\/wp-json\/wp\/v2\/media?parent=87948"}],"curies":[{"name":"wp","href":"https:\/\/api.w.org\/{rel}","templated":true}]}}